{"id":3118,"date":"2025-04-02T11:31:08","date_gmt":"2025-04-02T11:31:08","guid":{"rendered":"https:\/\/zapateriasperversa.com\/?page_id=3118"},"modified":"2025-06-23T20:22:47","modified_gmt":"2025-06-23T20:22:47","slug":"aviso-legal","status":"publish","type":"page","link":"https:\/\/katosines.com\/es\/aviso-legal\/","title":{"rendered":"Aviso Legal"},"content":{"rendered":"<div data-elementor-type=\"wp-page\" data-elementor-id=\"3118\" class=\"elementor elementor-3118\" data-elementor-post-type=\"page\">\n\t\t\t\t<div class=\"elementor-element elementor-element-47216532 e-flex e-con-boxed wpr-particle-no wpr-jarallax-no wpr-parallax-no wpr-sticky-section-no e-con e-parent\" data-id=\"47216532\" data-element_type=\"container\">\n\t\t\t\t\t<div class=\"e-con-inner\">\n\t\t\t\t<div class=\"elementor-element elementor-element-4965717a elementor-widget elementor-widget-text-editor\" data-id=\"4965717a\" data-element_type=\"widget\" data-widget_type=\"text-editor.default\">\n\t\t\t\t<div class=\"elementor-widget-container\">\n\t\t\t\t\t\t\t\t\t<h3 data-start=\"125\" data-end=\"151\">Bienvenido a Katosines<\/h3><p data-start=\"153\" data-end=\"266\">En esta secci\u00f3n encontrar\u00e1s toda la informaci\u00f3n relevante sobre nuestras pol\u00edticas y el uso de nuestro sitio web.<\/p><hr data-start=\"268\" data-end=\"271\" \/><h3 data-start=\"273\" data-end=\"296\">Informaci\u00f3n General<\/h3><p data-start=\"298\" data-end=\"472\"><strong data-start=\"298\" data-end=\"311\">Katosines<\/strong> es un espacio dedicado a ofrecerte productos originales, pr\u00e1cticos y sorprendentes, siempre con un firme compromiso con la calidad y la experiencia del cliente.<\/p><hr data-start=\"474\" data-end=\"477\" \/><h3 data-start=\"479\" data-end=\"504\">Propiedad Intelectual<\/h3><p data-start=\"506\" data-end=\"778\">Todos los contenidos presentes en este sitio web (textos, im\u00e1genes, logotipos, dise\u00f1os, c\u00f3digo, etc.) est\u00e1n protegidos por derechos de propiedad intelectual e industrial. Queda prohibida su reproducci\u00f3n, distribuci\u00f3n o uso sin autorizaci\u00f3n expresa por escrito del titular.<\/p><hr data-start=\"780\" data-end=\"783\" \/><h3 data-start=\"785\" data-end=\"808\">Protecci\u00f3n de Datos<\/h3><p data-start=\"810\" data-end=\"1051\">En <strong data-start=\"813\" data-end=\"826\">Katosines<\/strong> nos tomamos muy en serio tu privacidad. Tratamos tus datos personales de forma confidencial y conforme a la legislaci\u00f3n vigente en materia de protecci\u00f3n de datos. Para m\u00e1s detalles, consulta nuestra [Pol\u00edtica de Privacidad].<\/p><hr data-start=\"1053\" data-end=\"1056\" \/><h3 data-start=\"1058\" data-end=\"1091\">Limitaci\u00f3n de Responsabilidad<\/h3><p data-start=\"1093\" data-end=\"1312\">Trabajamos para que la informaci\u00f3n contenida en este sitio sea precisa y est\u00e9 actualizada. No obstante, no podemos garantizar la disponibilidad continua del sitio ni la inexistencia de errores u omisiones involuntarias.<\/p><hr data-start=\"1314\" data-end=\"1317\" \/><h3 data-start=\"1319\" data-end=\"1331\">Contacto<\/h3><p data-start=\"1333\" data-end=\"1522\">Si tienes cualquier duda sobre este aviso legal o necesitas ayuda con algo relacionado con nuestro sitio, no dudes en ponerte en contacto con nosotros.<br data-start=\"1484\" data-end=\"1487\" \/><strong data-start=\"1487\" data-end=\"1519\">\u00a1Estamos aqu\u00ed para ayudarte!<\/strong> \ud83d\ude0a<\/p><hr data-start=\"1524\" data-end=\"1527\" \/><p data-start=\"1529\" data-end=\"1567\"><strong data-start=\"1529\" data-end=\"1567\">\u00a1Gracias por confiar en Katosines!<\/strong><\/p>\t\t\t\t\t\t\t\t<\/div>\n\t\t\t\t<\/div>\n\t\t\t\t\t<\/div>\n\t\t\t\t<\/div>\n\t\t\t\t<\/div>","protected":false},"excerpt":{"rendered":"<p>Bienvenido a Katosines En esta secci\u00f3n encontrar\u00e1s toda la informaci\u00f3n relevante sobre nuestras pol\u00edticas y el uso de nuestro sitio web. Informaci\u00f3n General Katosines es un espacio dedicado a ofrecerte productos originales, pr\u00e1cticos y sorprendentes, siempre con un firme compromiso con la calidad y la experiencia del cliente. Propiedad Intelectual Todos los contenidos presentes en este sitio web (textos, im\u00e1genes, logotipos, dise\u00f1os, c\u00f3digo, etc.) est\u00e1n protegidos por derechos de propiedad intelectual e industrial. Queda prohibida su reproducci\u00f3n, distribuci\u00f3n o uso sin autorizaci\u00f3n expresa por escrito del titular. Protecci\u00f3n de Datos En Katosines nos tomamos muy en serio tu privacidad. Tratamos tus datos personales de forma confidencial y conforme a la legislaci\u00f3n vigente en materia de protecci\u00f3n de datos. Para m\u00e1s detalles, consulta nuestra [Pol\u00edtica de Privacidad]. Limitaci\u00f3n de Responsabilidad Trabajamos para que la informaci\u00f3n contenida en este sitio sea precisa y est\u00e9 actualizada. No obstante, no podemos garantizar la disponibilidad continua del sitio ni la inexistencia de errores u omisiones involuntarias. Contacto Si tienes cualquier duda sobre este aviso legal o necesitas ayuda con algo relacionado con nuestro sitio, no dudes en ponerte en contacto con nosotros.\u00a1Estamos aqu\u00ed para ayudarte! \ud83d\ude0a \u00a1Gracias por confiar en Katosines!<\/p>","protected":false},"author":1,"featured_media":0,"parent":0,"menu_order":0,"comment_status":"closed","ping_status":"closed","template":"","meta":{"footnotes":""},"class_list":["post-3118","page","type-page","status-publish","hentry"],"_links":{"self":[{"href":"https:\/\/katosines.com\/es\/wp-json\/wp\/v2\/pages\/3118","targetHints":{"allow":["GET"]}}],"collection":[{"href":"https:\/\/katosines.com\/es\/wp-json\/wp\/v2\/pages"}],"about":[{"href":"https:\/\/katosines.com\/es\/wp-json\/wp\/v2\/types\/page"}],"author":[{"embeddable":true,"href":"https:\/\/katosines.com\/es\/wp-json\/wp\/v2\/users\/1"}],"replies":[{"embeddable":true,"href":"https:\/\/katosines.com\/es\/wp-json\/wp\/v2\/comments?post=3118"}],"version-history":[{"count":11,"href":"https:\/\/katosines.com\/es\/wp-json\/wp\/v2\/pages\/3118\/revisions"}],"predecessor-version":[{"id":4784,"href":"https:\/\/katosines.com\/es\/wp-json\/wp\/v2\/pages\/3118\/revisions\/4784"}],"wp:attachment":[{"href":"https:\/\/katosines.com\/es\/wp-json\/wp\/v2\/media?parent=3118"}],"curies":[{"name":"wp","href":"https:\/\/api.w.org\/{rel}","templated":true}]}}