{"id":3141,"date":"2025-04-02T11:28:32","date_gmt":"2025-04-02T11:28:32","guid":{"rendered":"https:\/\/zapateriasperversa.com\/?page_id=3141"},"modified":"2025-08-18T16:27:53","modified_gmt":"2025-08-18T16:27:53","slug":"politica-de-devoluciones","status":"publish","type":"page","link":"https:\/\/katosines.com\/es\/politica-de-devoluciones\/","title":{"rendered":"Pol\u00edtica de Devoluciones"},"content":{"rendered":"<div data-elementor-type=\"wp-page\" data-elementor-id=\"3141\" class=\"elementor elementor-3141\" data-elementor-post-type=\"page\">\n\t\t\t\t<div class=\"elementor-element elementor-element-77cebe9b e-flex e-con-boxed wpr-particle-no wpr-jarallax-no wpr-parallax-no wpr-sticky-section-no e-con e-parent\" data-id=\"77cebe9b\" data-element_type=\"container\">\n\t\t\t\t\t<div class=\"e-con-inner\">\n\t\t\t\t<div class=\"elementor-element elementor-element-52a536e4 elementor-widget elementor-widget-text-editor\" data-id=\"52a536e4\" data-element_type=\"widget\" data-widget_type=\"text-editor.default\">\n\t\t\t\t<div class=\"elementor-widget-container\">\n\t\t\t\t\t\t\t\t\t<h3 data-start=\"286\" data-end=\"320\">\u2705 Cambios y devoluciones<\/h3><p style=\"font-weight: 400;\">Las devoluciones y los cambios se realizan en el plazo m\u00e1ximo de 15 d\u00edas desde que recibe el producto.<\/p><p style=\"font-weight: 400;\">\u00a0<\/p><p style=\"font-weight: 400;\">Nos reservamos el derecho de no asumir la devoluci\u00f3n del importe \u00edntegro en el caso de que los zapatos hayan sido devueltos sin protecci\u00f3n exterior alguna (una bolsa de pl\u00e1stico, una caja de cart\u00f3n m\u00e1s grande o un sobre burbujas), pegando la etiqueta directamente sobre la caja original.<\/p><p style=\"font-weight: 400;\">\u00a0<\/p><p style=\"font-weight: 400;\">Deber\u00e1n limpiar la suela del producto con una toallita o similar para dejarlo impecable e incluir el papel separador en el interior de la caja.<\/p><p style=\"font-weight: 400;\">Le recomendamos probar el producto en casa en suelos no abrasivos y limpios ya que los productos usados no se podr\u00e1n devolver ni cambiar.<\/p><p style=\"font-weight: 400;\">\u00a0<\/p><p style=\"font-weight: 400;\">Se considerar\u00e1 un par usado si la suela tiene alg\u00fan tipo de desgaste, la plantilla interior est\u00e1 manchada o tiene muchas arrugas en el empeine.<\/p><h3 data-start=\"410\" data-end=\"445\">\ud83d\udd04 Cambio de producto o talla<\/h3><p data-start=\"446\" data-end=\"558\">Si deseas cambiar la talla o el producto por otro modelo, se aplicar\u00e1 un coste de 4,50<strong data-start=\"528\" data-end=\"535\">\u00a0\u20ac<\/strong> en concepto de portes.<\/p><p data-start=\"560\" data-end=\"713\">Queremos que est\u00e9s <strong data-start=\"579\" data-end=\"608\">100% feliz con tu compra.<\/strong> \ud83c\udf1f Si necesitas m\u00e1s informaci\u00f3n o asistencia, no dudes en <strong data-start=\"667\" data-end=\"683\">contactarnos<\/strong>. \u00a1Estamos aqu\u00ed para ayudarte!<\/p><p data-start=\"715\" data-end=\"753\"><strong data-start=\"715\" data-end=\"753\">\u00a1Gracias por confiar en Katosines!<\/strong><\/p>\t\t\t\t\t\t\t\t<\/div>\n\t\t\t\t<\/div>\n\t\t\t\t\t<\/div>\n\t\t\t\t<\/div>\n\t\t\t\t<\/div>","protected":false},"excerpt":{"rendered":"<p>\u2705 Cambios y devoluciones Las devoluciones y los cambios se realizan en el plazo m\u00e1ximo de 15 d\u00edas desde que recibe el producto. \u00a0 Nos reservamos el derecho de no asumir la devoluci\u00f3n del importe \u00edntegro en el caso de que los zapatos hayan sido devueltos sin protecci\u00f3n exterior alguna (una bolsa de pl\u00e1stico, una caja de cart\u00f3n m\u00e1s grande o un sobre burbujas), pegando la etiqueta directamente sobre la caja original. \u00a0 Deber\u00e1n limpiar la suela del producto con una toallita o similar para dejarlo impecable e incluir el papel separador en el interior de la caja. Le recomendamos probar el producto en casa en suelos no abrasivos y limpios ya que los productos usados no se podr\u00e1n devolver ni cambiar. \u00a0 Se considerar\u00e1 un par usado si la suela tiene alg\u00fan tipo de desgaste, la plantilla interior est\u00e1 manchada o tiene muchas arrugas en el empeine. \ud83d\udd04 Cambio de producto o talla Si deseas cambiar la talla o el producto por otro modelo, se aplicar\u00e1 un coste de 4,50\u00a0\u20ac en concepto de portes. Queremos que est\u00e9s 100% feliz con tu compra. \ud83c\udf1f Si necesitas m\u00e1s informaci\u00f3n o asistencia, no dudes en contactarnos. \u00a1Estamos aqu\u00ed para ayudarte! \u00a1Gracias por confiar en Katosines!<\/p>","protected":false},"author":1,"featured_media":0,"parent":0,"menu_order":0,"comment_status":"closed","ping_status":"closed","template":"","meta":{"footnotes":""},"class_list":["post-3141","page","type-page","status-publish","hentry"],"_links":{"self":[{"href":"https:\/\/katosines.com\/es\/wp-json\/wp\/v2\/pages\/3141","targetHints":{"allow":["GET"]}}],"collection":[{"href":"https:\/\/katosines.com\/es\/wp-json\/wp\/v2\/pages"}],"about":[{"href":"https:\/\/katosines.com\/es\/wp-json\/wp\/v2\/types\/page"}],"author":[{"embeddable":true,"href":"https:\/\/katosines.com\/es\/wp-json\/wp\/v2\/users\/1"}],"replies":[{"embeddable":true,"href":"https:\/\/katosines.com\/es\/wp-json\/wp\/v2\/comments?post=3141"}],"version-history":[{"count":15,"href":"https:\/\/katosines.com\/es\/wp-json\/wp\/v2\/pages\/3141\/revisions"}],"predecessor-version":[{"id":5257,"href":"https:\/\/katosines.com\/es\/wp-json\/wp\/v2\/pages\/3141\/revisions\/5257"}],"wp:attachment":[{"href":"https:\/\/katosines.com\/es\/wp-json\/wp\/v2\/media?parent=3141"}],"curies":[{"name":"wp","href":"https:\/\/api.w.org\/{rel}","templated":true}]}}