{"id":11393,"date":"2025-10-19T09:16:25","date_gmt":"2025-10-19T09:16:25","guid":{"rendered":"https:\/\/katosines.com\/?post_type=product&#038;p=11393"},"modified":"2025-10-19T09:16:25","modified_gmt":"2025-10-19T09:16:25","slug":"zapatos-de-salon-de-mujer-en-piel-con-tacon-medio-plantilla-gel-hecho-en-espana-tallas-35-a-41-modelo-4240-chamby","status":"publish","type":"product","link":"https:\/\/katosines.com\/es\/producto\/zapatos-de-salon-de-mujer-en-piel-con-tacon-medio-plantilla-gel-hecho-en-espana-tallas-35-a-41-modelo-4240-chamby\/","title":{"rendered":"Zapatos de sal\u00f3n de mujer en piel con tac\u00f3n medio plantilla Gel Hecho en Espa\u00f1a Tallas 35 a 41 Modelo 4240 Chamby"},"content":{"rendered":"<p>-ALTURA DEL TACON (CM.): 6.5<br \/>\n-MATERIAL EXTERIOR- CORTE: Piel<br \/>\n-PLANTILLA: Piel-Gel<br \/>\n-MATERIAL INTERIOR-FORRO : Textil<br \/>\n-PISO-SUELA: Sint\u00e9tico<\/p>","protected":false},"excerpt":{"rendered":"<p>-ALTURA DEL TACON (CM.): 6.5 -MATERIAL EXTERIOR- CORTE: Piel -PLANTILLA: Piel-Gel -MATERIAL INTERIOR-FORRO : Textil -PISO-SUELA: Sint\u00e9tico<\/p>","protected":false},"featured_media":11411,"comment_status":"open","ping_status":"closed","template":"","meta":[],"product_brand":[247],"product_cat":[106,141,114,45],"product_tag":[],"class_list":{"0":"post-11393","1":"product","2":"type-product","3":"status-publish","4":"has-post-thumbnail","6":"product_brand-chamby","7":"product_cat-zapatos-mujer","8":"product_cat-chamby","9":"product_cat-marcas","10":"product_cat-mujer","12":"first","13":"instock","14":"shipping-taxable","15":"purchasable","16":"product-type-variable"},"_links":{"self":[{"href":"https:\/\/katosines.com\/es\/wp-json\/wp\/v2\/product\/11393","targetHints":{"allow":["GET"]}}],"collection":[{"href":"https:\/\/katosines.com\/es\/wp-json\/wp\/v2\/product"}],"about":[{"href":"https:\/\/katosines.com\/es\/wp-json\/wp\/v2\/types\/product"}],"replies":[{"embeddable":true,"href":"https:\/\/katosines.com\/es\/wp-json\/wp\/v2\/comments?post=11393"}],"wp:featuredmedia":[{"embeddable":true,"href":"https:\/\/katosines.com\/es\/wp-json\/wp\/v2\/media\/11411"}],"wp:attachment":[{"href":"https:\/\/katosines.com\/es\/wp-json\/wp\/v2\/media?parent=11393"}],"wp:term":[{"taxonomy":"product_brand","embeddable":true,"href":"https:\/\/katosines.com\/es\/wp-json\/wp\/v2\/product_brand?post=11393"},{"taxonomy":"product_cat","embeddable":true,"href":"https:\/\/katosines.com\/es\/wp-json\/wp\/v2\/product_cat?post=11393"},{"taxonomy":"product_tag","embeddable":true,"href":"https:\/\/katosines.com\/es\/wp-json\/wp\/v2\/product_tag?post=11393"}],"curies":[{"name":"wp","href":"https:\/\/api.w.org\/{rel}","templated":true}]}}