{"id":11508,"date":"2025-10-19T09:54:41","date_gmt":"2025-10-19T09:54:41","guid":{"rendered":"https:\/\/katosines.com\/?post_type=product&#038;p=11508"},"modified":"2025-12-05T11:52:44","modified_gmt":"2025-12-05T11:52:44","slug":"pijama-real-madrid-de-manga-larga-para-hombre-color-blanco-y-negro-real-madrid","status":"publish","type":"product","link":"https:\/\/katosines.com\/es\/producto\/pijama-real-madrid-de-manga-larga-para-hombre-color-blanco-y-negro-real-madrid\/","title":{"rendered":"Pijama Real Madrid de manga larga para hombre color blanco y negro Real Madrid"},"content":{"rendered":"<article class=\"4ever-article\" data-clipboard-cangjie=\"[&quot;root&quot;,{&quot;copyFrom&quot;:1821447655},[&quot;p&quot;,{&quot;jc&quot;:&quot;left&quot;,&quot;ind&quot;:{},&quot;spacing&quot;:{}},[&quot;span&quot;,{&quot;data-type&quot;:&quot;text&quot;},[&quot;span&quot;,{&quot;data-type&quot;:&quot;leaf&quot;},&quot;Pijama infantil del Real Madrid, disponible desde 4 hasta 14 a\u00f1os. Incluye camiseta de manga larga azul con escudo oficial y pantal\u00f3n largo azul marino. Comodidad y estilo para los peque\u00f1os aficionados.&quot;]]],[&quot;p&quot;,{&quot;jc&quot;:&quot;left&quot;,&quot;ind&quot;:{},&quot;spacing&quot;:{}},[&quot;span&quot;,{&quot;data-type&quot;:&quot;text&quot;},[&quot;span&quot;,{&quot;data-type&quot;:&quot;leaf&quot;},&quot;&quot;]]],[&quot;p&quot;,{&quot;jc&quot;:&quot;left&quot;,&quot;ind&quot;:{},&quot;spacing&quot;:{}},[&quot;span&quot;,{&quot;data-type&quot;:&quot;text&quot;},[&quot;span&quot;,{&quot;data-type&quot;:&quot;leaf&quot;},&quot;Material: Coralina&quot;]]]]\">\n<article class=\"4ever-article\" data-clipboard-cangjie=\"[&quot;root&quot;,{&quot;copyFrom&quot;:1821447655},[&quot;p&quot;,{&quot;jc&quot;:&quot;left&quot;,&quot;ind&quot;:{},&quot;spacing&quot;:{}},[&quot;span&quot;,{&quot;data-type&quot;:&quot;text&quot;},[&quot;span&quot;,{&quot;data-type&quot;:&quot;leaf&quot;},&quot;Pijama de manga larga para ni\u00f1o con dise\u00f1o oficial del Real Madrid. Incluye camiseta azul con escudo bordado y pantal\u00f3n largo azul marino. Ideal para invierno y para los peque\u00f1os madridistas.&quot;]]],[&quot;p&quot;,{&quot;jc&quot;:&quot;left&quot;,&quot;ind&quot;:{},&quot;spacing&quot;:{}},[&quot;span&quot;,{&quot;data-type&quot;:&quot;text&quot;},[&quot;span&quot;,{&quot;data-type&quot;:&quot;leaf&quot;},&quot;Material: Coralina&quot;]]],[&quot;p&quot;,{&quot;jc&quot;:&quot;left&quot;,&quot;ind&quot;:{},&quot;spacing&quot;:{}},[&quot;span&quot;,{&quot;data-type&quot;:&quot;text&quot;},[&quot;span&quot;,{&quot;data-type&quot;:&quot;leaf&quot;},&quot;&quot;]]],[&quot;p&quot;,{&quot;jc&quot;:&quot;left&quot;,&quot;ind&quot;:{},&quot;spacing&quot;:{}},[&quot;span&quot;,{&quot;data-type&quot;:&quot;text&quot;},[&quot;span&quot;,{&quot;data-type&quot;:&quot;leaf&quot;},&quot;Compra tambi\u00e9n las zapatillas a juego.&quot;]]]]\">Pijama de manga larga para con dise\u00f1o oficial del Real Madrid. Incluye camiseta azul con escudo bordado y pantal\u00f3n largo azul marino. Ideal para invierno y para los peque\u00f1os madridistas.Material:\u00a0CoralinaCompra\u00a0tambi\u00e9n\u00a0las\u00a0zapatillas\u00a0a\u00a0juego.<\/article>\n<p><img fetchpriority=\"high\" decoding=\"async\" class=\"alignnone size-medium wp-image-11515\" src=\"https:\/\/katosines.com\/wp-content\/uploads\/2025\/10\/PIJAMA-REAL-MADRID-1-300x200.jpg\" alt=\"\" width=\"300\" height=\"200\" title=\"\" srcset=\"https:\/\/katosines.com\/wp-content\/uploads\/2025\/10\/PIJAMA-REAL-MADRID-1-300x200.jpg 300w, https:\/\/katosines.com\/wp-content\/uploads\/2025\/10\/PIJAMA-REAL-MADRID-1-768x512.jpg 768w, https:\/\/katosines.com\/wp-content\/uploads\/2025\/10\/PIJAMA-REAL-MADRID-1-18x12.jpg 18w, https:\/\/katosines.com\/wp-content\/uploads\/2025\/10\/PIJAMA-REAL-MADRID-1-600x400.jpg 600w, https:\/\/katosines.com\/wp-content\/uploads\/2025\/10\/PIJAMA-REAL-MADRID-1.jpg 800w\" sizes=\"(max-width: 300px) 100vw, 300px\" \/><\/p>\n<\/article>","protected":false},"excerpt":{"rendered":"<p>Pijama de manga larga para con dise\u00f1o oficial del Real Madrid. Incluye camiseta azul con escudo bordado y pantal\u00f3n largo azul marino. Ideal para invierno y para los peque\u00f1os madridistas.Material:\u00a0CoralinaCompra\u00a0tambi\u00e9n\u00a0las\u00a0zapatillas\u00a0a\u00a0juego.<\/p>","protected":false},"featured_media":11515,"comment_status":"open","ping_status":"closed","template":"","meta":[],"product_brand":[267],"product_cat":[343,155,44],"product_tag":[],"class_list":{"0":"post-11508","1":"product","2":"type-product","3":"status-publish","4":"has-post-thumbnail","6":"product_brand-real-madrid","7":"product_cat-pijamas-hombre","8":"product_cat-real-madrid","9":"product_cat-hombre","11":"first","12":"instock","13":"shipping-taxable","14":"purchasable","15":"product-type-variable"},"_links":{"self":[{"href":"https:\/\/katosines.com\/es\/wp-json\/wp\/v2\/product\/11508","targetHints":{"allow":["GET"]}}],"collection":[{"href":"https:\/\/katosines.com\/es\/wp-json\/wp\/v2\/product"}],"about":[{"href":"https:\/\/katosines.com\/es\/wp-json\/wp\/v2\/types\/product"}],"replies":[{"embeddable":true,"href":"https:\/\/katosines.com\/es\/wp-json\/wp\/v2\/comments?post=11508"}],"wp:featuredmedia":[{"embeddable":true,"href":"https:\/\/katosines.com\/es\/wp-json\/wp\/v2\/media\/11515"}],"wp:attachment":[{"href":"https:\/\/katosines.com\/es\/wp-json\/wp\/v2\/media?parent=11508"}],"wp:term":[{"taxonomy":"product_brand","embeddable":true,"href":"https:\/\/katosines.com\/es\/wp-json\/wp\/v2\/product_brand?post=11508"},{"taxonomy":"product_cat","embeddable":true,"href":"https:\/\/katosines.com\/es\/wp-json\/wp\/v2\/product_cat?post=11508"},{"taxonomy":"product_tag","embeddable":true,"href":"https:\/\/katosines.com\/es\/wp-json\/wp\/v2\/product_tag?post=11508"}],"curies":[{"name":"wp","href":"https:\/\/api.w.org\/{rel}","templated":true}]}}