{"id":11567,"date":"2025-10-19T10:09:45","date_gmt":"2025-10-19T10:09:45","guid":{"rendered":"https:\/\/katosines.com\/?post_type=product&#038;p=11567"},"modified":"2025-12-05T11:52:15","modified_gmt":"2025-12-05T11:52:15","slug":"pijama-real-madrid-de-manga-larga-para-nino-y-nina-tallas-4-a-14-anos-real-madrid","status":"publish","type":"product","link":"https:\/\/katosines.com\/es\/producto\/pijama-real-madrid-de-manga-larga-para-nino-y-nina-tallas-4-a-14-anos-real-madrid\/","title":{"rendered":"Pijama Real Madrid de manga larga para ni\u00f1o y ni\u00f1a Tallas 4 a 14 a\u00f1os Real Madrid"},"content":{"rendered":"<article class=\"4ever-article\" data-clipboard-cangjie=\"[&quot;root&quot;,{&quot;copyFrom&quot;:1821447655},[&quot;p&quot;,{&quot;jc&quot;:&quot;left&quot;,&quot;ind&quot;:{},&quot;spacing&quot;:{}},[&quot;span&quot;,{&quot;data-type&quot;:&quot;text&quot;},[&quot;span&quot;,{&quot;data-type&quot;:&quot;leaf&quot;},&quot;Pijama infantil del Real Madrid, disponible desde 4 hasta 14 a\u00f1os. Incluye camiseta de manga larga azul con escudo oficial y pantal\u00f3n largo azul marino. Comodidad y estilo para los peque\u00f1os aficionados.&quot;]]],[&quot;p&quot;,{&quot;jc&quot;:&quot;left&quot;,&quot;ind&quot;:{},&quot;spacing&quot;:{}},[&quot;span&quot;,{&quot;data-type&quot;:&quot;text&quot;},[&quot;span&quot;,{&quot;data-type&quot;:&quot;leaf&quot;},&quot;&quot;]]],[&quot;p&quot;,{&quot;jc&quot;:&quot;left&quot;,&quot;ind&quot;:{},&quot;spacing&quot;:{}},[&quot;span&quot;,{&quot;data-type&quot;:&quot;text&quot;},[&quot;span&quot;,{&quot;data-type&quot;:&quot;leaf&quot;},&quot;Material: Coralina&quot;]]]]\">Pijama infantil del Real Madrid, disponible desde 4 hasta 14 a\u00f1os. Incluye camiseta de manga larga azul con escudo oficial y pantal\u00f3n largo azul marino. Comodidad y estilo para los peque\u00f1os aficionados.Material: Coralina<br \/>\n<img fetchpriority=\"high\" decoding=\"async\" class=\"alignnone size-medium wp-image-11515\" src=\"https:\/\/katosines.com\/wp-content\/uploads\/2025\/10\/PIJAMA-REAL-MADRID-1-300x200.jpg\" alt=\"\" width=\"300\" height=\"200\" title=\"\" srcset=\"https:\/\/katosines.com\/wp-content\/uploads\/2025\/10\/PIJAMA-REAL-MADRID-1-300x200.jpg 300w, https:\/\/katosines.com\/wp-content\/uploads\/2025\/10\/PIJAMA-REAL-MADRID-1-768x512.jpg 768w, https:\/\/katosines.com\/wp-content\/uploads\/2025\/10\/PIJAMA-REAL-MADRID-1-18x12.jpg 18w, https:\/\/katosines.com\/wp-content\/uploads\/2025\/10\/PIJAMA-REAL-MADRID-1-600x400.jpg 600w, https:\/\/katosines.com\/wp-content\/uploads\/2025\/10\/PIJAMA-REAL-MADRID-1.jpg 800w\" sizes=\"(max-width: 300px) 100vw, 300px\" \/><img decoding=\"async\" class=\"alignnone size-medium wp-image-11514\" src=\"https:\/\/katosines.com\/wp-content\/uploads\/2025\/10\/PIJAMA-REAL-MADRID-2-1-300x200.jpg\" alt=\"\" width=\"300\" height=\"200\" title=\"\" srcset=\"https:\/\/katosines.com\/wp-content\/uploads\/2025\/10\/PIJAMA-REAL-MADRID-2-1-300x200.jpg 300w, https:\/\/katosines.com\/wp-content\/uploads\/2025\/10\/PIJAMA-REAL-MADRID-2-1-768x512.jpg 768w, https:\/\/katosines.com\/wp-content\/uploads\/2025\/10\/PIJAMA-REAL-MADRID-2-1-18x12.jpg 18w, https:\/\/katosines.com\/wp-content\/uploads\/2025\/10\/PIJAMA-REAL-MADRID-2-1-600x400.jpg 600w, https:\/\/katosines.com\/wp-content\/uploads\/2025\/10\/PIJAMA-REAL-MADRID-2-1.jpg 800w\" sizes=\"(max-width: 300px) 100vw, 300px\" \/><\/article>","protected":false},"excerpt":{"rendered":"<p>Pijama infantil del Real Madrid, disponible desde 4 hasta 14 a\u00f1os. Incluye camiseta de manga larga azul con escudo oficial y pantal\u00f3n largo azul marino. Comodidad y estilo para los peque\u00f1os aficionados.Material: Coralina<\/p>","protected":false},"featured_media":11514,"comment_status":"open","ping_status":"closed","template":"","meta":[],"product_brand":[267],"product_cat":[351,88,352,155,15],"product_tag":[],"class_list":{"0":"post-11567","1":"product","2":"type-product","3":"status-publish","4":"has-post-thumbnail","6":"product_brand-real-madrid","7":"product_cat-pijamas-uncategorized","8":"product_cat-nina","9":"product_cat-pijamas-nina","10":"product_cat-real-madrid","11":"product_cat-uncategorized","13":"first","14":"instock","15":"shipping-taxable","16":"purchasable","17":"product-type-variable"},"_links":{"self":[{"href":"https:\/\/katosines.com\/es\/wp-json\/wp\/v2\/product\/11567","targetHints":{"allow":["GET"]}}],"collection":[{"href":"https:\/\/katosines.com\/es\/wp-json\/wp\/v2\/product"}],"about":[{"href":"https:\/\/katosines.com\/es\/wp-json\/wp\/v2\/types\/product"}],"replies":[{"embeddable":true,"href":"https:\/\/katosines.com\/es\/wp-json\/wp\/v2\/comments?post=11567"}],"wp:featuredmedia":[{"embeddable":true,"href":"https:\/\/katosines.com\/es\/wp-json\/wp\/v2\/media\/11514"}],"wp:attachment":[{"href":"https:\/\/katosines.com\/es\/wp-json\/wp\/v2\/media?parent=11567"}],"wp:term":[{"taxonomy":"product_brand","embeddable":true,"href":"https:\/\/katosines.com\/es\/wp-json\/wp\/v2\/product_brand?post=11567"},{"taxonomy":"product_cat","embeddable":true,"href":"https:\/\/katosines.com\/es\/wp-json\/wp\/v2\/product_cat?post=11567"},{"taxonomy":"product_tag","embeddable":true,"href":"https:\/\/katosines.com\/es\/wp-json\/wp\/v2\/product_tag?post=11567"}],"curies":[{"name":"wp","href":"https:\/\/api.w.org\/{rel}","templated":true}]}}