{"id":11734,"date":"2025-10-19T12:24:52","date_gmt":"2025-10-19T12:24:52","guid":{"rendered":"https:\/\/katosines.com\/?post_type=product&#038;p=11734"},"modified":"2025-10-19T12:24:52","modified_gmt":"2025-10-19T12:24:52","slug":"zapatillas-de-casa-fc-barcelona-para-hombre-mujer-y-nino-tallas-30-a-46-barca","status":"publish","type":"product","link":"https:\/\/katosines.com\/es\/producto\/zapatillas-de-casa-fc-barcelona-para-hombre-mujer-y-nino-tallas-30-a-46-barca\/","title":{"rendered":"Zapatillas de casa FC Barcelona para hombre, mujer y ni\u00f1o Tallas 30 a 46 Bar\u00e7a"},"content":{"rendered":"<p>Demuestra tu pasi\u00f3n por el Bar\u00e7a tambi\u00e9n en casa con estas zapatillas de casa del FC Barcelona.<\/p>\n<p>Fabricadas en material suave y agradable al tacto, combinan los colores azul y granate caracter\u00edsticos del club y el escudo oficial en la parte superior.<\/p>\n<p>Su dise\u00f1o abierto en el tal\u00f3n facilita el calce, mientras que la suela antideslizante ofrece estabilidad y seguridad en cada paso.<\/p>\n<p>Perfectas para el invierno y para quienes disfrutan de la comodidad con estilo futbolero.<\/p>","protected":false},"excerpt":{"rendered":"<p>Demuestra tu pasi\u00f3n por el Bar\u00e7a tambi\u00e9n en casa con estas zapatillas de casa del FC Barcelona. Fabricadas en material suave y agradable al tacto, combinan los colores azul y granate caracter\u00edsticos del club y el escudo oficial en la parte superior. Su dise\u00f1o abierto en el tal\u00f3n facilita el calce, mientras que la suela antideslizante ofrece estabilidad y seguridad en cada paso. Perfectas para el invierno y para quienes disfrutan de la comodidad con estilo futbolero.<\/p>","protected":false},"featured_media":11744,"comment_status":"open","ping_status":"closed","template":"","meta":[],"product_brand":[354],"product_cat":[131,355,88,132,135,136,15,44,45],"product_tag":[],"class_list":{"0":"post-11734","1":"product","2":"type-product","3":"status-publish","4":"has-post-thumbnail","6":"product_brand-barca","7":"product_cat-zapatillas-de-casa","8":"product_cat-barca","9":"product_cat-nina","10":"product_cat-zapatillas-de-casa-nina","11":"product_cat-zapatillas-de-casa-uncategorized","12":"product_cat-zapatillas-de-casa-hombre","13":"product_cat-uncategorized","14":"product_cat-hombre","15":"product_cat-mujer","17":"first","18":"instock","19":"shipping-taxable","20":"purchasable","21":"product-type-variable"},"_links":{"self":[{"href":"https:\/\/katosines.com\/es\/wp-json\/wp\/v2\/product\/11734","targetHints":{"allow":["GET"]}}],"collection":[{"href":"https:\/\/katosines.com\/es\/wp-json\/wp\/v2\/product"}],"about":[{"href":"https:\/\/katosines.com\/es\/wp-json\/wp\/v2\/types\/product"}],"replies":[{"embeddable":true,"href":"https:\/\/katosines.com\/es\/wp-json\/wp\/v2\/comments?post=11734"}],"wp:featuredmedia":[{"embeddable":true,"href":"https:\/\/katosines.com\/es\/wp-json\/wp\/v2\/media\/11744"}],"wp:attachment":[{"href":"https:\/\/katosines.com\/es\/wp-json\/wp\/v2\/media?parent=11734"}],"wp:term":[{"taxonomy":"product_brand","embeddable":true,"href":"https:\/\/katosines.com\/es\/wp-json\/wp\/v2\/product_brand?post=11734"},{"taxonomy":"product_cat","embeddable":true,"href":"https:\/\/katosines.com\/es\/wp-json\/wp\/v2\/product_cat?post=11734"},{"taxonomy":"product_tag","embeddable":true,"href":"https:\/\/katosines.com\/es\/wp-json\/wp\/v2\/product_tag?post=11734"}],"curies":[{"name":"wp","href":"https:\/\/api.w.org\/{rel}","templated":true}]}}