{"id":11787,"date":"2025-10-20T14:43:43","date_gmt":"2025-10-20T14:43:43","guid":{"rendered":"https:\/\/katosines.com\/?post_type=product&#038;p=11787"},"modified":"2025-11-10T07:48:04","modified_gmt":"2025-11-10T07:48:04","slug":"zapatillas-respetuosas-infantiles-barefoot-flexible-tallas-21-a-30-modelo-c1195-bubble","status":"publish","type":"product","link":"https:\/\/katosines.com\/es\/producto\/zapatillas-respetuosas-infantiles-barefoot-flexible-tallas-21-a-30-modelo-c1195-bubble\/","title":{"rendered":"Zapatillas respetuosas infantiles barefoot flexible Tallas 21 a 30 Modelo C1195 Bubble"},"content":{"rendered":"<p data-spm-anchor-id=\"euspain.pdp.description.i0.8a50973eSZLtx7\">Las zapatillas respetuosas de bubble est\u00e1n dise\u00f1adas para acompa\u00f1ar el desarrollo natural del pie en beb\u00e9s y ni\u00f1os:<\/p>\n<ul>\n<li>\n<div>Combinan resistencia y flexibilidad.<\/div>\n<\/li>\n<li>\n<div>Suela fina, flexible y antideslizante, que permite sentir el terreno y favorece la propiocepci\u00f3n.<\/div>\n<\/li>\n<li>\n<div>Puntera ancha para que los dedos se muevan con libertad sin presionar el pie.<\/div>\n<\/li>\n<li>\n<div>Cierre de velcro doble, pr\u00e1ctico para ajustar y fomentar la autonom\u00eda de los peques.<\/div>\n<\/li>\n<li>\n<div>Interior transpirable y ligero, ideal para uso diario, guarder\u00eda o paseo.<\/div>\n<\/li>\n<\/ul>\n<p>Un calzado pensado para primeros pasos y crecimiento saludable, que combina la est\u00e9tica deportiva con las ventajas del calzado respetuoso.<\/p>","protected":false},"excerpt":{"rendered":"<p>Las zapatillas respetuosas de bubble est\u00e1n dise\u00f1adas para acompa\u00f1ar el desarrollo natural del pie en beb\u00e9s y ni\u00f1os: Combinan resistencia y flexibilidad. Suela fina, flexible y antideslizante, que permite sentir el terreno y favorece la propiocepci\u00f3n. Puntera ancha para que los dedos se muevan con libertad sin presionar el pie. Cierre de velcro doble, pr\u00e1ctico para ajustar y fomentar la autonom\u00eda de los peques. Interior transpirable y ligero, ideal para uso diario, guarder\u00eda o paseo. Un calzado pensado para primeros pasos y crecimiento saludable, que combina la est\u00e9tica deportiva con las ventajas del calzado respetuoso.<\/p>","protected":false},"featured_media":11791,"comment_status":"open","ping_status":"closed","template":"","meta":[],"product_brand":[69],"product_cat":[91,118,98,114,88,90,15],"product_tag":[],"class_list":{"0":"post-11787","1":"product","2":"type-product","3":"status-publish","4":"has-post-thumbnail","6":"product_brand-bubble","7":"product_cat-deportivos","8":"product_cat-bubble","9":"product_cat-deportivos-nina","10":"product_cat-marcas","11":"product_cat-nina","12":"product_cat-respetuoso-2","13":"product_cat-uncategorized","15":"first","16":"instock","17":"shipping-taxable","18":"purchasable","19":"product-type-variable"},"_links":{"self":[{"href":"https:\/\/katosines.com\/es\/wp-json\/wp\/v2\/product\/11787","targetHints":{"allow":["GET"]}}],"collection":[{"href":"https:\/\/katosines.com\/es\/wp-json\/wp\/v2\/product"}],"about":[{"href":"https:\/\/katosines.com\/es\/wp-json\/wp\/v2\/types\/product"}],"replies":[{"embeddable":true,"href":"https:\/\/katosines.com\/es\/wp-json\/wp\/v2\/comments?post=11787"}],"wp:featuredmedia":[{"embeddable":true,"href":"https:\/\/katosines.com\/es\/wp-json\/wp\/v2\/media\/11791"}],"wp:attachment":[{"href":"https:\/\/katosines.com\/es\/wp-json\/wp\/v2\/media?parent=11787"}],"wp:term":[{"taxonomy":"product_brand","embeddable":true,"href":"https:\/\/katosines.com\/es\/wp-json\/wp\/v2\/product_brand?post=11787"},{"taxonomy":"product_cat","embeddable":true,"href":"https:\/\/katosines.com\/es\/wp-json\/wp\/v2\/product_cat?post=11787"},{"taxonomy":"product_tag","embeddable":true,"href":"https:\/\/katosines.com\/es\/wp-json\/wp\/v2\/product_tag?post=11787"}],"curies":[{"name":"wp","href":"https:\/\/api.w.org\/{rel}","templated":true}]}}