{"id":11866,"date":"2025-10-20T18:23:01","date_gmt":"2025-10-20T18:23:01","guid":{"rendered":"https:\/\/katosines.com\/?post_type=product&#038;p=11866"},"modified":"2025-10-20T18:23:01","modified_gmt":"2025-10-20T18:23:01","slug":"zapatillas-deportivas-para-hombre-calzado-comodo-y-resistente-tallas-38-a-48-modelo-dp100-paredes","status":"publish","type":"product","link":"https:\/\/katosines.com\/es\/producto\/zapatillas-deportivas-para-hombre-calzado-comodo-y-resistente-tallas-38-a-48-modelo-dp100-paredes\/","title":{"rendered":"Zapatillas deportivas para hombre \u2013 calzado c\u00f3modo y resistente Tallas 38 a 48 Modelo DP100 Paredes"},"content":{"rendered":"<p>Estas zapatillas deportivas para hombre est\u00e1n dise\u00f1adas para brindar comodidad, estilo y durabilidad en el uso diario. Su dise\u00f1o cl\u00e1sico con cordones y detalles en contraste las convierte en una opci\u00f3n vers\u00e1til para actividades deportivas, paseos urbanos o looks casuales.<\/p>\n<p>Fabricadas con materiales resistentes y transpirables, ofrecen buena sujeci\u00f3n del pie y una suela acolchada que garantiza confort en cada pisada.<\/p>\n<p>Deportivos con puntera y talon en piel , piso poliuretano muy confortable y duradero.<\/p>\n<p>* Suela bicolor ligera de Poliuretano.<\/p>","protected":false},"excerpt":{"rendered":"<p>Estas zapatillas deportivas para hombre est\u00e1n dise\u00f1adas para brindar comodidad, estilo y durabilidad en el uso diario. Su dise\u00f1o cl\u00e1sico con cordones y detalles en contraste las convierte en una opci\u00f3n vers\u00e1til para actividades deportivas, paseos urbanos o looks casuales. Fabricadas con materiales resistentes y transpirables, ofrecen buena sujeci\u00f3n del pie y una suela acolchada que garantiza confort en cada pisada. Deportivos con puntera y talon en piel , piso poliuretano muy confortable y duradero. * Suela bicolor ligera de Poliuretano.<\/p>","protected":false},"featured_media":11870,"comment_status":"open","ping_status":"closed","template":"","meta":[],"product_brand":[363],"product_cat":[111,114,364,44],"product_tag":[],"class_list":{"0":"post-11866","1":"product","2":"type-product","3":"status-publish","4":"has-post-thumbnail","6":"product_brand-paredes","7":"product_cat-deportivos-hombre","8":"product_cat-marcas","9":"product_cat-paredes","10":"product_cat-hombre","12":"first","13":"instock","14":"shipping-taxable","15":"purchasable","16":"product-type-variable"},"_links":{"self":[{"href":"https:\/\/katosines.com\/es\/wp-json\/wp\/v2\/product\/11866","targetHints":{"allow":["GET"]}}],"collection":[{"href":"https:\/\/katosines.com\/es\/wp-json\/wp\/v2\/product"}],"about":[{"href":"https:\/\/katosines.com\/es\/wp-json\/wp\/v2\/types\/product"}],"replies":[{"embeddable":true,"href":"https:\/\/katosines.com\/es\/wp-json\/wp\/v2\/comments?post=11866"}],"wp:featuredmedia":[{"embeddable":true,"href":"https:\/\/katosines.com\/es\/wp-json\/wp\/v2\/media\/11870"}],"wp:attachment":[{"href":"https:\/\/katosines.com\/es\/wp-json\/wp\/v2\/media?parent=11866"}],"wp:term":[{"taxonomy":"product_brand","embeddable":true,"href":"https:\/\/katosines.com\/es\/wp-json\/wp\/v2\/product_brand?post=11866"},{"taxonomy":"product_cat","embeddable":true,"href":"https:\/\/katosines.com\/es\/wp-json\/wp\/v2\/product_cat?post=11866"},{"taxonomy":"product_tag","embeddable":true,"href":"https:\/\/katosines.com\/es\/wp-json\/wp\/v2\/product_tag?post=11866"}],"curies":[{"name":"wp","href":"https:\/\/api.w.org\/{rel}","templated":true}]}}