{"id":11929,"date":"2025-10-21T06:13:20","date_gmt":"2025-10-21T06:13:20","guid":{"rendered":"https:\/\/katosines.com\/?post_type=product&#038;p=11929"},"modified":"2025-11-23T09:57:50","modified_gmt":"2025-11-23T09:57:50","slug":"sandalias-de-cuna-blancas-para-mujer-con-cierre-de-velcro-hecho-en-espana-modelo-e648-tallas-36-a-41-alto-estilo","status":"publish","type":"product","link":"https:\/\/katosines.com\/es\/producto\/sandalias-de-cuna-blancas-para-mujer-con-cierre-de-velcro-hecho-en-espana-modelo-e648-tallas-36-a-41-alto-estilo\/","title":{"rendered":"Sandalias de cu\u00f1a blancas para mujer con cierre de velcro Hecho en Espa\u00f1a Modelo E648 Tallas 36 a 41 Alto Estilo"},"content":{"rendered":"<p><span data-spm-anchor-id=\"euspain.pdp.description.i0.23ed394dKu1coW\">Sandalias de cu\u00f1a para mujer en varios colores, con pala trenzada y cierre ajustable de velcro. Dise\u00f1o c\u00f3modo, fabricadas en Espa\u00f1a, perfectas para el d\u00eda a d\u00eda.<\/span><\/p>\n<p>HECHO EN ESPA\u00d1A<\/p>","protected":false},"excerpt":{"rendered":"<p>Sandalias de cu\u00f1a para mujer en varios colores, con pala trenzada y cierre ajustable de velcro. Dise\u00f1o c\u00f3modo, fabricadas en Espa\u00f1a, perfectas para el d\u00eda a d\u00eda. HECHO EN ESPA\u00d1A<\/p>","protected":false},"featured_media":11933,"comment_status":"open","ping_status":"closed","template":"","meta":[],"product_brand":[318],"product_cat":[114,319,110,45],"product_tag":[],"class_list":{"0":"post-11929","1":"product","2":"type-product","3":"status-publish","4":"has-post-thumbnail","6":"product_brand-alto-estilo","7":"product_cat-marcas","8":"product_cat-alto-estilo","9":"product_cat-cunas","10":"product_cat-mujer","12":"first","13":"instock","14":"shipping-taxable","15":"purchasable","16":"product-type-variable"},"_links":{"self":[{"href":"https:\/\/katosines.com\/es\/wp-json\/wp\/v2\/product\/11929","targetHints":{"allow":["GET"]}}],"collection":[{"href":"https:\/\/katosines.com\/es\/wp-json\/wp\/v2\/product"}],"about":[{"href":"https:\/\/katosines.com\/es\/wp-json\/wp\/v2\/types\/product"}],"replies":[{"embeddable":true,"href":"https:\/\/katosines.com\/es\/wp-json\/wp\/v2\/comments?post=11929"}],"wp:featuredmedia":[{"embeddable":true,"href":"https:\/\/katosines.com\/es\/wp-json\/wp\/v2\/media\/11933"}],"wp:attachment":[{"href":"https:\/\/katosines.com\/es\/wp-json\/wp\/v2\/media?parent=11929"}],"wp:term":[{"taxonomy":"product_brand","embeddable":true,"href":"https:\/\/katosines.com\/es\/wp-json\/wp\/v2\/product_brand?post=11929"},{"taxonomy":"product_cat","embeddable":true,"href":"https:\/\/katosines.com\/es\/wp-json\/wp\/v2\/product_cat?post=11929"},{"taxonomy":"product_tag","embeddable":true,"href":"https:\/\/katosines.com\/es\/wp-json\/wp\/v2\/product_tag?post=11929"}],"curies":[{"name":"wp","href":"https:\/\/api.w.org\/{rel}","templated":true}]}}