{"id":12056,"date":"2025-10-21T08:23:35","date_gmt":"2025-10-21T08:23:35","guid":{"rendered":"https:\/\/katosines.com\/?post_type=product&#038;p=12056"},"modified":"2025-11-15T06:56:10","modified_gmt":"2025-11-15T06:56:10","slug":"zapatillas-de-futbol-turf-para-nino-modelo-supercopa-con-velcro-tallas-24-a-37-joma","status":"publish","type":"product","link":"https:\/\/katosines.com\/es\/producto\/zapatillas-de-futbol-turf-para-nino-modelo-supercopa-con-velcro-tallas-24-a-37-joma\/","title":{"rendered":"Zapatillas de f\u00fatbol turf para ni\u00f1o Modelo Supercopa con velcro Tallas 24 a 37 Joma"},"content":{"rendered":"<p>Zapatillas deportivas Joma Supercopa con suela turf para ni\u00f1o, dise\u00f1adas para jugar al f\u00fatbol en c\u00e9sped artificial. Cierre de velcro para mayor comodidad y autonom\u00eda. Suela con peque\u00f1os tacos que mejoran la tracci\u00f3n y el rendimiento en terrenos sint\u00e9ticos. Materiales resistentes y confortables para uso intensivo en entrenamientos y partidos.<\/p>\n<p>GUIA DE TALLAS<\/p>\n<p><img decoding=\"async\" src=\"https:\/\/img2.miravia.es\/g\/fb\/kf\/Ee224ca56b8484d3db6d809b045b3f460b.png_2200x2200q75.avif\" alt=\"Zapatillas de f\u00fatbol turf para ni\u00f1o Modelo Supercopa con velcro Tallas 24 a 37 Joma - details 0\" title=\"\"><\/p>","protected":false},"excerpt":{"rendered":"<p>Zapatillas deportivas Joma Supercopa con suela turf para ni\u00f1o, dise\u00f1adas para jugar al f\u00fatbol en c\u00e9sped artificial. Cierre de velcro para mayor comodidad y autonom\u00eda. Suela con peque\u00f1os tacos que mejoran la tracci\u00f3n y el rendimiento en terrenos sint\u00e9ticos. Materiales resistentes y confortables para uso intensivo en entrenamientos y partidos. GUIA DE TALLAS<\/p>","protected":false},"featured_media":12058,"comment_status":"open","ping_status":"closed","template":"","meta":[],"product_brand":[74],"product_cat":[91,121,114,15],"product_tag":[],"class_list":{"0":"post-12056","1":"product","2":"type-product","3":"status-publish","4":"has-post-thumbnail","6":"product_brand-joma","7":"product_cat-deportivos","8":"product_cat-joma","9":"product_cat-marcas","10":"product_cat-uncategorized","12":"first","13":"instock","14":"sale","15":"shipping-taxable","16":"purchasable","17":"product-type-variable"},"_links":{"self":[{"href":"https:\/\/katosines.com\/es\/wp-json\/wp\/v2\/product\/12056","targetHints":{"allow":["GET"]}}],"collection":[{"href":"https:\/\/katosines.com\/es\/wp-json\/wp\/v2\/product"}],"about":[{"href":"https:\/\/katosines.com\/es\/wp-json\/wp\/v2\/types\/product"}],"replies":[{"embeddable":true,"href":"https:\/\/katosines.com\/es\/wp-json\/wp\/v2\/comments?post=12056"}],"wp:featuredmedia":[{"embeddable":true,"href":"https:\/\/katosines.com\/es\/wp-json\/wp\/v2\/media\/12058"}],"wp:attachment":[{"href":"https:\/\/katosines.com\/es\/wp-json\/wp\/v2\/media?parent=12056"}],"wp:term":[{"taxonomy":"product_brand","embeddable":true,"href":"https:\/\/katosines.com\/es\/wp-json\/wp\/v2\/product_brand?post=12056"},{"taxonomy":"product_cat","embeddable":true,"href":"https:\/\/katosines.com\/es\/wp-json\/wp\/v2\/product_cat?post=12056"},{"taxonomy":"product_tag","embeddable":true,"href":"https:\/\/katosines.com\/es\/wp-json\/wp\/v2\/product_tag?post=12056"}],"curies":[{"name":"wp","href":"https:\/\/api.w.org\/{rel}","templated":true}]}}