{"id":12106,"date":"2025-10-21T08:47:41","date_gmt":"2025-10-21T08:47:41","guid":{"rendered":"https:\/\/katosines.com\/?post_type=product&#038;p=12106"},"modified":"2025-10-21T08:47:41","modified_gmt":"2025-10-21T08:47:41","slug":"zapatillas-calzado-respetuoso-para-nino-y-nina-tallas-20-a-32-modelo-z134-condiz","status":"publish","type":"product","link":"https:\/\/katosines.com\/es\/producto\/zapatillas-calzado-respetuoso-para-nino-y-nina-tallas-20-a-32-modelo-z134-condiz\/","title":{"rendered":"Zapatillas calzado respetuoso para ni\u00f1o y ni\u00f1a Tallas 20 a 32 Modelo Z134 Condiz"},"content":{"rendered":"<p>Zapatillas respetuosas para ni\u00f1o y ni\u00f1a de la marca Condiz. Elaboradas en piel de alta calidad con interior en piel para asegurar transpirabilidad y confort. Incorporan puntera reforzada en material protector blanco y suela fina, flexible y antideslizante para favorecer el movimiento natural del pie. Cierre de doble velcro que facilita la autonom\u00eda y un ajuste perfecto. Ideales para uso diario, colegio y paseos.<\/p>\n<p>CALZADO RESPETUOSO<\/p>\n<p>GUIA DE TALLAS<\/p>\n<p><img decoding=\"async\" src=\"https:\/\/img2.miravia.es\/g\/fb\/kf\/E304ebce8c6c94d3f8045e466f048b3d3k.jpeg_2200x2200q75.avif\" alt=\"Zapatillas calzado respetuoso para ni\u00f1o y ni\u00f1a Tallas 20 a 32 Modelo Z134 Condiz - details 0\" title=\"\"><\/p>","protected":false},"excerpt":{"rendered":"<p>Zapatillas respetuosas para ni\u00f1o y ni\u00f1a de la marca Condiz. Elaboradas en piel de alta calidad con interior en piel para asegurar transpirabilidad y confort. Incorporan puntera reforzada en material protector blanco y suela fina, flexible y antideslizante para favorecer el movimiento natural del pie. Cierre de doble velcro que facilita la autonom\u00eda y un ajuste perfecto. Ideales para uso diario, colegio y paseos. CALZADO RESPETUOSO GUIA DE TALLAS<\/p>","protected":false},"featured_media":12110,"comment_status":"open","ping_status":"closed","template":"","meta":[],"product_brand":[72],"product_cat":[91,119,98,114,88,90,15],"product_tag":[],"class_list":{"0":"post-12106","1":"product","2":"type-product","3":"status-publish","4":"has-post-thumbnail","6":"product_brand-condiz","7":"product_cat-deportivos","8":"product_cat-condiz","9":"product_cat-deportivos-nina","10":"product_cat-marcas","11":"product_cat-nina","12":"product_cat-respetuoso-2","13":"product_cat-uncategorized","15":"first","16":"instock","17":"shipping-taxable","18":"purchasable","19":"product-type-variable"},"_links":{"self":[{"href":"https:\/\/katosines.com\/es\/wp-json\/wp\/v2\/product\/12106","targetHints":{"allow":["GET"]}}],"collection":[{"href":"https:\/\/katosines.com\/es\/wp-json\/wp\/v2\/product"}],"about":[{"href":"https:\/\/katosines.com\/es\/wp-json\/wp\/v2\/types\/product"}],"replies":[{"embeddable":true,"href":"https:\/\/katosines.com\/es\/wp-json\/wp\/v2\/comments?post=12106"}],"wp:featuredmedia":[{"embeddable":true,"href":"https:\/\/katosines.com\/es\/wp-json\/wp\/v2\/media\/12110"}],"wp:attachment":[{"href":"https:\/\/katosines.com\/es\/wp-json\/wp\/v2\/media?parent=12106"}],"wp:term":[{"taxonomy":"product_brand","embeddable":true,"href":"https:\/\/katosines.com\/es\/wp-json\/wp\/v2\/product_brand?post=12106"},{"taxonomy":"product_cat","embeddable":true,"href":"https:\/\/katosines.com\/es\/wp-json\/wp\/v2\/product_cat?post=12106"},{"taxonomy":"product_tag","embeddable":true,"href":"https:\/\/katosines.com\/es\/wp-json\/wp\/v2\/product_tag?post=12106"}],"curies":[{"name":"wp","href":"https:\/\/api.w.org\/{rel}","templated":true}]}}