{"id":12301,"date":"2025-10-22T15:35:12","date_gmt":"2025-10-22T15:35:12","guid":{"rendered":"https:\/\/katosines.com\/?post_type=product&#038;p=12301"},"modified":"2025-11-23T10:07:26","modified_gmt":"2025-11-23T10:07:26","slug":"valencianas-alpargatas-de-cuna-con-pulsera-fabricadas-en-espana-modelo-545803-tallas-36-a-41","status":"publish","type":"product","link":"https:\/\/katosines.com\/es\/producto\/valencianas-alpargatas-de-cuna-con-pulsera-fabricadas-en-espana-modelo-545803-tallas-36-a-41\/","title":{"rendered":"Valencianas alpargatas de cu\u00f1a con pulsera fabricadas en Espa\u00f1a Modelo 545803 Tallas 36 a 41"},"content":{"rendered":"<p><span data-spm-anchor-id=\"euspain.pdp.description.i0.a2eb15aaVIcjlR\">Estas alpargatas de cu\u00f1a son el complemento ideal para lucir c\u00f3moda y elegante en eventos o en el d\u00eda a d\u00eda. Fabricadas en Espa\u00f1a con materiales de calidad, presentan una cu\u00f1a forrada en yute natural, puntera cerrada, pulsera ajustable con hebilla brillante y talonera en tejido bicolor. El dise\u00f1o aporta un toque de brillo sutil que combina perfectamente con vestidos veraniegos o looks casuales.<\/span><\/p>\n<p>HECHO EN ESPA\u00d1A<\/p>","protected":false},"excerpt":{"rendered":"<p>Estas alpargatas de cu\u00f1a son el complemento ideal para lucir c\u00f3moda y elegante en eventos o en el d\u00eda a d\u00eda. Fabricadas en Espa\u00f1a con materiales de calidad, presentan una cu\u00f1a forrada en yute natural, puntera cerrada, pulsera ajustable con hebilla brillante y talonera en tejido bicolor. El dise\u00f1o aporta un toque de brillo sutil que combina perfectamente con vestidos veraniegos o looks casuales. HECHO EN ESPA\u00d1A<\/p>","protected":false},"featured_media":12306,"comment_status":"open","ping_status":"closed","template":"","meta":[],"product_brand":[280],"product_cat":[110,321,114,45],"product_tag":[],"class_list":{"0":"post-12301","1":"product","2":"type-product","3":"status-publish","4":"has-post-thumbnail","6":"product_brand-katosines","7":"product_cat-cunas","8":"product_cat-katosines","9":"product_cat-marcas","10":"product_cat-mujer","12":"first","13":"instock","14":"shipping-taxable","15":"purchasable","16":"product-type-variable"},"_links":{"self":[{"href":"https:\/\/katosines.com\/es\/wp-json\/wp\/v2\/product\/12301","targetHints":{"allow":["GET"]}}],"collection":[{"href":"https:\/\/katosines.com\/es\/wp-json\/wp\/v2\/product"}],"about":[{"href":"https:\/\/katosines.com\/es\/wp-json\/wp\/v2\/types\/product"}],"replies":[{"embeddable":true,"href":"https:\/\/katosines.com\/es\/wp-json\/wp\/v2\/comments?post=12301"}],"wp:featuredmedia":[{"embeddable":true,"href":"https:\/\/katosines.com\/es\/wp-json\/wp\/v2\/media\/12306"}],"wp:attachment":[{"href":"https:\/\/katosines.com\/es\/wp-json\/wp\/v2\/media?parent=12301"}],"wp:term":[{"taxonomy":"product_brand","embeddable":true,"href":"https:\/\/katosines.com\/es\/wp-json\/wp\/v2\/product_brand?post=12301"},{"taxonomy":"product_cat","embeddable":true,"href":"https:\/\/katosines.com\/es\/wp-json\/wp\/v2\/product_cat?post=12301"},{"taxonomy":"product_tag","embeddable":true,"href":"https:\/\/katosines.com\/es\/wp-json\/wp\/v2\/product_tag?post=12301"}],"curies":[{"name":"wp","href":"https:\/\/api.w.org\/{rel}","templated":true}]}}