{"id":12325,"date":"2025-10-22T15:43:02","date_gmt":"2025-10-22T15:43:02","guid":{"rendered":"https:\/\/katosines.com\/?post_type=product&#038;p=12325"},"modified":"2025-11-12T11:58:22","modified_gmt":"2025-11-12T11:58:22","slug":"zapato-colegial-con-velcro-para-nino-con-puntera-reforzada-tallas-32-a-40-modelo-a2091-bubble-kids","status":"publish","type":"product","link":"https:\/\/katosines.com\/es\/producto\/zapato-colegial-con-velcro-para-nino-con-puntera-reforzada-tallas-32-a-40-modelo-a2091-bubble-kids\/","title":{"rendered":"Zapato colegial con velcro para ni\u00f1o con puntera reforzada Tallas 32 a 40 Modelo A2091 Bubble kids"},"content":{"rendered":"<p>Zapato escolar para ni\u00f1o en color azul marino, fabricado en piel. Dise\u00f1o con puntera reforzada para mayor durabilidad y cierre de velcro que facilita el calce. Ideal para uso diario en el colegio.<\/p>\n<p><img fetchpriority=\"high\" decoding=\"async\" class=\"alignnone size-medium wp-image-12328\" src=\"https:\/\/katosines.com\/wp-content\/uploads\/2025\/10\/a20912-300x200.jpg\" alt=\"\" width=\"300\" height=\"200\" title=\"\" srcset=\"https:\/\/katosines.com\/wp-content\/uploads\/2025\/10\/a20912-300x200.jpg 300w, https:\/\/katosines.com\/wp-content\/uploads\/2025\/10\/a20912-768x512.jpg 768w, https:\/\/katosines.com\/wp-content\/uploads\/2025\/10\/a20912-18x12.jpg 18w, https:\/\/katosines.com\/wp-content\/uploads\/2025\/10\/a20912-600x400.jpg 600w, https:\/\/katosines.com\/wp-content\/uploads\/2025\/10\/a20912.jpg 800w\" sizes=\"(max-width: 300px) 100vw, 300px\" \/> <img decoding=\"async\" class=\"alignnone size-medium wp-image-12327\" src=\"https:\/\/katosines.com\/wp-content\/uploads\/2025\/10\/a20913-300x200.jpg\" alt=\"\" width=\"300\" height=\"200\" title=\"\" srcset=\"https:\/\/katosines.com\/wp-content\/uploads\/2025\/10\/a20913-300x200.jpg 300w, https:\/\/katosines.com\/wp-content\/uploads\/2025\/10\/a20913-768x512.jpg 768w, https:\/\/katosines.com\/wp-content\/uploads\/2025\/10\/a20913-18x12.jpg 18w, https:\/\/katosines.com\/wp-content\/uploads\/2025\/10\/a20913-600x400.jpg 600w, https:\/\/katosines.com\/wp-content\/uploads\/2025\/10\/a20913.jpg 800w\" sizes=\"(max-width: 300px) 100vw, 300px\" \/><\/p>","protected":false},"excerpt":{"rendered":"<p>Zapato escolar para ni\u00f1o en color azul marino, fabricado en piel. Dise\u00f1o con puntera reforzada para mayor durabilidad y cierre de velcro que facilita el calce. Ideal para uso diario en el colegio.<\/p>","protected":false},"featured_media":12329,"comment_status":"open","ping_status":"closed","template":"","meta":[],"product_brand":[69],"product_cat":[94,118,114,15],"product_tag":[],"class_list":{"0":"post-12325","1":"product","2":"type-product","3":"status-publish","4":"has-post-thumbnail","6":"product_brand-bubble","7":"product_cat-colegial-uncategorized","8":"product_cat-bubble","9":"product_cat-marcas","10":"product_cat-uncategorized","12":"first","13":"instock","14":"shipping-taxable","15":"purchasable","16":"product-type-variable"},"_links":{"self":[{"href":"https:\/\/katosines.com\/es\/wp-json\/wp\/v2\/product\/12325","targetHints":{"allow":["GET"]}}],"collection":[{"href":"https:\/\/katosines.com\/es\/wp-json\/wp\/v2\/product"}],"about":[{"href":"https:\/\/katosines.com\/es\/wp-json\/wp\/v2\/types\/product"}],"replies":[{"embeddable":true,"href":"https:\/\/katosines.com\/es\/wp-json\/wp\/v2\/comments?post=12325"}],"wp:featuredmedia":[{"embeddable":true,"href":"https:\/\/katosines.com\/es\/wp-json\/wp\/v2\/media\/12329"}],"wp:attachment":[{"href":"https:\/\/katosines.com\/es\/wp-json\/wp\/v2\/media?parent=12325"}],"wp:term":[{"taxonomy":"product_brand","embeddable":true,"href":"https:\/\/katosines.com\/es\/wp-json\/wp\/v2\/product_brand?post=12325"},{"taxonomy":"product_cat","embeddable":true,"href":"https:\/\/katosines.com\/es\/wp-json\/wp\/v2\/product_cat?post=12325"},{"taxonomy":"product_tag","embeddable":true,"href":"https:\/\/katosines.com\/es\/wp-json\/wp\/v2\/product_tag?post=12325"}],"curies":[{"name":"wp","href":"https:\/\/api.w.org\/{rel}","templated":true}]}}