{"id":12626,"date":"2025-10-24T07:22:17","date_gmt":"2025-10-24T07:22:17","guid":{"rendered":"https:\/\/katosines.com\/?post_type=product&#038;p=12626"},"modified":"2025-10-24T07:22:17","modified_gmt":"2025-10-24T07:22:17","slug":"merceditas-de-bebe-beige-de-tela-con-lazo-tallas-16-a-20-modelo-3202-citos","status":"publish","type":"product","link":"https:\/\/katosines.com\/es\/producto\/merceditas-de-bebe-beige-de-tela-con-lazo-tallas-16-a-20-modelo-3202-citos\/","title":{"rendered":"Merceditas de beb\u00e9 beige de tela con lazo Tallas 16 a 20 Modelo 3202 Citos"},"content":{"rendered":"<p>Merceditas para beb\u00e9 en color beige, elaboradas en tela con acabado trenzado. Dise\u00f1o dulce con lazo lateral y detalle de lentejuelas en el empeine. Cierre de velcro para un ajuste c\u00f3modo y seguro, ideal para ocasiones especiales y ceremonias.<\/p>\n<p>GUIA DE TALLAS<\/p>\n<p><img decoding=\"async\" src=\"https:\/\/img2.miravia.es\/g\/fb\/kf\/E8e9d440562bd4ff09c3c5fccf921770c5.jpeg_2200x2200q75.avif\" alt=\"Merceditas de beb\u00e9 beige de tela con lazo Tallas 16 a 20 Modelo 3202 Citos - details 0\" title=\"\"><\/p>","protected":false},"excerpt":{"rendered":"<p>Merceditas para beb\u00e9 en color beige, elaboradas en tela con acabado trenzado. Dise\u00f1o dulce con lazo lateral y detalle de lentejuelas en el empeine. Cierre de velcro para un ajuste c\u00f3modo y seguro, ideal para ocasiones especiales y ceremonias. GUIA DE TALLAS<\/p>","protected":false},"featured_media":12629,"comment_status":"open","ping_status":"closed","template":"","meta":[],"product_brand":[248],"product_cat":[342,126,114,88],"product_tag":[],"class_list":{"0":"post-12626","1":"product","2":"type-product","3":"status-publish","4":"has-post-thumbnail","6":"product_brand-citos","7":"product_cat-bebe","8":"product_cat-citos","9":"product_cat-marcas","10":"product_cat-nina","12":"first","13":"instock","14":"shipping-taxable","15":"purchasable","16":"product-type-variable"},"_links":{"self":[{"href":"https:\/\/katosines.com\/es\/wp-json\/wp\/v2\/product\/12626","targetHints":{"allow":["GET"]}}],"collection":[{"href":"https:\/\/katosines.com\/es\/wp-json\/wp\/v2\/product"}],"about":[{"href":"https:\/\/katosines.com\/es\/wp-json\/wp\/v2\/types\/product"}],"replies":[{"embeddable":true,"href":"https:\/\/katosines.com\/es\/wp-json\/wp\/v2\/comments?post=12626"}],"wp:featuredmedia":[{"embeddable":true,"href":"https:\/\/katosines.com\/es\/wp-json\/wp\/v2\/media\/12629"}],"wp:attachment":[{"href":"https:\/\/katosines.com\/es\/wp-json\/wp\/v2\/media?parent=12626"}],"wp:term":[{"taxonomy":"product_brand","embeddable":true,"href":"https:\/\/katosines.com\/es\/wp-json\/wp\/v2\/product_brand?post=12626"},{"taxonomy":"product_cat","embeddable":true,"href":"https:\/\/katosines.com\/es\/wp-json\/wp\/v2\/product_cat?post=12626"},{"taxonomy":"product_tag","embeddable":true,"href":"https:\/\/katosines.com\/es\/wp-json\/wp\/v2\/product_tag?post=12626"}],"curies":[{"name":"wp","href":"https:\/\/api.w.org\/{rel}","templated":true}]}}