{"id":12952,"date":"2025-10-25T08:06:37","date_gmt":"2025-10-25T08:06:37","guid":{"rendered":"https:\/\/katosines.com\/?post_type=product&#038;p=12952"},"modified":"2026-01-23T08:29:12","modified_gmt":"2026-01-23T08:29:12","slug":"zapatos-de-mujer-con-cuna-en-piel-calzado-comodo-y-elegante-hecho-en-espana-tallas-35-a-41-modelo-1912-chamby","status":"publish","type":"product","link":"https:\/\/katosines.com\/es\/producto\/zapatos-de-mujer-con-cuna-en-piel-calzado-comodo-y-elegante-hecho-en-espana-tallas-35-a-41-modelo-1912-chamby\/","title":{"rendered":"Zapatos de mujer con cu\u00f1a en piel Calzado c\u00f3modo y elegante Hecho en Espa\u00f1a Tallas 35 a 41 Modelo 1912 Chamby"},"content":{"rendered":"<p>-PLANTILLA EXTRAIBLE<br \/>\n-ALTURA DEL TACON (CM.): 5,5<br \/>\n-MATERIAL EXTERIOR- CORTE: Piel<br \/>\n-PLANTILLA: Sint\u00e9tico<br \/>\n-MATERIAL INTERIOR-FORRO : Textil<br \/>\n-PISO-SUELA: Sint\u00e9tico<\/p>","protected":false},"excerpt":{"rendered":"<p>-PLANTILLA EXTRAIBLE -ALTURA DEL TACON (CM.): 5,5 -MATERIAL EXTERIOR- CORTE: Piel -PLANTILLA: Sint\u00e9tico -MATERIAL INTERIOR-FORRO : Textil -PISO-SUELA: Sint\u00e9tico<\/p>","protected":false},"featured_media":12956,"comment_status":"open","ping_status":"closed","template":"","meta":[],"product_brand":[247],"product_cat":[106,141,114,45],"product_tag":[],"class_list":{"0":"post-12952","1":"product","2":"type-product","3":"status-publish","4":"has-post-thumbnail","6":"product_brand-chamby","7":"product_cat-zapatos-mujer","8":"product_cat-chamby","9":"product_cat-marcas","10":"product_cat-mujer","12":"first","13":"instock","14":"shipping-taxable","15":"purchasable","16":"product-type-variable"},"_links":{"self":[{"href":"https:\/\/katosines.com\/es\/wp-json\/wp\/v2\/product\/12952","targetHints":{"allow":["GET"]}}],"collection":[{"href":"https:\/\/katosines.com\/es\/wp-json\/wp\/v2\/product"}],"about":[{"href":"https:\/\/katosines.com\/es\/wp-json\/wp\/v2\/types\/product"}],"replies":[{"embeddable":true,"href":"https:\/\/katosines.com\/es\/wp-json\/wp\/v2\/comments?post=12952"}],"wp:featuredmedia":[{"embeddable":true,"href":"https:\/\/katosines.com\/es\/wp-json\/wp\/v2\/media\/12956"}],"wp:attachment":[{"href":"https:\/\/katosines.com\/es\/wp-json\/wp\/v2\/media?parent=12952"}],"wp:term":[{"taxonomy":"product_brand","embeddable":true,"href":"https:\/\/katosines.com\/es\/wp-json\/wp\/v2\/product_brand?post=12952"},{"taxonomy":"product_cat","embeddable":true,"href":"https:\/\/katosines.com\/es\/wp-json\/wp\/v2\/product_cat?post=12952"},{"taxonomy":"product_tag","embeddable":true,"href":"https:\/\/katosines.com\/es\/wp-json\/wp\/v2\/product_tag?post=12952"}],"curies":[{"name":"wp","href":"https:\/\/api.w.org\/{rel}","templated":true}]}}