{"id":13131,"date":"2025-10-25T09:08:00","date_gmt":"2025-10-25T09:08:00","guid":{"rendered":"https:\/\/katosines.com\/?post_type=product&#038;p=13131"},"modified":"2025-10-25T09:08:00","modified_gmt":"2025-10-25T09:08:00","slug":"zapatillas-deportivas-blancas-verdes-para-hombre-tallas-39-a-46-modelo-806-segarra","status":"publish","type":"product","link":"https:\/\/katosines.com\/es\/producto\/zapatillas-deportivas-blancas-verdes-para-hombre-tallas-39-a-46-modelo-806-segarra\/","title":{"rendered":"Zapatillas deportivas blancas verdes para hombre Tallas 39 a 46 Modelo 806 Segarra"},"content":{"rendered":"<p>Zapatillas deportivas para hombre en color blanco con detalles en verde, perfectas para educaci\u00f3n f\u00edsica, actividades escolares o uso diario. Fabricadas en serraje sint\u00e9tico resistente con interior acolchado para mayor comodidad. Suela transl\u00facida antideslizante para un buen agarre en distintas superficies. Dise\u00f1o cl\u00e1sico, ligero y funcional para peque\u00f1os en movimiento.<\/p>","protected":false},"excerpt":{"rendered":"<p>Zapatillas deportivas para hombre en color blanco con detalles en verde, perfectas para educaci\u00f3n f\u00edsica, actividades escolares o uso diario. Fabricadas en serraje sint\u00e9tico resistente con interior acolchado para mayor comodidad. Suela transl\u00facida antideslizante para un buen agarre en distintas superficies. Dise\u00f1o cl\u00e1sico, ligero y funcional para peque\u00f1os en movimiento.<\/p>","protected":false},"featured_media":13134,"comment_status":"open","ping_status":"closed","template":"","meta":[],"product_brand":[268],"product_cat":[111,114,127,44],"product_tag":[],"class_list":{"0":"post-13131","1":"product","2":"type-product","3":"status-publish","4":"has-post-thumbnail","6":"product_brand-segarra","7":"product_cat-deportivos-hombre","8":"product_cat-marcas","9":"product_cat-segarra","10":"product_cat-hombre","12":"first","13":"instock","14":"shipping-taxable","15":"purchasable","16":"product-type-variable"},"_links":{"self":[{"href":"https:\/\/katosines.com\/es\/wp-json\/wp\/v2\/product\/13131","targetHints":{"allow":["GET"]}}],"collection":[{"href":"https:\/\/katosines.com\/es\/wp-json\/wp\/v2\/product"}],"about":[{"href":"https:\/\/katosines.com\/es\/wp-json\/wp\/v2\/types\/product"}],"replies":[{"embeddable":true,"href":"https:\/\/katosines.com\/es\/wp-json\/wp\/v2\/comments?post=13131"}],"wp:featuredmedia":[{"embeddable":true,"href":"https:\/\/katosines.com\/es\/wp-json\/wp\/v2\/media\/13134"}],"wp:attachment":[{"href":"https:\/\/katosines.com\/es\/wp-json\/wp\/v2\/media?parent=13131"}],"wp:term":[{"taxonomy":"product_brand","embeddable":true,"href":"https:\/\/katosines.com\/es\/wp-json\/wp\/v2\/product_brand?post=13131"},{"taxonomy":"product_cat","embeddable":true,"href":"https:\/\/katosines.com\/es\/wp-json\/wp\/v2\/product_cat?post=13131"},{"taxonomy":"product_tag","embeddable":true,"href":"https:\/\/katosines.com\/es\/wp-json\/wp\/v2\/product_tag?post=13131"}],"curies":[{"name":"wp","href":"https:\/\/api.w.org\/{rel}","templated":true}]}}