{"id":13160,"date":"2025-10-25T09:31:39","date_gmt":"2025-10-25T09:31:39","guid":{"rendered":"https:\/\/katosines.com\/?post_type=product&#038;p=13160"},"modified":"2025-10-25T09:32:42","modified_gmt":"2025-10-25T09:32:42","slug":"zapato-comodo-de-senora-con-velcro-tacon-bajo-y-diseno-elegante-modelo-722-tallas-especiales-42-a-45-jam","status":"publish","type":"product","link":"https:\/\/katosines.com\/es\/producto\/zapato-comodo-de-senora-con-velcro-tacon-bajo-y-diseno-elegante-modelo-722-tallas-especiales-42-a-45-jam\/","title":{"rendered":"Zapato c\u00f3modo de se\u00f1ora con velcro Tac\u00f3n bajo y dise\u00f1o elegante Modelo 722 Tallas especiales 42 a 45 Jam"},"content":{"rendered":"<p>Zapato de se\u00f1ora con cierre de velcro que facilita el ajuste y proporciona m\u00e1xima comodidad. Dise\u00f1o elegante con tac\u00f3n bajo y suela flexible, ideal para uso diario, trabajo o vestir. Fabricado con materiales resistentes y plantilla acolchada para mayor confort durante todo el d\u00eda. Disponible en varias tallas especiales.<\/p>","protected":false},"excerpt":{"rendered":"<p>Zapato de se\u00f1ora con cierre de velcro que facilita el ajuste y proporciona m\u00e1xima comodidad. Dise\u00f1o elegante con tac\u00f3n bajo y suela flexible, ideal para uso diario, trabajo o vestir. Fabricado con materiales resistentes y plantilla acolchada para mayor confort durante todo el d\u00eda. Disponible en varias tallas especiales.<\/p>","protected":false},"featured_media":13164,"comment_status":"open","ping_status":"closed","template":"","meta":[],"product_brand":[257],"product_cat":[106,130,114,45],"product_tag":[],"class_list":{"0":"post-13160","1":"product","2":"type-product","3":"status-publish","4":"has-post-thumbnail","6":"product_brand-jam","7":"product_cat-zapatos-mujer","8":"product_cat-jam","9":"product_cat-marcas","10":"product_cat-mujer","12":"first","13":"instock","14":"shipping-taxable","15":"purchasable","16":"product-type-variable"},"_links":{"self":[{"href":"https:\/\/katosines.com\/es\/wp-json\/wp\/v2\/product\/13160","targetHints":{"allow":["GET"]}}],"collection":[{"href":"https:\/\/katosines.com\/es\/wp-json\/wp\/v2\/product"}],"about":[{"href":"https:\/\/katosines.com\/es\/wp-json\/wp\/v2\/types\/product"}],"replies":[{"embeddable":true,"href":"https:\/\/katosines.com\/es\/wp-json\/wp\/v2\/comments?post=13160"}],"wp:featuredmedia":[{"embeddable":true,"href":"https:\/\/katosines.com\/es\/wp-json\/wp\/v2\/media\/13164"}],"wp:attachment":[{"href":"https:\/\/katosines.com\/es\/wp-json\/wp\/v2\/media?parent=13160"}],"wp:term":[{"taxonomy":"product_brand","embeddable":true,"href":"https:\/\/katosines.com\/es\/wp-json\/wp\/v2\/product_brand?post=13160"},{"taxonomy":"product_cat","embeddable":true,"href":"https:\/\/katosines.com\/es\/wp-json\/wp\/v2\/product_cat?post=13160"},{"taxonomy":"product_tag","embeddable":true,"href":"https:\/\/katosines.com\/es\/wp-json\/wp\/v2\/product_tag?post=13160"}],"curies":[{"name":"wp","href":"https:\/\/api.w.org\/{rel}","templated":true}]}}