{"id":13219,"date":"2025-10-25T12:12:03","date_gmt":"2025-10-25T12:12:03","guid":{"rendered":"https:\/\/katosines.com\/?post_type=product&#038;p=13219"},"modified":"2025-10-25T12:12:03","modified_gmt":"2025-10-25T12:12:03","slug":"zapatos-de-flamenco-para-nina-con-tacon-y-goma-de-sujecion-modelo-303-angelitos","status":"publish","type":"product","link":"https:\/\/katosines.com\/es\/producto\/zapatos-de-flamenco-para-nina-con-tacon-y-goma-de-sujecion-modelo-303-angelitos\/","title":{"rendered":"Zapatos de flamenco para ni\u00f1a con tac\u00f3n y goma de sujeci\u00f3n Modelo 303 Angelitos"},"content":{"rendered":"<p>Zapatos de flamenco para ni\u00f1a con tac\u00f3n medio y goma de sujeci\u00f3n para mayor ajuste y comodidad. Fabricados en piel exterior e interior, ideales para pr\u00e1cticas, actuaciones y eventos. Suela resistente que ofrece buena estabilidad en el baile.<\/p>\n<p>GUIA DE TALLAS<br \/>\n<img fetchpriority=\"high\" decoding=\"async\" class=\"\" src=\"https:\/\/img2.miravia.es\/g\/fb\/kf\/E815c6c8dac0c44479f9ea4fb51baf1e6A.jpeg_2200x2200q75.avif\" alt=\"Zapatos de flamenco para ni\u00f1a con tac\u00f3n y goma de sujeci\u00f3n Modelo 303 Angelitos - details 0\" width=\"626\" height=\"885\" title=\"\"><\/p>","protected":false},"excerpt":{"rendered":"<p>Zapatos de flamenco para ni\u00f1a con tac\u00f3n medio y goma de sujeci\u00f3n para mayor ajuste y comodidad. Fabricados en piel exterior e interior, ideales para pr\u00e1cticas, actuaciones y eventos. Suela resistente que ofrece buena estabilidad en el baile. GUIA DE TALLAS<\/p>","protected":false},"featured_media":13220,"comment_status":"open","ping_status":"closed","template":"","meta":[],"product_brand":[68],"product_cat":[99,117,114,88],"product_tag":[],"class_list":{"0":"post-13219","1":"product","2":"type-product","3":"status-publish","4":"has-post-thumbnail","6":"product_brand-angelitos","7":"product_cat-zapatos-nina","8":"product_cat-angelitos","9":"product_cat-marcas","10":"product_cat-nina","12":"first","13":"instock","14":"shipping-taxable","15":"purchasable","16":"product-type-variable"},"_links":{"self":[{"href":"https:\/\/katosines.com\/es\/wp-json\/wp\/v2\/product\/13219","targetHints":{"allow":["GET"]}}],"collection":[{"href":"https:\/\/katosines.com\/es\/wp-json\/wp\/v2\/product"}],"about":[{"href":"https:\/\/katosines.com\/es\/wp-json\/wp\/v2\/types\/product"}],"replies":[{"embeddable":true,"href":"https:\/\/katosines.com\/es\/wp-json\/wp\/v2\/comments?post=13219"}],"wp:featuredmedia":[{"embeddable":true,"href":"https:\/\/katosines.com\/es\/wp-json\/wp\/v2\/media\/13220"}],"wp:attachment":[{"href":"https:\/\/katosines.com\/es\/wp-json\/wp\/v2\/media?parent=13219"}],"wp:term":[{"taxonomy":"product_brand","embeddable":true,"href":"https:\/\/katosines.com\/es\/wp-json\/wp\/v2\/product_brand?post=13219"},{"taxonomy":"product_cat","embeddable":true,"href":"https:\/\/katosines.com\/es\/wp-json\/wp\/v2\/product_cat?post=13219"},{"taxonomy":"product_tag","embeddable":true,"href":"https:\/\/katosines.com\/es\/wp-json\/wp\/v2\/product_tag?post=13219"}],"curies":[{"name":"wp","href":"https:\/\/api.w.org\/{rel}","templated":true}]}}