{"id":13561,"date":"2025-10-25T15:45:19","date_gmt":"2025-10-25T15:45:19","guid":{"rendered":"https:\/\/katosines.com\/?post_type=product&#038;p=13561"},"modified":"2025-10-25T15:45:19","modified_gmt":"2025-10-25T15:45:19","slug":"zapatos-colegiales-lavables-de-piel-para-nino-tallas-31-a-41-modelo-71-javer","status":"publish","type":"product","link":"https:\/\/katosines.com\/es\/producto\/zapatos-colegiales-lavables-de-piel-para-nino-tallas-31-a-41-modelo-71-javer\/","title":{"rendered":"Zapatos colegiales lavables de piel para ni\u00f1o Tallas 31 a 41 Modelo 71 Javer"},"content":{"rendered":"<p><span data-spm-anchor-id=\"euspain.pdp.description.i0.10e36c47on48rG\">Los <\/span>zapatos colegiales resistentes Javer est\u00e1n dise\u00f1ados para aguantar el ritmo diario de los m\u00e1s peque\u00f1os. Fabricados en Espa\u00f1a con piel de alta calidad<span data-spm-anchor-id=\"euspain.pdp.description.i1.10e36c47on48rG\">, ofrecen gran durabilidad y comodidad durante toda la jornada escolar.<\/span><\/p>\n<p><span data-spm-anchor-id=\"euspain.pdp.description.i3.10e36c47on48rG\">Es un calzado c\u00f3modo con piel lavable, y forro de microfibra 100% transpirable y lavable,<\/span><\/p>\n<p>Cuentan con un cierre de velcro ancho, que facilita el calzado y aporta seguridad. La puntera reforzada y la suela gruesa antideslizante garantizan protecci\u00f3n extra frente a golpes y un excelente agarre en cualquier superficie.<\/p>\n<p>Una opci\u00f3n perfecta para ni\u00f1os que necesitan un calzado fuerte y fiable para el colegio.<\/p>","protected":false},"excerpt":{"rendered":"<p>Los zapatos colegiales resistentes Javer est\u00e1n dise\u00f1ados para aguantar el ritmo diario de los m\u00e1s peque\u00f1os. Fabricados en Espa\u00f1a con piel de alta calidad, ofrecen gran durabilidad y comodidad durante toda la jornada escolar. Es un calzado c\u00f3modo con piel lavable, y forro de microfibra 100% transpirable y lavable, Cuentan con un cierre de velcro ancho, que facilita el calzado y aporta seguridad. La puntera reforzada y la suela gruesa antideslizante garantizan protecci\u00f3n extra frente a golpes y un excelente agarre en cualquier superficie. Una opci\u00f3n perfecta para ni\u00f1os que necesitan un calzado fuerte y fiable para el colegio.<\/p>","protected":false},"featured_media":13565,"comment_status":"open","ping_status":"closed","template":"","meta":[],"product_brand":[258],"product_cat":[94,151,114,15],"product_tag":[],"class_list":{"0":"post-13561","1":"product","2":"type-product","3":"status-publish","4":"has-post-thumbnail","6":"product_brand-javer","7":"product_cat-colegial-uncategorized","8":"product_cat-javer","9":"product_cat-marcas","10":"product_cat-uncategorized","12":"first","13":"instock","14":"shipping-taxable","15":"purchasable","16":"product-type-variable"},"_links":{"self":[{"href":"https:\/\/katosines.com\/es\/wp-json\/wp\/v2\/product\/13561","targetHints":{"allow":["GET"]}}],"collection":[{"href":"https:\/\/katosines.com\/es\/wp-json\/wp\/v2\/product"}],"about":[{"href":"https:\/\/katosines.com\/es\/wp-json\/wp\/v2\/types\/product"}],"replies":[{"embeddable":true,"href":"https:\/\/katosines.com\/es\/wp-json\/wp\/v2\/comments?post=13561"}],"wp:featuredmedia":[{"embeddable":true,"href":"https:\/\/katosines.com\/es\/wp-json\/wp\/v2\/media\/13565"}],"wp:attachment":[{"href":"https:\/\/katosines.com\/es\/wp-json\/wp\/v2\/media?parent=13561"}],"wp:term":[{"taxonomy":"product_brand","embeddable":true,"href":"https:\/\/katosines.com\/es\/wp-json\/wp\/v2\/product_brand?post=13561"},{"taxonomy":"product_cat","embeddable":true,"href":"https:\/\/katosines.com\/es\/wp-json\/wp\/v2\/product_cat?post=13561"},{"taxonomy":"product_tag","embeddable":true,"href":"https:\/\/katosines.com\/es\/wp-json\/wp\/v2\/product_tag?post=13561"}],"curies":[{"name":"wp","href":"https:\/\/api.w.org\/{rel}","templated":true}]}}