{"id":13577,"date":"2025-10-25T15:52:31","date_gmt":"2025-10-25T15:52:31","guid":{"rendered":"https:\/\/katosines.com\/?post_type=product&#038;p=13577"},"modified":"2025-11-06T07:11:04","modified_gmt":"2025-11-06T07:11:04","slug":"merceditas-colegiales-de-piel-para-nina-tallas-25-a-30-modelo-64-javer","status":"publish","type":"product","link":"https:\/\/katosines.com\/es\/producto\/merceditas-colegiales-de-piel-para-nina-tallas-25-a-30-modelo-64-javer\/","title":{"rendered":"Merceditas colegiales de piel para ni\u00f1a Tallas 25 a 30 Modelo 64 Javer"},"content":{"rendered":"<div>Merceditas Javer Colegial Piel Lavable para ni\u00f1a<br \/>\nDise\u00f1adas y fabricadas en Espa\u00f1a<\/div>\n<div>M\u00e1xima comodidad durante todo el d\u00eda<\/div>\n<div>Durabilidad, flexibilidad y versatilidad<\/div>\n<div>Fabricadas en piel de primera calidad y lavables a m\u00e1quina<\/div>\n<div>Cierre en velcro para un f\u00e1cil calzado y correcta sujeci\u00f3n<\/div>\n<div>Puntera reforzada para la absorci\u00f3n de impactos y mayor durabilidad<\/div>\n<div>Plantilla amortiguadora superabsorbente y antibacterias<\/div>\n<div>Piso de goma antideslizante y de alta resistencia, favoreciendola flexi\u00f3n normal del pie<\/div>","protected":false},"excerpt":{"rendered":"<p>Merceditas Javer Colegial Piel Lavable para ni\u00f1a Dise\u00f1adas y fabricadas en Espa\u00f1a M\u00e1xima comodidad durante todo el d\u00eda Durabilidad, flexibilidad y versatilidad Fabricadas en piel de primera calidad y lavables a m\u00e1quina Cierre en velcro para un f\u00e1cil calzado y correcta sujeci\u00f3n Puntera reforzada para la absorci\u00f3n de impactos y mayor durabilidad Plantilla amortiguadora superabsorbente y antibacterias Piso de goma antideslizante y de alta resistencia, favoreciendola flexi\u00f3n normal del pie<\/p>","protected":false},"featured_media":13580,"comment_status":"open","ping_status":"closed","template":"","meta":[],"product_brand":[258],"product_cat":[103,151,114,88],"product_tag":[],"class_list":{"0":"post-13577","1":"product","2":"type-product","3":"status-publish","4":"has-post-thumbnail","6":"product_brand-javer","7":"product_cat-colegial-nina","8":"product_cat-javer","9":"product_cat-marcas","10":"product_cat-nina","12":"first","13":"instock","14":"shipping-taxable","15":"purchasable","16":"product-type-variable"},"_links":{"self":[{"href":"https:\/\/katosines.com\/es\/wp-json\/wp\/v2\/product\/13577","targetHints":{"allow":["GET"]}}],"collection":[{"href":"https:\/\/katosines.com\/es\/wp-json\/wp\/v2\/product"}],"about":[{"href":"https:\/\/katosines.com\/es\/wp-json\/wp\/v2\/types\/product"}],"replies":[{"embeddable":true,"href":"https:\/\/katosines.com\/es\/wp-json\/wp\/v2\/comments?post=13577"}],"wp:featuredmedia":[{"embeddable":true,"href":"https:\/\/katosines.com\/es\/wp-json\/wp\/v2\/media\/13580"}],"wp:attachment":[{"href":"https:\/\/katosines.com\/es\/wp-json\/wp\/v2\/media?parent=13577"}],"wp:term":[{"taxonomy":"product_brand","embeddable":true,"href":"https:\/\/katosines.com\/es\/wp-json\/wp\/v2\/product_brand?post=13577"},{"taxonomy":"product_cat","embeddable":true,"href":"https:\/\/katosines.com\/es\/wp-json\/wp\/v2\/product_cat?post=13577"},{"taxonomy":"product_tag","embeddable":true,"href":"https:\/\/katosines.com\/es\/wp-json\/wp\/v2\/product_tag?post=13577"}],"curies":[{"name":"wp","href":"https:\/\/api.w.org\/{rel}","templated":true}]}}