{"id":13587,"date":"2025-10-25T15:56:29","date_gmt":"2025-10-25T15:56:29","guid":{"rendered":"https:\/\/katosines.com\/?post_type=product&#038;p=13587"},"modified":"2025-10-25T15:56:29","modified_gmt":"2025-10-25T15:56:29","slug":"zapatos-colegiales-de-piel-para-nino-tallas-25-a-30-modelo-63-javer","status":"publish","type":"product","link":"https:\/\/katosines.com\/es\/producto\/zapatos-colegiales-de-piel-para-nino-tallas-25-a-30-modelo-63-javer\/","title":{"rendered":"Zapatos colegiales de piel para ni\u00f1o Tallas 25 a 30 Modelo 63 Javer"},"content":{"rendered":"<div><span data-spm-anchor-id=\"euspain.pdp.description.i0.15394a08gPSVEr\">Zapatos Javer Colegial Piel Lavable para ni\u00f1os<\/span><\/div>\n<div>Dise\u00f1ados y fabricados en Espa\u00f1a<\/div>\n<div>M\u00e1xima comodidad durante todo el d\u00eda<\/div>\n<div>Durabilidad, flexibilidad y versatilidad<\/div>\n<div>Fabricados en piel de primera calidad y lavables a m\u00e1quina<\/div>\n<div>Cierre en velcro para un f\u00e1cil calzado y correcta sujeci\u00f3n<\/div>\n<div>Puntera reforzada para la absorci\u00f3n de impactos y mayor durabilidad<\/div>\n<div>Plantilla amortiguadora superabsorbente y antibacterias<\/div>\n<div>Piso de goma antideslizante y de alta resistencia, favoreciendola flexi\u00f3n normal del pie<\/div>","protected":false},"excerpt":{"rendered":"<p>Zapatos Javer Colegial Piel Lavable para ni\u00f1os Dise\u00f1ados y fabricados en Espa\u00f1a M\u00e1xima comodidad durante todo el d\u00eda Durabilidad, flexibilidad y versatilidad Fabricados en piel de primera calidad y lavables a m\u00e1quina Cierre en velcro para un f\u00e1cil calzado y correcta sujeci\u00f3n Puntera reforzada para la absorci\u00f3n de impactos y mayor durabilidad Plantilla amortiguadora superabsorbente y antibacterias Piso de goma antideslizante y de alta resistencia, favoreciendola flexi\u00f3n normal del pie<\/p>","protected":false},"featured_media":13590,"comment_status":"open","ping_status":"closed","template":"","meta":[],"product_brand":[258],"product_cat":[94,151,114,15],"product_tag":[],"class_list":{"0":"post-13587","1":"product","2":"type-product","3":"status-publish","4":"has-post-thumbnail","6":"product_brand-javer","7":"product_cat-colegial-uncategorized","8":"product_cat-javer","9":"product_cat-marcas","10":"product_cat-uncategorized","12":"first","13":"instock","14":"shipping-taxable","15":"purchasable","16":"product-type-variable"},"_links":{"self":[{"href":"https:\/\/katosines.com\/es\/wp-json\/wp\/v2\/product\/13587","targetHints":{"allow":["GET"]}}],"collection":[{"href":"https:\/\/katosines.com\/es\/wp-json\/wp\/v2\/product"}],"about":[{"href":"https:\/\/katosines.com\/es\/wp-json\/wp\/v2\/types\/product"}],"replies":[{"embeddable":true,"href":"https:\/\/katosines.com\/es\/wp-json\/wp\/v2\/comments?post=13587"}],"wp:featuredmedia":[{"embeddable":true,"href":"https:\/\/katosines.com\/es\/wp-json\/wp\/v2\/media\/13590"}],"wp:attachment":[{"href":"https:\/\/katosines.com\/es\/wp-json\/wp\/v2\/media?parent=13587"}],"wp:term":[{"taxonomy":"product_brand","embeddable":true,"href":"https:\/\/katosines.com\/es\/wp-json\/wp\/v2\/product_brand?post=13587"},{"taxonomy":"product_cat","embeddable":true,"href":"https:\/\/katosines.com\/es\/wp-json\/wp\/v2\/product_cat?post=13587"},{"taxonomy":"product_tag","embeddable":true,"href":"https:\/\/katosines.com\/es\/wp-json\/wp\/v2\/product_tag?post=13587"}],"curies":[{"name":"wp","href":"https:\/\/api.w.org\/{rel}","templated":true}]}}