{"id":13820,"date":"2025-10-27T07:31:17","date_gmt":"2025-10-27T07:31:17","guid":{"rendered":"https:\/\/katosines.com\/?post_type=product&#038;p=13820"},"modified":"2025-11-23T09:53:32","modified_gmt":"2025-11-23T09:53:32","slug":"tiendakatosines-katosines-sandalias-de-tacon-de-piel-plantilla-acolchada-hecho-en-espana-tallas-35-a-41-modelo-235-vogue","status":"publish","type":"product","link":"https:\/\/katosines.com\/es\/producto\/tiendakatosines-katosines-sandalias-de-tacon-de-piel-plantilla-acolchada-hecho-en-espana-tallas-35-a-41-modelo-235-vogue\/","title":{"rendered":"Tienda:Katosines Katosines Sandalias de tac\u00f3n de piel plantilla acolchada Hecho en Espa\u00f1a Tallas 35 a 41 Modelo 235 Vogue"},"content":{"rendered":"<p>Sandalias de mujer de piel con tac\u00f3n cuadrado bajo en color platino. Dise\u00f1o elegante con finas tiras cruzadas y cierre de hebilla ajustable al tobillo.<\/p>\n<p>Ideales para eventos, fiestas o para el d\u00eda a d\u00eda con estilo y comodidad.<\/p>\n<p>Hechas en Espa\u00f1a con materiales de alta calidad y un acabado brillante que realza cualquier look.<\/p>\n<p>-ALTURA DEL TACON (CM.): 6.5<\/p>\n<p>-MATERIAL EXTERIOR- CORTE: Piel o Metal piel<\/p>\n<p>-PLANTILLA: Piel acolchada<\/p>\n<p>-MATERIAL INTERIOR-FORRO : Piel<\/p>\n<p>-PISO-SUELA: Sint\u00e9tico<\/p>","protected":false},"excerpt":{"rendered":"<p>Sandalias de mujer de piel con tac\u00f3n cuadrado bajo en color platino. Dise\u00f1o elegante con finas tiras cruzadas y cierre de hebilla ajustable al tobillo. Ideales para eventos, fiestas o para el d\u00eda a d\u00eda con estilo y comodidad. Hechas en Espa\u00f1a con materiales de alta calidad y un acabado brillante que realza cualquier look. -ALTURA DEL TACON (CM.): 6.5 -MATERIAL EXTERIOR- CORTE: Piel o Metal piel -PLANTILLA: Piel acolchada -MATERIAL INTERIOR-FORRO : Piel -PISO-SUELA: Sint\u00e9tico<\/p>","protected":false},"featured_media":13823,"comment_status":"open","ping_status":"closed","template":"","meta":[],"product_brand":[384],"product_cat":[385,107,45],"product_tag":[],"class_list":{"0":"post-13820","1":"product","2":"type-product","3":"status-publish","4":"has-post-thumbnail","6":"product_brand-vogue","7":"product_cat-vogue","8":"product_cat-sandalias-mujer","9":"product_cat-mujer","11":"first","12":"instock","13":"shipping-taxable","14":"purchasable","15":"product-type-variable"},"_links":{"self":[{"href":"https:\/\/katosines.com\/es\/wp-json\/wp\/v2\/product\/13820","targetHints":{"allow":["GET"]}}],"collection":[{"href":"https:\/\/katosines.com\/es\/wp-json\/wp\/v2\/product"}],"about":[{"href":"https:\/\/katosines.com\/es\/wp-json\/wp\/v2\/types\/product"}],"replies":[{"embeddable":true,"href":"https:\/\/katosines.com\/es\/wp-json\/wp\/v2\/comments?post=13820"}],"wp:featuredmedia":[{"embeddable":true,"href":"https:\/\/katosines.com\/es\/wp-json\/wp\/v2\/media\/13823"}],"wp:attachment":[{"href":"https:\/\/katosines.com\/es\/wp-json\/wp\/v2\/media?parent=13820"}],"wp:term":[{"taxonomy":"product_brand","embeddable":true,"href":"https:\/\/katosines.com\/es\/wp-json\/wp\/v2\/product_brand?post=13820"},{"taxonomy":"product_cat","embeddable":true,"href":"https:\/\/katosines.com\/es\/wp-json\/wp\/v2\/product_cat?post=13820"},{"taxonomy":"product_tag","embeddable":true,"href":"https:\/\/katosines.com\/es\/wp-json\/wp\/v2\/product_tag?post=13820"}],"curies":[{"name":"wp","href":"https:\/\/api.w.org\/{rel}","templated":true}]}}