{"id":13982,"date":"2025-10-27T16:20:07","date_gmt":"2025-10-27T16:20:07","guid":{"rendered":"https:\/\/katosines.com\/?post_type=product&#038;p=13982"},"modified":"2025-10-27T16:20:07","modified_gmt":"2025-10-27T16:20:07","slug":"zapatillas-calzado-respetuoso-para-nino-y-nina-tallas-20-a-32-modelo-z126-condiz","status":"publish","type":"product","link":"https:\/\/katosines.com\/es\/producto\/zapatillas-calzado-respetuoso-para-nino-y-nina-tallas-20-a-32-modelo-z126-condiz\/","title":{"rendered":"Zapatillas calzado respetuoso para ni\u00f1o y ni\u00f1a Tallas 20 a 32 Modelo Z126 Condiz"},"content":{"rendered":"<p>Zapatillas respetuosas de la marca Condiz. Elaboradas en piel de alta calidad para garantizar suavidad y transpirabilidad. Incorporan cierre de velcro y cordones el\u00e1sticos para un ajuste r\u00e1pido y c\u00f3modo. La suela fina, flexible y antideslizante favorece el desarrollo natural del pie y proporciona seguridad en cada paso. Ideales para uso diario y para acompa\u00f1ar a los m\u00e1s peque\u00f1os en sus primeros pasos.<\/p>\n<p>GUIA DE TALLAS<\/p>\n<p><img decoding=\"async\" src=\"https:\/\/img2.miravia.es\/g\/fb\/kf\/E304ebce8c6c94d3f8045e466f048b3d3k.jpeg_2200x2200q75.avif\" alt=\"Zapatillas calzado respetuoso para ni\u00f1o y ni\u00f1a Tallas 20 a 32 Modelo Z126 Condiz - details 0\" title=\"\"><\/p>","protected":false},"excerpt":{"rendered":"<p>Zapatillas respetuosas de la marca Condiz. Elaboradas en piel de alta calidad para garantizar suavidad y transpirabilidad. Incorporan cierre de velcro y cordones el\u00e1sticos para un ajuste r\u00e1pido y c\u00f3modo. La suela fina, flexible y antideslizante favorece el desarrollo natural del pie y proporciona seguridad en cada paso. Ideales para uso diario y para acompa\u00f1ar a los m\u00e1s peque\u00f1os en sus primeros pasos. GUIA DE TALLAS<\/p>","protected":false},"featured_media":13986,"comment_status":"open","ping_status":"closed","template":"","meta":[],"product_brand":[72],"product_cat":[94,103,119,114,88,90,15],"product_tag":[],"class_list":{"0":"post-13982","1":"product","2":"type-product","3":"status-publish","4":"has-post-thumbnail","6":"product_brand-condiz","7":"product_cat-colegial-uncategorized","8":"product_cat-colegial-nina","9":"product_cat-condiz","10":"product_cat-marcas","11":"product_cat-nina","12":"product_cat-respetuoso-2","13":"product_cat-uncategorized","15":"first","16":"instock","17":"shipping-taxable","18":"purchasable","19":"product-type-variable"},"_links":{"self":[{"href":"https:\/\/katosines.com\/es\/wp-json\/wp\/v2\/product\/13982","targetHints":{"allow":["GET"]}}],"collection":[{"href":"https:\/\/katosines.com\/es\/wp-json\/wp\/v2\/product"}],"about":[{"href":"https:\/\/katosines.com\/es\/wp-json\/wp\/v2\/types\/product"}],"replies":[{"embeddable":true,"href":"https:\/\/katosines.com\/es\/wp-json\/wp\/v2\/comments?post=13982"}],"wp:featuredmedia":[{"embeddable":true,"href":"https:\/\/katosines.com\/es\/wp-json\/wp\/v2\/media\/13986"}],"wp:attachment":[{"href":"https:\/\/katosines.com\/es\/wp-json\/wp\/v2\/media?parent=13982"}],"wp:term":[{"taxonomy":"product_brand","embeddable":true,"href":"https:\/\/katosines.com\/es\/wp-json\/wp\/v2\/product_brand?post=13982"},{"taxonomy":"product_cat","embeddable":true,"href":"https:\/\/katosines.com\/es\/wp-json\/wp\/v2\/product_cat?post=13982"},{"taxonomy":"product_tag","embeddable":true,"href":"https:\/\/katosines.com\/es\/wp-json\/wp\/v2\/product_tag?post=13982"}],"curies":[{"name":"wp","href":"https:\/\/api.w.org\/{rel}","templated":true}]}}