{"id":14122,"date":"2025-11-04T07:12:04","date_gmt":"2025-11-04T07:12:04","guid":{"rendered":"https:\/\/katosines.com\/?post_type=product&#038;p=14122"},"modified":"2025-11-04T07:12:04","modified_gmt":"2025-11-04T07:12:04","slug":"zapatillas-de-estar-por-casa-para-hombre-hecho-en-espana-tallas-39-a-47-modelo-12249-katosines","status":"publish","type":"product","link":"https:\/\/katosines.com\/es\/producto\/zapatillas-de-estar-por-casa-para-hombre-hecho-en-espana-tallas-39-a-47-modelo-12249-katosines\/","title":{"rendered":"Zapatillas de estar por casa para hombre Hecho en Espa\u00f1a Tallas 39 a 47 Modelo 12249 Katosines"},"content":{"rendered":"<p>Zapatillas de casa cerradas para hombre con exterior textil en tono marino y suave forro interior de pelo gris.<\/p>\n<p>Dise\u00f1adas para ofrecer abrigo y confort durante los meses fr\u00edos.<\/p>\n<p>Suela flexible y antideslizante que garantiza comodidad y seguridad al caminar.<\/p>\n<p>Modelo cl\u00e1sico, resistente y muy c\u00f3modo para el hogar.<\/p>\n<p>Hechas en Espa\u00f1a.<\/p>","protected":false},"excerpt":{"rendered":"<p>Zapatillas de casa cerradas para hombre con exterior textil en tono marino y suave forro interior de pelo gris. Dise\u00f1adas para ofrecer abrigo y confort durante los meses fr\u00edos. Suela flexible y antideslizante que garantiza comodidad y seguridad al caminar. Modelo cl\u00e1sico, resistente y muy c\u00f3modo para el hogar. Hechas en Espa\u00f1a.<\/p>","protected":false},"featured_media":14125,"comment_status":"open","ping_status":"closed","template":"","meta":[],"product_brand":[280],"product_cat":[136,321,114,44],"product_tag":[],"class_list":{"0":"post-14122","1":"product","2":"type-product","3":"status-publish","4":"has-post-thumbnail","6":"product_brand-katosines","7":"product_cat-zapatillas-de-casa-hombre","8":"product_cat-katosines","9":"product_cat-marcas","10":"product_cat-hombre","12":"first","13":"instock","14":"shipping-taxable","15":"purchasable","16":"product-type-variable"},"_links":{"self":[{"href":"https:\/\/katosines.com\/es\/wp-json\/wp\/v2\/product\/14122","targetHints":{"allow":["GET"]}}],"collection":[{"href":"https:\/\/katosines.com\/es\/wp-json\/wp\/v2\/product"}],"about":[{"href":"https:\/\/katosines.com\/es\/wp-json\/wp\/v2\/types\/product"}],"replies":[{"embeddable":true,"href":"https:\/\/katosines.com\/es\/wp-json\/wp\/v2\/comments?post=14122"}],"wp:featuredmedia":[{"embeddable":true,"href":"https:\/\/katosines.com\/es\/wp-json\/wp\/v2\/media\/14125"}],"wp:attachment":[{"href":"https:\/\/katosines.com\/es\/wp-json\/wp\/v2\/media?parent=14122"}],"wp:term":[{"taxonomy":"product_brand","embeddable":true,"href":"https:\/\/katosines.com\/es\/wp-json\/wp\/v2\/product_brand?post=14122"},{"taxonomy":"product_cat","embeddable":true,"href":"https:\/\/katosines.com\/es\/wp-json\/wp\/v2\/product_cat?post=14122"},{"taxonomy":"product_tag","embeddable":true,"href":"https:\/\/katosines.com\/es\/wp-json\/wp\/v2\/product_tag?post=14122"}],"curies":[{"name":"wp","href":"https:\/\/api.w.org\/{rel}","templated":true}]}}