{"id":14246,"date":"2025-11-04T11:09:07","date_gmt":"2025-11-04T11:09:07","guid":{"rendered":"https:\/\/katosines.com\/?post_type=product&#038;p=14246"},"modified":"2025-11-04T11:09:07","modified_gmt":"2025-11-04T11:09:07","slug":"zapatillas-de-estar-por-casa-abiertas-para-mujer-y-hombre-de-terciopelo-hecho-en-espana-tallas-35-a-50-modelo-lc4-sevillas","status":"publish","type":"product","link":"https:\/\/katosines.com\/es\/producto\/zapatillas-de-estar-por-casa-abiertas-para-mujer-y-hombre-de-terciopelo-hecho-en-espana-tallas-35-a-50-modelo-lc4-sevillas\/","title":{"rendered":"Zapatillas de estar por casa abiertas para mujer y hombre de terciopelo Hecho en Espa\u00f1a Tallas 35 a 50 Modelo Lc4 Sevillas"},"content":{"rendered":"<p>Zapatillas de casa cerradas para hombre con exterior de terciopelo azul marino y forro interior c\u00e1lido y suave.<\/p>\n<p>Dise\u00f1o cl\u00e1sico con detalle bordado en el empeine y suela antideslizante para mayor seguridad.<\/p>\n<p>Ofrecen comodidad, ligereza y abrigo, perfectas para el invierno.<\/p>\n<p>Hechas en Espa\u00f1a.<\/p>","protected":false},"excerpt":{"rendered":"<p>Zapatillas de casa cerradas para hombre con exterior de terciopelo azul marino y forro interior c\u00e1lido y suave. Dise\u00f1o cl\u00e1sico con detalle bordado en el empeine y suela antideslizante para mayor seguridad. Ofrecen comodidad, ligereza y abrigo, perfectas para el invierno. Hechas en Espa\u00f1a.<\/p>","protected":false},"featured_media":14250,"comment_status":"open","ping_status":"closed","template":"","meta":[],"product_brand":[389],"product_cat":[131,114,390,136,44,45],"product_tag":[],"class_list":{"0":"post-14246","1":"product","2":"type-product","3":"status-publish","4":"has-post-thumbnail","6":"product_brand-sevillas","7":"product_cat-zapatillas-de-casa","8":"product_cat-marcas","9":"product_cat-sevillas","10":"product_cat-zapatillas-de-casa-hombre","11":"product_cat-hombre","12":"product_cat-mujer","14":"first","15":"instock","16":"shipping-taxable","17":"purchasable","18":"product-type-variable"},"_links":{"self":[{"href":"https:\/\/katosines.com\/es\/wp-json\/wp\/v2\/product\/14246","targetHints":{"allow":["GET"]}}],"collection":[{"href":"https:\/\/katosines.com\/es\/wp-json\/wp\/v2\/product"}],"about":[{"href":"https:\/\/katosines.com\/es\/wp-json\/wp\/v2\/types\/product"}],"replies":[{"embeddable":true,"href":"https:\/\/katosines.com\/es\/wp-json\/wp\/v2\/comments?post=14246"}],"wp:featuredmedia":[{"embeddable":true,"href":"https:\/\/katosines.com\/es\/wp-json\/wp\/v2\/media\/14250"}],"wp:attachment":[{"href":"https:\/\/katosines.com\/es\/wp-json\/wp\/v2\/media?parent=14246"}],"wp:term":[{"taxonomy":"product_brand","embeddable":true,"href":"https:\/\/katosines.com\/es\/wp-json\/wp\/v2\/product_brand?post=14246"},{"taxonomy":"product_cat","embeddable":true,"href":"https:\/\/katosines.com\/es\/wp-json\/wp\/v2\/product_cat?post=14246"},{"taxonomy":"product_tag","embeddable":true,"href":"https:\/\/katosines.com\/es\/wp-json\/wp\/v2\/product_tag?post=14246"}],"curies":[{"name":"wp","href":"https:\/\/api.w.org\/{rel}","templated":true}]}}