{"id":14298,"date":"2025-11-04T12:10:05","date_gmt":"2025-11-04T12:10:05","guid":{"rendered":"https:\/\/katosines.com\/?post_type=product&#038;p=14298"},"modified":"2025-11-04T12:10:05","modified_gmt":"2025-11-04T12:10:05","slug":"zapatillas-de-estar-por-casa-abiertas-para-mujer-de-terciopelo-hecho-en-espana-tallas-35-a-42-modelo-x5-sevillas","status":"publish","type":"product","link":"https:\/\/katosines.com\/es\/producto\/zapatillas-de-estar-por-casa-abiertas-para-mujer-de-terciopelo-hecho-en-espana-tallas-35-a-42-modelo-x5-sevillas\/","title":{"rendered":"Zapatillas de estar por casa abiertas para mujer de terciopelo Hecho en Espa\u00f1a Tallas 35 a 42 Modelo X5 Sevillas"},"content":{"rendered":"<p>Zapatillas de casa abiertas para mujer fabricadas en suave terciopelo azul con ribete en tono claro.<\/p>\n<p>Forro interior aterciopelado que proporciona una sensaci\u00f3n c\u00e1lida y confortable.<\/p>\n<p>Suela ligera y antideslizante para mayor seguridad y comodidad en el hogar.<\/p>\n<p>Dise\u00f1o elegante, suave y muy c\u00f3modo, ideal para los meses de invierno.<\/p>\n<p>Hechas en Espa\u00f1a.<\/p>","protected":false},"excerpt":{"rendered":"<p>Zapatillas de casa abiertas para mujer fabricadas en suave terciopelo azul con ribete en tono claro. Forro interior aterciopelado que proporciona una sensaci\u00f3n c\u00e1lida y confortable. Suela ligera y antideslizante para mayor seguridad y comodidad en el hogar. Dise\u00f1o elegante, suave y muy c\u00f3modo, ideal para los meses de invierno. Hechas en Espa\u00f1a.<\/p>","protected":false},"featured_media":14301,"comment_status":"open","ping_status":"closed","template":"","meta":[],"product_brand":[389],"product_cat":[131,114,390,45],"product_tag":[],"class_list":{"0":"post-14298","1":"product","2":"type-product","3":"status-publish","4":"has-post-thumbnail","6":"product_brand-sevillas","7":"product_cat-zapatillas-de-casa","8":"product_cat-marcas","9":"product_cat-sevillas","10":"product_cat-mujer","12":"first","13":"instock","14":"shipping-taxable","15":"purchasable","16":"product-type-variable"},"_links":{"self":[{"href":"https:\/\/katosines.com\/es\/wp-json\/wp\/v2\/product\/14298","targetHints":{"allow":["GET"]}}],"collection":[{"href":"https:\/\/katosines.com\/es\/wp-json\/wp\/v2\/product"}],"about":[{"href":"https:\/\/katosines.com\/es\/wp-json\/wp\/v2\/types\/product"}],"replies":[{"embeddable":true,"href":"https:\/\/katosines.com\/es\/wp-json\/wp\/v2\/comments?post=14298"}],"wp:featuredmedia":[{"embeddable":true,"href":"https:\/\/katosines.com\/es\/wp-json\/wp\/v2\/media\/14301"}],"wp:attachment":[{"href":"https:\/\/katosines.com\/es\/wp-json\/wp\/v2\/media?parent=14298"}],"wp:term":[{"taxonomy":"product_brand","embeddable":true,"href":"https:\/\/katosines.com\/es\/wp-json\/wp\/v2\/product_brand?post=14298"},{"taxonomy":"product_cat","embeddable":true,"href":"https:\/\/katosines.com\/es\/wp-json\/wp\/v2\/product_cat?post=14298"},{"taxonomy":"product_tag","embeddable":true,"href":"https:\/\/katosines.com\/es\/wp-json\/wp\/v2\/product_tag?post=14298"}],"curies":[{"name":"wp","href":"https:\/\/api.w.org\/{rel}","templated":true}]}}