{"id":14327,"date":"2025-11-04T12:20:39","date_gmt":"2025-11-04T12:20:39","guid":{"rendered":"https:\/\/katosines.com\/?post_type=product&#038;p=14327"},"modified":"2025-11-04T12:20:39","modified_gmt":"2025-11-04T12:20:39","slug":"zapatillas-de-estar-por-casa-cerradas-para-mujer-de-terciopelo-hecho-en-espana-tallas-35-a-42-modelo-z4-sevillas","status":"publish","type":"product","link":"https:\/\/katosines.com\/es\/producto\/zapatillas-de-estar-por-casa-cerradas-para-mujer-de-terciopelo-hecho-en-espana-tallas-35-a-42-modelo-z4-sevillas\/","title":{"rendered":"Zapatillas de estar por casa cerradas para mujer de terciopelo Hecho en Espa\u00f1a Tallas 35 a 42 Modelo Z4 Sevillas"},"content":{"rendered":"<p>Zapatillas de casa cerradas para mujer fabricadas en suave terciopelo color fucsia con ribete en tono claro.<\/p>\n<p>Forro interior c\u00e1lido y plantilla acolchada que aportan confort y abrigo durante el invierno.<\/p>\n<p>Suela ligera y antideslizante ideal para caminar c\u00f3modamente por el hogar.<\/p>\n<p>Dise\u00f1o sencillo, femenino y muy c\u00f3modo.<\/p>\n<p>Hechas en Espa\u00f1a.<\/p>","protected":false},"excerpt":{"rendered":"<p>Zapatillas de casa cerradas para mujer fabricadas en suave terciopelo color fucsia con ribete en tono claro. Forro interior c\u00e1lido y plantilla acolchada que aportan confort y abrigo durante el invierno. Suela ligera y antideslizante ideal para caminar c\u00f3modamente por el hogar. Dise\u00f1o sencillo, femenino y muy c\u00f3modo. Hechas en Espa\u00f1a.<\/p>","protected":false},"featured_media":14331,"comment_status":"open","ping_status":"closed","template":"","meta":[],"product_brand":[389],"product_cat":[131,114,390,45],"product_tag":[],"class_list":{"0":"post-14327","1":"product","2":"type-product","3":"status-publish","4":"has-post-thumbnail","6":"product_brand-sevillas","7":"product_cat-zapatillas-de-casa","8":"product_cat-marcas","9":"product_cat-sevillas","10":"product_cat-mujer","12":"first","13":"instock","14":"shipping-taxable","15":"purchasable","16":"product-type-variable"},"_links":{"self":[{"href":"https:\/\/katosines.com\/es\/wp-json\/wp\/v2\/product\/14327","targetHints":{"allow":["GET"]}}],"collection":[{"href":"https:\/\/katosines.com\/es\/wp-json\/wp\/v2\/product"}],"about":[{"href":"https:\/\/katosines.com\/es\/wp-json\/wp\/v2\/types\/product"}],"replies":[{"embeddable":true,"href":"https:\/\/katosines.com\/es\/wp-json\/wp\/v2\/comments?post=14327"}],"wp:featuredmedia":[{"embeddable":true,"href":"https:\/\/katosines.com\/es\/wp-json\/wp\/v2\/media\/14331"}],"wp:attachment":[{"href":"https:\/\/katosines.com\/es\/wp-json\/wp\/v2\/media?parent=14327"}],"wp:term":[{"taxonomy":"product_brand","embeddable":true,"href":"https:\/\/katosines.com\/es\/wp-json\/wp\/v2\/product_brand?post=14327"},{"taxonomy":"product_cat","embeddable":true,"href":"https:\/\/katosines.com\/es\/wp-json\/wp\/v2\/product_cat?post=14327"},{"taxonomy":"product_tag","embeddable":true,"href":"https:\/\/katosines.com\/es\/wp-json\/wp\/v2\/product_tag?post=14327"}],"curies":[{"name":"wp","href":"https:\/\/api.w.org\/{rel}","templated":true}]}}