{"id":14565,"date":"2025-11-10T15:53:51","date_gmt":"2025-11-10T15:53:51","guid":{"rendered":"https:\/\/katosines.com\/?post_type=product&#038;p=14565"},"modified":"2025-11-10T15:54:53","modified_gmt":"2025-11-10T15:54:53","slug":"mocasin-de-piel-cpara-mujer-hecho-en-espana-tallas-36-a-41-modelo-3138-jam","status":"publish","type":"product","link":"https:\/\/katosines.com\/es\/producto\/mocasin-de-piel-cpara-mujer-hecho-en-espana-tallas-36-a-41-modelo-3138-jam\/","title":{"rendered":"Mocasin de piel para mujer Hecho en Espa\u00f1a Tallas 36 a 41 Modelo 3138 Jam"},"content":{"rendered":"<p>Los mocasines de piel combinan elegancia, comodidad y calidad artesanal.<\/p>\n<p>Fabricados en piel natural, se adaptan al pie proporcionando una sensaci\u00f3n suave y confortable durante todo el d\u00eda.<\/p>\n<p>Su dise\u00f1o cl\u00e1sico con cu\u00f1a ligera y suela flexible los convierte en una opci\u00f3n perfecta tanto para el trabajo como para el uso diario.<\/p>\n<p>Cuentan con interior forrado en piel, lo que favorece la transpiraci\u00f3n y evita rozaduras.<\/p>\n<p>Hechos con materiales de primera calidad y fabricados 100 % en Espa\u00f1a, destacan por su durabilidad, estilo y confort.<\/p>","protected":false},"excerpt":{"rendered":"<p>Los mocasines de piel combinan elegancia, comodidad y calidad artesanal. Fabricados en piel natural, se adaptan al pie proporcionando una sensaci\u00f3n suave y confortable durante todo el d\u00eda. Su dise\u00f1o cl\u00e1sico con cu\u00f1a ligera y suela flexible los convierte en una opci\u00f3n perfecta tanto para el trabajo como para el uso diario. Cuentan con interior forrado en piel, lo que favorece la transpiraci\u00f3n y evita rozaduras. Hechos con materiales de primera calidad y fabricados 100 % en Espa\u00f1a, destacan por su durabilidad, estilo y confort.<\/p>","protected":false},"featured_media":14569,"comment_status":"open","ping_status":"closed","template":"","meta":[],"product_brand":[257],"product_cat":[106,130,114,45],"product_tag":[],"class_list":{"0":"post-14565","1":"product","2":"type-product","3":"status-publish","4":"has-post-thumbnail","6":"product_brand-jam","7":"product_cat-zapatos-mujer","8":"product_cat-jam","9":"product_cat-marcas","10":"product_cat-mujer","12":"first","13":"instock","14":"shipping-taxable","15":"purchasable","16":"product-type-variable"},"_links":{"self":[{"href":"https:\/\/katosines.com\/es\/wp-json\/wp\/v2\/product\/14565","targetHints":{"allow":["GET"]}}],"collection":[{"href":"https:\/\/katosines.com\/es\/wp-json\/wp\/v2\/product"}],"about":[{"href":"https:\/\/katosines.com\/es\/wp-json\/wp\/v2\/types\/product"}],"replies":[{"embeddable":true,"href":"https:\/\/katosines.com\/es\/wp-json\/wp\/v2\/comments?post=14565"}],"wp:featuredmedia":[{"embeddable":true,"href":"https:\/\/katosines.com\/es\/wp-json\/wp\/v2\/media\/14569"}],"wp:attachment":[{"href":"https:\/\/katosines.com\/es\/wp-json\/wp\/v2\/media?parent=14565"}],"wp:term":[{"taxonomy":"product_brand","embeddable":true,"href":"https:\/\/katosines.com\/es\/wp-json\/wp\/v2\/product_brand?post=14565"},{"taxonomy":"product_cat","embeddable":true,"href":"https:\/\/katosines.com\/es\/wp-json\/wp\/v2\/product_cat?post=14565"},{"taxonomy":"product_tag","embeddable":true,"href":"https:\/\/katosines.com\/es\/wp-json\/wp\/v2\/product_tag?post=14565"}],"curies":[{"name":"wp","href":"https:\/\/api.w.org\/{rel}","templated":true}]}}