{"id":14929,"date":"2025-11-12T20:21:56","date_gmt":"2025-11-12T20:21:56","guid":{"rendered":"https:\/\/katosines.com\/?post_type=product&#038;p=14929"},"modified":"2025-11-23T09:29:47","modified_gmt":"2025-11-23T09:29:47","slug":"bota-blucher-de-serraje-para-mujer-tallas-36-a-40-modelo-309-sevillas","status":"publish","type":"product","link":"https:\/\/katosines.com\/es\/producto\/bota-blucher-de-serraje-para-mujer-tallas-36-a-40-modelo-309-sevillas\/","title":{"rendered":"Bota Blucher de serraje para mujer Tallas 36 a 40 Modelo 309 Sevillas"},"content":{"rendered":"<p data-start=\"473\" data-end=\"714\">La <strong data-start=\"476\" data-end=\"503\">Bota Blucher de serraje<\/strong> es una opci\u00f3n vers\u00e1til y atemporal, dise\u00f1ada tanto para <strong data-start=\"560\" data-end=\"586\">hombre como para mujer<\/strong>.<br data-start=\"587\" data-end=\"590\" \/>Elaborada en <strong data-start=\"603\" data-end=\"630\">serraje de alta calidad<\/strong>, ofrece un tacto suave, excelente durabilidad y un estilo elegante pero informal.<\/p>\n<p data-start=\"716\" data-end=\"909\">Su dise\u00f1o tipo <strong data-start=\"731\" data-end=\"742\">Blucher<\/strong> con cordones proporciona una <strong data-start=\"772\" data-end=\"804\">sujeci\u00f3n firme y confortable<\/strong>, mientras que la <strong data-start=\"822\" data-end=\"854\">suela de goma antideslizante<\/strong> garantiza una pisada segura en cualquier superficie.<\/p>\n<p data-start=\"911\" data-end=\"1004\">Perfecta para combinar con vaqueros, pantalones de vestir o looks casual de oto\u00f1o e invierno.<\/p>","protected":false},"excerpt":{"rendered":"<p>La Bota Blucher de serraje es una opci\u00f3n vers\u00e1til y atemporal, dise\u00f1ada tanto para hombre como para mujer.Elaborada en serraje de alta calidad, ofrece un tacto suave, excelente durabilidad y un estilo elegante pero informal. Su dise\u00f1o tipo Blucher con cordones proporciona una sujeci\u00f3n firme y confortable, mientras que la suela de goma antideslizante garantiza una pisada segura en cualquier superficie. Perfecta para combinar con vaqueros, pantalones de vestir o looks casual de oto\u00f1o e invierno.<\/p>","protected":false},"featured_media":14775,"comment_status":"open","ping_status":"closed","template":"","meta":[],"product_brand":[389],"product_cat":[114,109,390,45],"product_tag":[],"class_list":{"0":"post-14929","1":"product","2":"type-product","3":"status-publish","4":"has-post-thumbnail","6":"product_brand-sevillas","7":"product_cat-marcas","8":"product_cat-botines-mujer","9":"product_cat-sevillas","10":"product_cat-mujer","12":"first","13":"instock","14":"shipping-taxable","15":"purchasable","16":"product-type-variable"},"_links":{"self":[{"href":"https:\/\/katosines.com\/es\/wp-json\/wp\/v2\/product\/14929","targetHints":{"allow":["GET"]}}],"collection":[{"href":"https:\/\/katosines.com\/es\/wp-json\/wp\/v2\/product"}],"about":[{"href":"https:\/\/katosines.com\/es\/wp-json\/wp\/v2\/types\/product"}],"replies":[{"embeddable":true,"href":"https:\/\/katosines.com\/es\/wp-json\/wp\/v2\/comments?post=14929"}],"wp:featuredmedia":[{"embeddable":true,"href":"https:\/\/katosines.com\/es\/wp-json\/wp\/v2\/media\/14775"}],"wp:attachment":[{"href":"https:\/\/katosines.com\/es\/wp-json\/wp\/v2\/media?parent=14929"}],"wp:term":[{"taxonomy":"product_brand","embeddable":true,"href":"https:\/\/katosines.com\/es\/wp-json\/wp\/v2\/product_brand?post=14929"},{"taxonomy":"product_cat","embeddable":true,"href":"https:\/\/katosines.com\/es\/wp-json\/wp\/v2\/product_cat?post=14929"},{"taxonomy":"product_tag","embeddable":true,"href":"https:\/\/katosines.com\/es\/wp-json\/wp\/v2\/product_tag?post=14929"}],"curies":[{"name":"wp","href":"https:\/\/api.w.org\/{rel}","templated":true}]}}