{"id":15055,"date":"2025-11-13T07:39:49","date_gmt":"2025-11-13T07:39:49","guid":{"rendered":"https:\/\/katosines.com\/?post_type=product&#038;p=15055"},"modified":"2025-11-13T07:39:49","modified_gmt":"2025-11-13T07:39:49","slug":"zueco-de-licra-con-cuna-plana-para-mujer-tallas-35-a-42-modelo-1183-sevillas","status":"publish","type":"product","link":"https:\/\/katosines.com\/es\/producto\/zueco-de-licra-con-cuna-plana-para-mujer-tallas-35-a-42-modelo-1183-sevillas\/","title":{"rendered":"Zueco de licra con cu\u00f1a plana para mujer Tallas 35 a 42 Modelo 1183 Sevillas"},"content":{"rendered":"<p data-start=\"499\" data-end=\"782\">El <strong data-start=\"502\" data-end=\"546\">zueco de licra con cu\u00f1a plana para mujer<\/strong> combina <strong data-start=\"555\" data-end=\"587\">comodidad, ligereza y estilo<\/strong> en un dise\u00f1o pensado para el d\u00eda a d\u00eda.<br data-start=\"627\" data-end=\"630\" \/>Su <strong data-start=\"633\" data-end=\"661\">tejido el\u00e1stico de licra<\/strong> se adapta al pie ofreciendo una sensaci\u00f3n de suavidad y libertad de movimiento, perfecta para pies delicados o anchos.<\/p>\n<p data-start=\"784\" data-end=\"952\">La <strong data-start=\"787\" data-end=\"801\">cu\u00f1a plana<\/strong> proporciona una ligera elevaci\u00f3n que favorece la postura y reduce la fatiga, mientras que la <strong data-start=\"895\" data-end=\"919\">suela antideslizante<\/strong> aporta seguridad en cada paso.<\/p>\n<p data-start=\"954\" data-end=\"1037\">Ideal para <strong data-start=\"965\" data-end=\"1034\">trabajar, estar en casa o salir a la calle con comodidad y estilo<\/strong>.<\/p>","protected":false},"excerpt":{"rendered":"<p>El zueco de licra con cu\u00f1a plana para mujer combina comodidad, ligereza y estilo en un dise\u00f1o pensado para el d\u00eda a d\u00eda.Su tejido el\u00e1stico de licra se adapta al pie ofreciendo una sensaci\u00f3n de suavidad y libertad de movimiento, perfecta para pies delicados o anchos. La cu\u00f1a plana proporciona una ligera elevaci\u00f3n que favorece la postura y reduce la fatiga, mientras que la suela antideslizante aporta seguridad en cada paso. Ideal para trabajar, estar en casa o salir a la calle con comodidad y estilo.<\/p>","protected":false},"featured_media":15058,"comment_status":"open","ping_status":"closed","template":"","meta":[],"product_brand":[389],"product_cat":[106,114,390,45],"product_tag":[],"class_list":{"0":"post-15055","1":"product","2":"type-product","3":"status-publish","4":"has-post-thumbnail","6":"product_brand-sevillas","7":"product_cat-zapatos-mujer","8":"product_cat-marcas","9":"product_cat-sevillas","10":"product_cat-mujer","12":"first","13":"instock","14":"shipping-taxable","15":"purchasable","16":"product-type-variable"},"_links":{"self":[{"href":"https:\/\/katosines.com\/es\/wp-json\/wp\/v2\/product\/15055","targetHints":{"allow":["GET"]}}],"collection":[{"href":"https:\/\/katosines.com\/es\/wp-json\/wp\/v2\/product"}],"about":[{"href":"https:\/\/katosines.com\/es\/wp-json\/wp\/v2\/types\/product"}],"replies":[{"embeddable":true,"href":"https:\/\/katosines.com\/es\/wp-json\/wp\/v2\/comments?post=15055"}],"wp:featuredmedia":[{"embeddable":true,"href":"https:\/\/katosines.com\/es\/wp-json\/wp\/v2\/media\/15058"}],"wp:attachment":[{"href":"https:\/\/katosines.com\/es\/wp-json\/wp\/v2\/media?parent=15055"}],"wp:term":[{"taxonomy":"product_brand","embeddable":true,"href":"https:\/\/katosines.com\/es\/wp-json\/wp\/v2\/product_brand?post=15055"},{"taxonomy":"product_cat","embeddable":true,"href":"https:\/\/katosines.com\/es\/wp-json\/wp\/v2\/product_cat?post=15055"},{"taxonomy":"product_tag","embeddable":true,"href":"https:\/\/katosines.com\/es\/wp-json\/wp\/v2\/product_tag?post=15055"}],"curies":[{"name":"wp","href":"https:\/\/api.w.org\/{rel}","templated":true}]}}