{"id":15232,"date":"2025-11-13T10:31:57","date_gmt":"2025-11-13T10:31:57","guid":{"rendered":"https:\/\/katosines.com\/?post_type=product&#038;p=15232"},"modified":"2025-11-13T10:31:58","modified_gmt":"2025-11-13T10:31:58","slug":"cangrejo-fantasia-draco-para-mujer-tallas-35-a-41-modelo-774-722-sevillas","status":"publish","type":"product","link":"https:\/\/katosines.com\/es\/producto\/cangrejo-fantasia-draco-para-mujer-tallas-35-a-41-modelo-774-722-sevillas\/","title":{"rendered":"Cangrejo fantas\u00eda draco para mujer Tallas 35 a 41 Modelo 774-722 Sevillas"},"content":{"rendered":"<p data-start=\"596\" data-end=\"874\">El <strong data-start=\"599\" data-end=\"637\">cangrejo fantas\u00eda draco para mujer<\/strong> combina <strong data-start=\"646\" data-end=\"687\">dise\u00f1o elegante, comodidad y frescura<\/strong> en un calzado ideal para los d\u00edas c\u00e1lidos.<br data-start=\"730\" data-end=\"733\" \/>Su <strong data-start=\"736\" data-end=\"757\">empeine punzonado<\/strong> favorece la transpiraci\u00f3n, mientras que los <strong data-start=\"802\" data-end=\"825\">el\u00e1sticos laterales<\/strong> permiten un ajuste perfecto y f\u00e1cil de calzar.<\/p>\n<p data-start=\"876\" data-end=\"1108\">La <strong data-start=\"879\" data-end=\"914\">plantilla acolchada y extra\u00edble<\/strong> ofrece una pisada suave y confortable durante todo el d\u00eda.<br data-start=\"973\" data-end=\"976\" \/>Fabricado con <strong data-start=\"990\" data-end=\"1024\">materiales ligeros y flexibles<\/strong>, es perfecto para <strong data-start=\"1043\" data-end=\"1075\">uso diario, trabajo o paseos<\/strong> en temporada primavera-verano.<\/p>","protected":false},"excerpt":{"rendered":"<p>El cangrejo fantas\u00eda draco para mujer combina dise\u00f1o elegante, comodidad y frescura en un calzado ideal para los d\u00edas c\u00e1lidos.Su empeine punzonado favorece la transpiraci\u00f3n, mientras que los el\u00e1sticos laterales permiten un ajuste perfecto y f\u00e1cil de calzar. La plantilla acolchada y extra\u00edble ofrece una pisada suave y confortable durante todo el d\u00eda.Fabricado con materiales ligeros y flexibles, es perfecto para uso diario, trabajo o paseos en temporada primavera-verano.<\/p>","protected":false},"featured_media":15235,"comment_status":"open","ping_status":"closed","template":"","meta":[],"product_brand":[389],"product_cat":[106,114,390,45],"product_tag":[],"class_list":{"0":"post-15232","1":"product","2":"type-product","3":"status-publish","4":"has-post-thumbnail","6":"product_brand-sevillas","7":"product_cat-zapatos-mujer","8":"product_cat-marcas","9":"product_cat-sevillas","10":"product_cat-mujer","12":"first","13":"instock","14":"shipping-taxable","15":"purchasable","16":"product-type-variable"},"_links":{"self":[{"href":"https:\/\/katosines.com\/es\/wp-json\/wp\/v2\/product\/15232","targetHints":{"allow":["GET"]}}],"collection":[{"href":"https:\/\/katosines.com\/es\/wp-json\/wp\/v2\/product"}],"about":[{"href":"https:\/\/katosines.com\/es\/wp-json\/wp\/v2\/types\/product"}],"replies":[{"embeddable":true,"href":"https:\/\/katosines.com\/es\/wp-json\/wp\/v2\/comments?post=15232"}],"wp:featuredmedia":[{"embeddable":true,"href":"https:\/\/katosines.com\/es\/wp-json\/wp\/v2\/media\/15235"}],"wp:attachment":[{"href":"https:\/\/katosines.com\/es\/wp-json\/wp\/v2\/media?parent=15232"}],"wp:term":[{"taxonomy":"product_brand","embeddable":true,"href":"https:\/\/katosines.com\/es\/wp-json\/wp\/v2\/product_brand?post=15232"},{"taxonomy":"product_cat","embeddable":true,"href":"https:\/\/katosines.com\/es\/wp-json\/wp\/v2\/product_cat?post=15232"},{"taxonomy":"product_tag","embeddable":true,"href":"https:\/\/katosines.com\/es\/wp-json\/wp\/v2\/product_tag?post=15232"}],"curies":[{"name":"wp","href":"https:\/\/api.w.org\/{rel}","templated":true}]}}