{"id":15432,"date":"2026-02-14T16:14:37","date_gmt":"2026-02-14T16:14:37","guid":{"rendered":"https:\/\/katosines.com\/?post_type=product&#038;p=15432"},"modified":"2026-02-14T16:26:40","modified_gmt":"2026-02-14T16:26:40","slug":"alpargatas-de-nino-de-lino-natural-con-suela-de-alpargata-tallas-32-a-40-modelo-105-condiz","status":"publish","type":"product","link":"https:\/\/katosines.com\/es\/producto\/alpargatas-de-nino-de-lino-natural-con-suela-de-alpargata-tallas-32-a-40-modelo-105-condiz\/","title":{"rendered":"Alpargatas de ni\u00f1o de lino natural con suela de alpargata Tallas 32 a 40 Modelo 105 Condiz"},"content":{"rendered":"<p><span data-spm-anchor-id=\"euspain.pdp.description.i0.599e4eedQJXC0c\">Esparte\u00f1a ni\u00f1o para primavera y verano. Un blucher c\u00f3modo y espectacular para ceremonias, comuniones y eventos. <\/span><\/p>\n<p>Con plantilla de lona acolchada<\/p>\n<p>Fabricado en suede y cordones ajustables.<\/p>\n<p>Con piso de caucho natural y yute. TALLAN NORMAL.<\/p>\n<p>*Son estrechas debido al cosido.<\/p>\n<p>Tama\u00f1o plantilla interior. El zapato debe ser 0,7-1cm m\u00e1s grande que el pie.<\/p>\n<p>&nbsp;<\/p>\n<p><img fetchpriority=\"high\" decoding=\"async\" class=\"alignnone size-medium wp-image-15483\" src=\"https:\/\/katosines.com\/wp-content\/uploads\/2026\/02\/105-BLANCO-removebg-preview-300x225.png\" alt=\"\" width=\"300\" height=\"225\" title=\"\" srcset=\"https:\/\/katosines.com\/wp-content\/uploads\/2026\/02\/105-BLANCO-removebg-preview-300x225.png 300w, https:\/\/katosines.com\/wp-content\/uploads\/2026\/02\/105-BLANCO-removebg-preview-16x12.png 16w, https:\/\/katosines.com\/wp-content\/uploads\/2026\/02\/105-BLANCO-removebg-preview.png 577w\" sizes=\"(max-width: 300px) 100vw, 300px\" \/> <img decoding=\"async\" class=\"alignnone size-medium wp-image-15484\" src=\"https:\/\/katosines.com\/wp-content\/uploads\/2026\/02\/105-HIELO-removebg-preview-300x225.png\" alt=\"\" width=\"300\" height=\"225\" title=\"\" srcset=\"https:\/\/katosines.com\/wp-content\/uploads\/2026\/02\/105-HIELO-removebg-preview-300x225.png 300w, https:\/\/katosines.com\/wp-content\/uploads\/2026\/02\/105-HIELO-removebg-preview-16x12.png 16w, https:\/\/katosines.com\/wp-content\/uploads\/2026\/02\/105-HIELO-removebg-preview.png 577w\" sizes=\"(max-width: 300px) 100vw, 300px\" \/><\/p>\n<p>&nbsp;<\/p>","protected":false},"excerpt":{"rendered":"<p>Esparte\u00f1a ni\u00f1o para primavera y verano. Un blucher c\u00f3modo y espectacular para ceremonias, comuniones y eventos. Con plantilla de lona acolchada Fabricado en suede y cordones ajustables. Con piso de caucho natural y yute. TALLAN NORMAL. *Son estrechas debido al cosido. Tama\u00f1o plantilla interior. El zapato debe ser 0,7-1cm m\u00e1s grande que el pie. &nbsp; &nbsp;<\/p>","protected":false},"featured_media":15481,"comment_status":"open","ping_status":"closed","template":"","meta":[],"product_brand":[72],"product_cat":[114,416,119,15],"product_tag":[],"class_list":{"0":"post-15432","1":"product","2":"type-product","3":"status-publish","4":"has-post-thumbnail","6":"product_brand-condiz","7":"product_cat-marcas","8":"product_cat-bambaslonanino","9":"product_cat-condiz","10":"product_cat-uncategorized","12":"first","13":"instock","14":"shipping-taxable","15":"purchasable","16":"product-type-variable"},"_links":{"self":[{"href":"https:\/\/katosines.com\/es\/wp-json\/wp\/v2\/product\/15432","targetHints":{"allow":["GET"]}}],"collection":[{"href":"https:\/\/katosines.com\/es\/wp-json\/wp\/v2\/product"}],"about":[{"href":"https:\/\/katosines.com\/es\/wp-json\/wp\/v2\/types\/product"}],"replies":[{"embeddable":true,"href":"https:\/\/katosines.com\/es\/wp-json\/wp\/v2\/comments?post=15432"}],"wp:featuredmedia":[{"embeddable":true,"href":"https:\/\/katosines.com\/es\/wp-json\/wp\/v2\/media\/15481"}],"wp:attachment":[{"href":"https:\/\/katosines.com\/es\/wp-json\/wp\/v2\/media?parent=15432"}],"wp:term":[{"taxonomy":"product_brand","embeddable":true,"href":"https:\/\/katosines.com\/es\/wp-json\/wp\/v2\/product_brand?post=15432"},{"taxonomy":"product_cat","embeddable":true,"href":"https:\/\/katosines.com\/es\/wp-json\/wp\/v2\/product_cat?post=15432"},{"taxonomy":"product_tag","embeddable":true,"href":"https:\/\/katosines.com\/es\/wp-json\/wp\/v2\/product_tag?post=15432"}],"curies":[{"name":"wp","href":"https:\/\/api.w.org\/{rel}","templated":true}]}}