{"id":4438,"date":"2025-06-13T14:26:55","date_gmt":"2025-06-13T14:26:55","guid":{"rendered":"https:\/\/katosines.com\/?post_type=product&#038;p=4438"},"modified":"2025-10-05T14:15:15","modified_gmt":"2025-10-05T14:15:15","slug":"mercedita-para-nina-con-acabado-brillante-condiz","status":"publish","type":"product","link":"https:\/\/katosines.com\/es\/producto\/mercedita-para-nina-con-acabado-brillante-condiz\/","title":{"rendered":"Merceditas infantiles varios colores con cierre de velcro respetuoso Tallas 19 a 41 Modelo 850 Condiz"},"content":{"rendered":"<p>Merceditas para ni\u00f1a en color camel, ligeras y c\u00f3modas, con cierre de velcro para un ajuste r\u00e1pido y seguro. Dise\u00f1o vers\u00e1til, ideal para uso diario o eventos especiales.<\/p>\n<p>GUIA DE TALLAS<\/p>\n<p><img decoding=\"async\" src=\"https:\/\/img2.miravia.es\/g\/fb\/kf\/Ec9e9b4c2e074410b918050ecc823b3b1G.jpeg_2200x2200q90.avif\" alt=\"\" title=\"\"><\/p>\n<p>TALLAN PEQUE\u00d1AS ELEGIR UNA TALLA M\u00c1S.<\/p>\n<p data-spm-anchor-id=\"euspain.pdp.description.i1.507c738a2Se4wd\">El zapato debe ser 0,7-1cm m\u00e1s grande que el pie.<\/p>\n<p>&nbsp;<\/p>","protected":false},"excerpt":{"rendered":"<p>Merceditas para ni\u00f1a en color camel, ligeras y c\u00f3modas, con cierre de velcro para un ajuste r\u00e1pido y seguro. Dise\u00f1o vers\u00e1til, ideal para uso diario o eventos especiales. GUIA DE TALLAS TALLAN PEQUE\u00d1AS ELEGIR UNA TALLA M\u00c1S. El zapato debe ser 0,7-1cm m\u00e1s grande que el pie. &nbsp;<\/p>","protected":false},"featured_media":4439,"comment_status":"open","ping_status":"closed","template":"","meta":[],"product_brand":[72],"product_cat":[99,119,114,88],"product_tag":[],"class_list":{"0":"post-4438","1":"product","2":"type-product","3":"status-publish","4":"has-post-thumbnail","6":"product_brand-condiz","7":"product_cat-zapatos-nina","8":"product_cat-condiz","9":"product_cat-marcas","10":"product_cat-nina","12":"first","13":"instock","14":"shipping-taxable","15":"purchasable","16":"product-type-variable"},"_links":{"self":[{"href":"https:\/\/katosines.com\/es\/wp-json\/wp\/v2\/product\/4438","targetHints":{"allow":["GET"]}}],"collection":[{"href":"https:\/\/katosines.com\/es\/wp-json\/wp\/v2\/product"}],"about":[{"href":"https:\/\/katosines.com\/es\/wp-json\/wp\/v2\/types\/product"}],"replies":[{"embeddable":true,"href":"https:\/\/katosines.com\/es\/wp-json\/wp\/v2\/comments?post=4438"}],"wp:featuredmedia":[{"embeddable":true,"href":"https:\/\/katosines.com\/es\/wp-json\/wp\/v2\/media\/4439"}],"wp:attachment":[{"href":"https:\/\/katosines.com\/es\/wp-json\/wp\/v2\/media?parent=4438"}],"wp:term":[{"taxonomy":"product_brand","embeddable":true,"href":"https:\/\/katosines.com\/es\/wp-json\/wp\/v2\/product_brand?post=4438"},{"taxonomy":"product_cat","embeddable":true,"href":"https:\/\/katosines.com\/es\/wp-json\/wp\/v2\/product_cat?post=4438"},{"taxonomy":"product_tag","embeddable":true,"href":"https:\/\/katosines.com\/es\/wp-json\/wp\/v2\/product_tag?post=4438"}],"curies":[{"name":"wp","href":"https:\/\/api.w.org\/{rel}","templated":true}]}}