{"id":4615,"date":"2025-06-15T16:03:14","date_gmt":"2025-06-15T16:03:14","guid":{"rendered":"https:\/\/katosines.com\/?post_type=product&#038;p=4615"},"modified":"2025-11-23T10:03:50","modified_gmt":"2025-11-23T10:03:50","slug":"valenciana-de-mujer-con-cuna-de-yute-zapato-comodo-y-elegante-para-verano-amarpies","status":"publish","type":"product","link":"https:\/\/katosines.com\/es\/producto\/valenciana-de-mujer-con-cuna-de-yute-zapato-comodo-y-elegante-para-verano-amarpies\/","title":{"rendered":"Valenciana de mujer con cu\u00f1a de yute Zapato c\u00f3modo Modelo 26487 Amarpies"},"content":{"rendered":"<p>Esta <strong data-start=\"300\" data-end=\"340\">valenciana de mujer con cu\u00f1a de yute<\/strong> es una opci\u00f3n perfecta para quienes buscan un calzado fresco, c\u00f3modo y con estilo para la temporada primavera-verano. Su dise\u00f1o con estampado de cuadros y <strong data-start=\"496\" data-end=\"539\">cierre con pulsera y hebilla al tobillo<\/strong> le aporta un toque sofisticado y actual.<\/p>\n<p data-start=\"582\" data-end=\"850\">La <strong data-start=\"585\" data-end=\"618\">cu\u00f1a forrada en yute trenzado<\/strong> aporta altura sin renunciar a la estabilidad ni a la comodidad. El interior est\u00e1 acolchado para mejorar la pisada y adaptarse al uso prolongado. Ideal para combinar con vestidos, faldas o looks casuales, tanto de d\u00eda como de noche.<\/p>\n<p data-start=\"852\" data-end=\"1152\">\u2705 <strong data-start=\"854\" data-end=\"902\">Valenciana con cu\u00f1a media de yute para mujer<\/strong><br data-start=\"902\" data-end=\"905\" \/>\u2705 <strong data-start=\"907\" data-end=\"939\">Cierre con pulsera y hebilla<\/strong> ajustable<br data-start=\"949\" data-end=\"952\" \/>\u2705 Dise\u00f1o elegante con tejido de cuadros tipo tweed<br data-start=\"1002\" data-end=\"1005\" \/>\u2705 Ideal para verano, eventos, vacaciones o uso diario<br data-start=\"1058\" data-end=\"1061\" \/>\u2705 <strong data-start=\"1063\" data-end=\"1109\">Suela antideslizante y plantilla acolchada<\/strong><br data-start=\"1109\" data-end=\"1112\" \/>\u2705 Comodidad y estilo para todos los d\u00edas<\/p>\n<p data-start=\"1154\" data-end=\"1316\">Este modelo es una alternativa vers\u00e1til para quienes quieren un <strong data-start=\"1218\" data-end=\"1268\">zapato de verano c\u00f3modo y con estilo artesanal<\/strong>, sin sacrificar la estabilidad ni la elegancia.<\/p>\n<p data-start=\"1154\" data-end=\"1316\"><img fetchpriority=\"high\" decoding=\"async\" class=\"alignnone size-medium wp-image-7162\" src=\"https:\/\/katosines.com\/wp-content\/uploads\/2025\/10\/amarpies-valenciana-mujer-cuadros-cuna-yute-katosines-venta-al-detalle-5-300x300.jpg\" alt=\"\" width=\"300\" height=\"300\" title=\"\" srcset=\"https:\/\/katosines.com\/wp-content\/uploads\/2025\/10\/amarpies-valenciana-mujer-cuadros-cuna-yute-katosines-venta-al-detalle-5-300x300.jpg 300w, https:\/\/katosines.com\/wp-content\/uploads\/2025\/10\/amarpies-valenciana-mujer-cuadros-cuna-yute-katosines-venta-al-detalle-5-150x150.jpg 150w, https:\/\/katosines.com\/wp-content\/uploads\/2025\/10\/amarpies-valenciana-mujer-cuadros-cuna-yute-katosines-venta-al-detalle-5-768x768.jpg 768w, https:\/\/katosines.com\/wp-content\/uploads\/2025\/10\/amarpies-valenciana-mujer-cuadros-cuna-yute-katosines-venta-al-detalle-5-12x12.jpg 12w, https:\/\/katosines.com\/wp-content\/uploads\/2025\/10\/amarpies-valenciana-mujer-cuadros-cuna-yute-katosines-venta-al-detalle-5-600x600.jpg 600w, https:\/\/katosines.com\/wp-content\/uploads\/2025\/10\/amarpies-valenciana-mujer-cuadros-cuna-yute-katosines-venta-al-detalle-5-100x100.jpg 100w, https:\/\/katosines.com\/wp-content\/uploads\/2025\/10\/amarpies-valenciana-mujer-cuadros-cuna-yute-katosines-venta-al-detalle-5.jpg 800w\" sizes=\"(max-width: 300px) 100vw, 300px\" \/><img decoding=\"async\" class=\"alignnone size-medium wp-image-4619\" src=\"https:\/\/katosines.com\/wp-content\/uploads\/2025\/06\/amarpies-valenciana-mujer-platino-cuna-yute-katosines-venta-al-detalle-26487-300x300.jpg\" alt=\"\" width=\"300\" height=\"300\" title=\"\" srcset=\"https:\/\/katosines.com\/wp-content\/uploads\/2025\/06\/amarpies-valenciana-mujer-platino-cuna-yute-katosines-venta-al-detalle-26487-300x300.jpg 300w, https:\/\/katosines.com\/wp-content\/uploads\/2025\/06\/amarpies-valenciana-mujer-platino-cuna-yute-katosines-venta-al-detalle-26487-150x150.jpg 150w, https:\/\/katosines.com\/wp-content\/uploads\/2025\/06\/amarpies-valenciana-mujer-platino-cuna-yute-katosines-venta-al-detalle-26487-768x768.jpg 768w, https:\/\/katosines.com\/wp-content\/uploads\/2025\/06\/amarpies-valenciana-mujer-platino-cuna-yute-katosines-venta-al-detalle-26487-12x12.jpg 12w, https:\/\/katosines.com\/wp-content\/uploads\/2025\/06\/amarpies-valenciana-mujer-platino-cuna-yute-katosines-venta-al-detalle-26487-600x600.jpg 600w, https:\/\/katosines.com\/wp-content\/uploads\/2025\/06\/amarpies-valenciana-mujer-platino-cuna-yute-katosines-venta-al-detalle-26487-100x100.jpg 100w, https:\/\/katosines.com\/wp-content\/uploads\/2025\/06\/amarpies-valenciana-mujer-platino-cuna-yute-katosines-venta-al-detalle-26487.jpg 800w\" sizes=\"(max-width: 300px) 100vw, 300px\" \/><\/p>","protected":false},"excerpt":{"rendered":"<p>Esta valenciana de mujer con cu\u00f1a de yute es una opci\u00f3n perfecta para quienes buscan un calzado fresco, c\u00f3modo y con estilo para la temporada primavera-verano. Su dise\u00f1o con estampado de cuadros y cierre con pulsera y hebilla al tobillo le aporta un toque sofisticado y actual. La cu\u00f1a forrada en yute trenzado aporta altura sin renunciar a la estabilidad ni a la comodidad. El interior est\u00e1 acolchado para mejorar la pisada y adaptarse al uso prolongado. Ideal para combinar con vestidos, faldas o looks casuales, tanto de d\u00eda como de noche. \u2705 Valenciana con cu\u00f1a media de yute para mujer\u2705 Cierre con pulsera y hebilla ajustable\u2705 Dise\u00f1o elegante con tejido de cuadros tipo tweed\u2705 Ideal para verano, eventos, vacaciones o uso diario\u2705 Suela antideslizante y plantilla acolchada\u2705 Comodidad y estilo para todos los d\u00edas Este modelo es una alternativa vers\u00e1til para quienes quieren un zapato de verano c\u00f3modo y con estilo artesanal, sin sacrificar la estabilidad ni la elegancia.<\/p>","protected":false},"featured_media":4619,"comment_status":"open","ping_status":"closed","template":"","meta":[],"product_brand":[70],"product_cat":[110,116,114,45],"product_tag":[],"class_list":{"0":"post-4615","1":"product","2":"type-product","3":"status-publish","4":"has-post-thumbnail","6":"product_brand-amarpies","7":"product_cat-cunas","8":"product_cat-amarpies","9":"product_cat-marcas","10":"product_cat-mujer","12":"first","13":"instock","14":"shipping-taxable","15":"purchasable","16":"product-type-variable"},"_links":{"self":[{"href":"https:\/\/katosines.com\/es\/wp-json\/wp\/v2\/product\/4615","targetHints":{"allow":["GET"]}}],"collection":[{"href":"https:\/\/katosines.com\/es\/wp-json\/wp\/v2\/product"}],"about":[{"href":"https:\/\/katosines.com\/es\/wp-json\/wp\/v2\/types\/product"}],"replies":[{"embeddable":true,"href":"https:\/\/katosines.com\/es\/wp-json\/wp\/v2\/comments?post=4615"}],"wp:featuredmedia":[{"embeddable":true,"href":"https:\/\/katosines.com\/es\/wp-json\/wp\/v2\/media\/4619"}],"wp:attachment":[{"href":"https:\/\/katosines.com\/es\/wp-json\/wp\/v2\/media?parent=4615"}],"wp:term":[{"taxonomy":"product_brand","embeddable":true,"href":"https:\/\/katosines.com\/es\/wp-json\/wp\/v2\/product_brand?post=4615"},{"taxonomy":"product_cat","embeddable":true,"href":"https:\/\/katosines.com\/es\/wp-json\/wp\/v2\/product_cat?post=4615"},{"taxonomy":"product_tag","embeddable":true,"href":"https:\/\/katosines.com\/es\/wp-json\/wp\/v2\/product_tag?post=4615"}],"curies":[{"name":"wp","href":"https:\/\/api.w.org\/{rel}","templated":true}]}}