{"id":4866,"date":"2025-07-13T07:10:53","date_gmt":"2025-07-13T07:10:53","guid":{"rendered":"https:\/\/katosines.com\/?post_type=product&#038;p=4866"},"modified":"2025-11-04T12:22:03","modified_gmt":"2025-11-04T12:22:03","slug":"zapato-colegial-nina-pablosky-piel-3340","status":"publish","type":"product","link":"https:\/\/katosines.com\/es\/producto\/zapato-colegial-nina-pablosky-piel-3340\/","title":{"rendered":"Zapato colegial ni\u00f1a piel Tallas 24 a 41 Modelo 3340 Pablosky"},"content":{"rendered":"<p>Zapato colegial para ni\u00f1a de la marca Pablosky. Fabricado en piel natural de alta calidad, con puntera reforzada y suela antideslizante. Cierre de velcro ajustable para mayor comodidad y autonom\u00eda. Ideal para uso escolar diario gracias a su dise\u00f1o ergon\u00f3mico y materiales duraderos.<\/p>\n<p data-start=\"570\" data-end=\"747\">\u2705 Piel natural y forro interior transpirable<br data-start=\"614\" data-end=\"617\" \/>\u2705 Cierre f\u00e1cil con velcro<br data-start=\"642\" data-end=\"645\" \/>\u2705 Suela de goma flexible y antideslizante<br data-start=\"686\" data-end=\"689\" \/>\u2705 Perfecto para uniforme escolar<br data-start=\"721\" data-end=\"724\" \/>\u2705 Fabricado en Espa\u00f1a<\/p>\n<p data-start=\"749\" data-end=\"822\"><strong data-start=\"749\" data-end=\"772\">Tallas disponibles:<\/strong> [Indicar tallas]<br data-start=\"789\" data-end=\"792\" \/><strong data-start=\"792\" data-end=\"803\">Estado:<\/strong> Nuevo \/ A estrenar<\/p>\n<p>GUIA DE TALLAS<\/p>\n<table>\n<tbody>\n<tr>\n<td><strong>Talla<\/strong><\/td>\n<td>18<\/td>\n<td>19<\/td>\n<td>20<\/td>\n<td>21<\/td>\n<td>22<\/td>\n<td>23<\/td>\n<td>24<\/td>\n<td>25<\/td>\n<td>26<\/td>\n<\/tr>\n<tr>\n<td><strong>Largo cm<\/strong><\/td>\n<td>11,3<\/td>\n<td>12<\/td>\n<td>12,7<\/td>\n<td>13,3<\/td>\n<td>14<\/td>\n<td>14,7<\/td>\n<td>15,3<\/td>\n<td>16<\/td>\n<td>16,6<\/td>\n<\/tr>\n<\/tbody>\n<\/table>\n<p>&nbsp;<\/p>\n<table>\n<tbody>\n<tr>\n<td><strong>Talla<\/strong><\/td>\n<td>27<\/td>\n<td>28<\/td>\n<td>29<\/td>\n<td>30<\/td>\n<td>31<\/td>\n<td>32<\/td>\n<td>33<\/td>\n<td>34<\/td>\n<td>35<\/td>\n<\/tr>\n<tr>\n<td><strong>Largo cm<\/strong><\/td>\n<td>17,3<\/td>\n<td>18<\/td>\n<td>18,6<\/td>\n<td>19,3<\/td>\n<td>20<\/td>\n<td>20,6<\/td>\n<td>21,3<\/td>\n<td>22<\/td>\n<td>22,6<\/td>\n<\/tr>\n<\/tbody>\n<\/table>\n<p>&nbsp;<\/p>\n<table>\n<tbody>\n<tr>\n<td><strong>Talla<\/strong><\/td>\n<td>36<\/td>\n<td>37<\/td>\n<td>38<\/td>\n<td>39<\/td>\n<td>40<\/td>\n<\/tr>\n<tr>\n<td><strong>Largo cm<\/strong><\/td>\n<td>23,3<\/td>\n<td>24<\/td>\n<td>24,6<\/td>\n<td>25,3<\/td>\n<td>26<\/td>\n<\/tr>\n<\/tbody>\n<\/table>\n<p><img fetchpriority=\"high\" decoding=\"async\" class=\"alignnone size-medium wp-image-4875\" src=\"https:\/\/katosines.com\/wp-content\/uploads\/2025\/07\/3340-MARINO-2-300x200.jpg\" alt=\"\" width=\"300\" height=\"200\" title=\"\" srcset=\"https:\/\/katosines.com\/wp-content\/uploads\/2025\/07\/3340-MARINO-2-300x200.jpg 300w, https:\/\/katosines.com\/wp-content\/uploads\/2025\/07\/3340-MARINO-2-768x512.jpg 768w, https:\/\/katosines.com\/wp-content\/uploads\/2025\/07\/3340-MARINO-2-18x12.jpg 18w, https:\/\/katosines.com\/wp-content\/uploads\/2025\/07\/3340-MARINO-2-600x400.jpg 600w, https:\/\/katosines.com\/wp-content\/uploads\/2025\/07\/3340-MARINO-2.jpg 800w\" sizes=\"(max-width: 300px) 100vw, 300px\" \/><\/p>","protected":false},"excerpt":{"rendered":"<p>Zapato colegial para ni\u00f1a de la marca Pablosky. Fabricado en piel natural de alta calidad, con puntera reforzada y suela antideslizante. Cierre de velcro ajustable para mayor comodidad y autonom\u00eda. Ideal para uso escolar diario gracias a su dise\u00f1o ergon\u00f3mico y materiales duraderos. \u2705 Piel natural y forro interior transpirable\u2705 Cierre f\u00e1cil con velcro\u2705 Suela de goma flexible y antideslizante\u2705 Perfecto para uniforme escolar\u2705 Fabricado en Espa\u00f1a Tallas disponibles: [Indicar tallas]Estado: Nuevo \/ A estrenar GUIA DE TALLAS Talla 18 19 20 21 22 23 24 25 26 Largo cm 11,3 12 12,7 13,3 14 14,7 15,3 16 16,6 &nbsp; Talla 27 28 29 30 31 32 33 34 35 Largo cm 17,3 18 18,6 19,3 20 20,6 21,3 22 22,6 &nbsp; Talla 36 37 38 39 40 Largo cm 23,3 24 24,6 25,3 26<\/p>","protected":false},"featured_media":4875,"comment_status":"open","ping_status":"closed","template":"","meta":[],"product_brand":[79],"product_cat":[103,114,88,123],"product_tag":[],"class_list":{"0":"post-4866","1":"product","2":"type-product","3":"status-publish","4":"has-post-thumbnail","6":"product_brand-pablosky","7":"product_cat-colegial-nina","8":"product_cat-marcas","9":"product_cat-nina","10":"product_cat-pablosky","12":"first","13":"instock","14":"shipping-taxable","15":"purchasable","16":"product-type-variable"},"_links":{"self":[{"href":"https:\/\/katosines.com\/es\/wp-json\/wp\/v2\/product\/4866","targetHints":{"allow":["GET"]}}],"collection":[{"href":"https:\/\/katosines.com\/es\/wp-json\/wp\/v2\/product"}],"about":[{"href":"https:\/\/katosines.com\/es\/wp-json\/wp\/v2\/types\/product"}],"replies":[{"embeddable":true,"href":"https:\/\/katosines.com\/es\/wp-json\/wp\/v2\/comments?post=4866"}],"wp:featuredmedia":[{"embeddable":true,"href":"https:\/\/katosines.com\/es\/wp-json\/wp\/v2\/media\/4875"}],"wp:attachment":[{"href":"https:\/\/katosines.com\/es\/wp-json\/wp\/v2\/media?parent=4866"}],"wp:term":[{"taxonomy":"product_brand","embeddable":true,"href":"https:\/\/katosines.com\/es\/wp-json\/wp\/v2\/product_brand?post=4866"},{"taxonomy":"product_cat","embeddable":true,"href":"https:\/\/katosines.com\/es\/wp-json\/wp\/v2\/product_cat?post=4866"},{"taxonomy":"product_tag","embeddable":true,"href":"https:\/\/katosines.com\/es\/wp-json\/wp\/v2\/product_tag?post=4866"}],"curies":[{"name":"wp","href":"https:\/\/api.w.org\/{rel}","templated":true}]}}