{"id":4886,"date":"2025-07-13T07:56:17","date_gmt":"2025-07-13T07:56:17","guid":{"rendered":"https:\/\/katosines.com\/?post_type=product&#038;p=4886"},"modified":"2025-10-19T06:48:16","modified_gmt":"2025-10-19T06:48:16","slug":"bailarina-colegial-nina-pablosky-piel-3372","status":"publish","type":"product","link":"https:\/\/katosines.com\/es\/producto\/bailarina-colegial-nina-pablosky-piel-3372\/","title":{"rendered":"Bailarina colegial ni\u00f1a piel Tallas 32 a 41 Modelo 3372 Pablosky"},"content":{"rendered":"<p>Bailarina escolar para ni\u00f1a con cierre de velcro y dise\u00f1o cl\u00e1sico de Pablosky. Fabricada en piel natural de alta calidad y forro interior transpirable, proporciona confort durante todo el d\u00eda. Su suela de goma es antideslizante y ultraligera, ideal para el uso escolar diario. Dise\u00f1o ergon\u00f3mico que favorece el movimiento natural del pie.<\/p>\n<p>\u2705 Dise\u00f1o tipo bailarina con velcro<br \/>\n\u2705 Piel natural y materiales transpirables<br \/>\n\u2705 Suela fina, flexible y antideslizante<br \/>\n\u2705 Ideal para colegio y uniforme escolar<br \/>\n\u2705 Marca de confianza: Pablosky<br \/>\n\u2705 Fabricado en Espa\u00f1a<\/p>\n<p><strong>Tallas disponibles:<\/strong> 32 A 41<br \/>\n<strong>Estado:<\/strong> Nuevo \/ A estrenar<\/p>\n<p>GUIA DE TALLAS<\/p>\n<table>\n<tbody>\n<tr>\n<td><strong>Talla<\/strong><\/td>\n<td>18<\/td>\n<td>19<\/td>\n<td>20<\/td>\n<td>21<\/td>\n<td>22<\/td>\n<td>23<\/td>\n<td>24<\/td>\n<td>25<\/td>\n<td>26<\/td>\n<\/tr>\n<tr>\n<td><strong>Largo cm<\/strong><\/td>\n<td>11,3<\/td>\n<td>12<\/td>\n<td>12,7<\/td>\n<td>13,3<\/td>\n<td>14<\/td>\n<td>14,7<\/td>\n<td>15,3<\/td>\n<td>16<\/td>\n<td>16,6<\/td>\n<\/tr>\n<\/tbody>\n<\/table>\n<p>&nbsp;<\/p>\n<table>\n<tbody>\n<tr>\n<td><strong>Talla<\/strong><\/td>\n<td>27<\/td>\n<td>28<\/td>\n<td>29<\/td>\n<td>30<\/td>\n<td>31<\/td>\n<td>32<\/td>\n<td>33<\/td>\n<td>34<\/td>\n<td>35<\/td>\n<\/tr>\n<tr>\n<td><strong>Largo cm<\/strong><\/td>\n<td>17,3<\/td>\n<td>18<\/td>\n<td>18,6<\/td>\n<td>19,3<\/td>\n<td>20<\/td>\n<td>20,6<\/td>\n<td>21,3<\/td>\n<td>22<\/td>\n<td>22,6<\/td>\n<\/tr>\n<\/tbody>\n<\/table>\n<p>&nbsp;<\/p>\n<table>\n<tbody>\n<tr>\n<td><strong>Talla<\/strong><\/td>\n<td>36<\/td>\n<td>37<\/td>\n<td>38<\/td>\n<td>39<\/td>\n<td>40<\/td>\n<\/tr>\n<tr>\n<td><strong>Largo cm<\/strong><\/td>\n<td>23,3<\/td>\n<td>24<\/td>\n<td>24,6<\/td>\n<td>25,3<\/td>\n<td>26<\/td>\n<\/tr>\n<\/tbody>\n<\/table>\n<p><img fetchpriority=\"high\" decoding=\"async\" class=\"alignnone size-medium wp-image-4892\" src=\"https:\/\/katosines.com\/wp-content\/uploads\/2025\/07\/3372-MARINO-1-300x200.jpg\" alt=\"\" width=\"300\" height=\"200\" title=\"\" srcset=\"https:\/\/katosines.com\/wp-content\/uploads\/2025\/07\/3372-MARINO-1-300x200.jpg 300w, https:\/\/katosines.com\/wp-content\/uploads\/2025\/07\/3372-MARINO-1-768x512.jpg 768w, https:\/\/katosines.com\/wp-content\/uploads\/2025\/07\/3372-MARINO-1-18x12.jpg 18w, https:\/\/katosines.com\/wp-content\/uploads\/2025\/07\/3372-MARINO-1-600x400.jpg 600w, https:\/\/katosines.com\/wp-content\/uploads\/2025\/07\/3372-MARINO-1.jpg 800w\" sizes=\"(max-width: 300px) 100vw, 300px\" \/> <img decoding=\"async\" class=\"alignnone size-medium wp-image-4893\" src=\"https:\/\/katosines.com\/wp-content\/uploads\/2025\/07\/3372-NEGRO-1-300x200.jpg\" alt=\"\" width=\"300\" height=\"200\" title=\"\" srcset=\"https:\/\/katosines.com\/wp-content\/uploads\/2025\/07\/3372-NEGRO-1-300x200.jpg 300w, https:\/\/katosines.com\/wp-content\/uploads\/2025\/07\/3372-NEGRO-1-768x512.jpg 768w, https:\/\/katosines.com\/wp-content\/uploads\/2025\/07\/3372-NEGRO-1-18x12.jpg 18w, https:\/\/katosines.com\/wp-content\/uploads\/2025\/07\/3372-NEGRO-1-600x400.jpg 600w, https:\/\/katosines.com\/wp-content\/uploads\/2025\/07\/3372-NEGRO-1.jpg 800w\" sizes=\"(max-width: 300px) 100vw, 300px\" \/><\/p>","protected":false},"excerpt":{"rendered":"<p>Bailarina escolar para ni\u00f1a con cierre de velcro y dise\u00f1o cl\u00e1sico de Pablosky. Fabricada en piel natural de alta calidad y forro interior transpirable, proporciona confort durante todo el d\u00eda. Su suela de goma es antideslizante y ultraligera, ideal para el uso escolar diario. Dise\u00f1o ergon\u00f3mico que favorece el movimiento natural del pie. \u2705 Dise\u00f1o tipo bailarina con velcro \u2705 Piel natural y materiales transpirables \u2705 Suela fina, flexible y antideslizante \u2705 Ideal para colegio y uniforme escolar \u2705 Marca de confianza: Pablosky \u2705 Fabricado en Espa\u00f1a Tallas disponibles: 32 A 41 Estado: Nuevo \/ A estrenar GUIA DE TALLAS Talla 18 19 20 21 22 23 24 25 26 Largo cm 11,3 12 12,7 13,3 14 14,7 15,3 16 16,6 &nbsp; Talla 27 28 29 30 31 32 33 34 35 Largo cm 17,3 18 18,6 19,3 20 20,6 21,3 22 22,6 &nbsp; Talla 36 37 38 39 40 Largo cm 23,3 24 24,6 25,3 26<\/p>","protected":false},"featured_media":4892,"comment_status":"open","ping_status":"closed","template":"","meta":[],"product_brand":[79],"product_cat":[103,114,88,123],"product_tag":[],"class_list":{"0":"post-4886","1":"product","2":"type-product","3":"status-publish","4":"has-post-thumbnail","6":"product_brand-pablosky","7":"product_cat-colegial-nina","8":"product_cat-marcas","9":"product_cat-nina","10":"product_cat-pablosky","12":"first","13":"instock","14":"shipping-taxable","15":"purchasable","16":"product-type-variable"},"_links":{"self":[{"href":"https:\/\/katosines.com\/es\/wp-json\/wp\/v2\/product\/4886","targetHints":{"allow":["GET"]}}],"collection":[{"href":"https:\/\/katosines.com\/es\/wp-json\/wp\/v2\/product"}],"about":[{"href":"https:\/\/katosines.com\/es\/wp-json\/wp\/v2\/types\/product"}],"replies":[{"embeddable":true,"href":"https:\/\/katosines.com\/es\/wp-json\/wp\/v2\/comments?post=4886"}],"wp:featuredmedia":[{"embeddable":true,"href":"https:\/\/katosines.com\/es\/wp-json\/wp\/v2\/media\/4892"}],"wp:attachment":[{"href":"https:\/\/katosines.com\/es\/wp-json\/wp\/v2\/media?parent=4886"}],"wp:term":[{"taxonomy":"product_brand","embeddable":true,"href":"https:\/\/katosines.com\/es\/wp-json\/wp\/v2\/product_brand?post=4886"},{"taxonomy":"product_cat","embeddable":true,"href":"https:\/\/katosines.com\/es\/wp-json\/wp\/v2\/product_cat?post=4886"},{"taxonomy":"product_tag","embeddable":true,"href":"https:\/\/katosines.com\/es\/wp-json\/wp\/v2\/product_tag?post=4886"}],"curies":[{"name":"wp","href":"https:\/\/api.w.org\/{rel}","templated":true}]}}