{"id":4927,"date":"2025-07-13T08:53:19","date_gmt":"2025-07-13T08:53:19","guid":{"rendered":"https:\/\/katosines.com\/?post_type=product&#038;p=4927"},"modified":"2025-10-15T14:26:23","modified_gmt":"2025-10-15T14:26:23","slug":"zapatilla-colegial-lavable-titanitos-deportiva-y-resistente-con-velcro-new-smash","status":"publish","type":"product","link":"https:\/\/katosines.com\/es\/producto\/zapatilla-colegial-lavable-titanitos-deportiva-y-resistente-con-velcro-new-smash\/","title":{"rendered":"Zapatilla colegial lavable deportiva y resistente Tallas 22 a 34 Modelo New Smash Titanitos"},"content":{"rendered":"<p>Zapatilla escolar deportiva para ni\u00f1o o ni\u00f1a de la marca Titanitos, perfecta para uniforme de educaci\u00f3n f\u00edsica o uso diario. Con cierre de doble velcro, suela flexible y materiales lavables, garantiza resistencia, comodidad y facilidad de limpieza. Fabricada en Espa\u00f1a y dise\u00f1ada para soportar el trote escolar.<\/p>\n<p>\u2705 Cierre de doble velcro<br \/>\n\u2705 Material lavable \u2013 LavaBliss\u00ae<br \/>\n\u2705 Suela flexible y antideslizante<br \/>\n\u2705 Dise\u00f1o deportivo escolar<br \/>\n\u2705 Ideal para uniforme de educaci\u00f3n f\u00edsica<br \/>\n\u2705 Fabricada por Titanitos en Espa\u00f1a<\/p>\n<p><strong>Tallas disponibles:<\/strong> 22 a 34<\/p>\n<p>GUIA DE TALLAS<\/p>\n<table>\n<tbody>\n<tr>\n<td><strong>Talla<\/strong><\/td>\n<td>22<\/td>\n<td>23<\/td>\n<td>24<\/td>\n<td>25<\/td>\n<td>26<\/td>\n<td>27<\/td>\n<td>28<\/td>\n<td>29<\/td>\n<td>30<\/td>\n<\/tr>\n<tr>\n<td><strong>Largo cm<\/strong><\/td>\n<td>13,4<\/td>\n<td>14,3<\/td>\n<td>14,8<\/td>\n<td>15,6<\/td>\n<td>16,2<\/td>\n<td>16,8<\/td>\n<td>17,7<\/td>\n<td>18,5<\/td>\n<td>19,2<\/td>\n<\/tr>\n<tr>\n<td><strong>Ancho cm<\/strong><\/td>\n<td>5,5<\/td>\n<td>5,5<\/td>\n<td>5,7<\/td>\n<td>5,9<\/td>\n<td>6<\/td>\n<td>6<\/td>\n<td>6,5<\/td>\n<td>6,6<\/td>\n<td>6,7<\/td>\n<\/tr>\n<\/tbody>\n<\/table>\n<p>&nbsp;<\/p>\n<p>&nbsp;<\/p>\n<table>\n<tbody>\n<tr>\n<td><strong>Talla<\/strong><\/td>\n<td>31<\/td>\n<td>32<\/td>\n<td>33<\/td>\n<td>34<\/td>\n<\/tr>\n<tr>\n<td><strong>Largo cm<\/strong><\/td>\n<td>19,6<\/td>\n<td>20,3<\/td>\n<td>21,2<\/td>\n<td>21,7<\/td>\n<\/tr>\n<tr>\n<td><strong>Ancho cm<\/strong><\/td>\n<td>7<\/td>\n<td>7,2<\/td>\n<td>7,2<\/td>\n<td>7,5<\/td>\n<\/tr>\n<\/tbody>\n<\/table>","protected":false},"excerpt":{"rendered":"<p>Zapatilla escolar deportiva para ni\u00f1o o ni\u00f1a de la marca Titanitos, perfecta para uniforme de educaci\u00f3n f\u00edsica o uso diario. Con cierre de doble velcro, suela flexible y materiales lavables, garantiza resistencia, comodidad y facilidad de limpieza. Fabricada en Espa\u00f1a y dise\u00f1ada para soportar el trote escolar. \u2705 Cierre de doble velcro \u2705 Material lavable \u2013 LavaBliss\u00ae \u2705 Suela flexible y antideslizante \u2705 Dise\u00f1o deportivo escolar \u2705 Ideal para uniforme de educaci\u00f3n f\u00edsica \u2705 Fabricada por Titanitos en Espa\u00f1a Tallas disponibles: 22 a 34 GUIA DE TALLAS Talla 22 23 24 25 26 27 28 29 30 Largo cm 13,4 14,3 14,8 15,6 16,2 16,8 17,7 18,5 19,2 Ancho cm 5,5 5,5 5,7 5,9 6 6 6,5 6,6 6,7 &nbsp; &nbsp; Talla 31 32 33 34 Largo cm 19,6 20,3 21,2 21,7 Ancho cm 7 7,2 7,2 7,5<\/p>","protected":false},"featured_media":4928,"comment_status":"open","ping_status":"closed","template":"","meta":[],"product_brand":[80],"product_cat":[91,98,114,88,124,15],"product_tag":[],"class_list":{"0":"post-4927","1":"product","2":"type-product","3":"status-publish","4":"has-post-thumbnail","6":"product_brand-titanitos","7":"product_cat-deportivos","8":"product_cat-deportivos-nina","9":"product_cat-marcas","10":"product_cat-nina","11":"product_cat-titanitos","12":"product_cat-uncategorized","14":"first","15":"instock","16":"shipping-taxable","17":"purchasable","18":"product-type-variable"},"_links":{"self":[{"href":"https:\/\/katosines.com\/es\/wp-json\/wp\/v2\/product\/4927","targetHints":{"allow":["GET"]}}],"collection":[{"href":"https:\/\/katosines.com\/es\/wp-json\/wp\/v2\/product"}],"about":[{"href":"https:\/\/katosines.com\/es\/wp-json\/wp\/v2\/types\/product"}],"replies":[{"embeddable":true,"href":"https:\/\/katosines.com\/es\/wp-json\/wp\/v2\/comments?post=4927"}],"wp:featuredmedia":[{"embeddable":true,"href":"https:\/\/katosines.com\/es\/wp-json\/wp\/v2\/media\/4928"}],"wp:attachment":[{"href":"https:\/\/katosines.com\/es\/wp-json\/wp\/v2\/media?parent=4927"}],"wp:term":[{"taxonomy":"product_brand","embeddable":true,"href":"https:\/\/katosines.com\/es\/wp-json\/wp\/v2\/product_brand?post=4927"},{"taxonomy":"product_cat","embeddable":true,"href":"https:\/\/katosines.com\/es\/wp-json\/wp\/v2\/product_cat?post=4927"},{"taxonomy":"product_tag","embeddable":true,"href":"https:\/\/katosines.com\/es\/wp-json\/wp\/v2\/product_tag?post=4927"}],"curies":[{"name":"wp","href":"https:\/\/api.w.org\/{rel}","templated":true}]}}