{"id":4953,"date":"2025-07-14T14:50:17","date_gmt":"2025-07-14T14:50:17","guid":{"rendered":"https:\/\/katosines.com\/?post_type=product&#038;p=4953"},"modified":"2025-10-19T07:07:22","modified_gmt":"2025-10-19T07:07:22","slug":"zapatilla-escolar-blanca-modelo-joma-harvard","status":"publish","type":"product","link":"https:\/\/katosines.com\/es\/producto\/zapatilla-escolar-blanca-modelo-joma-harvard\/","title":{"rendered":"Zapatilla Escolar Deportivo Tallas 24 a 40 Modelo Harvard Joma"},"content":{"rendered":"<p><strong>\ud83d\udc66\ud83d\udc67<\/strong><strong> Infantil unisex | Cierre: Velcro + cordones el\u00e1sticos<\/strong><\/p>\n<p>Zapatilla escolar cl\u00e1sica de la marca Joma, perfecta para el uso diario en colegios. Confeccionada en piel sint\u00e9tica y materiales transpirables, garantiza comodidad, resistencia y sujeci\u00f3n \u00f3ptima.<\/p>\n<p><strong>\u2714\ufe0f<\/strong><strong> Caracter\u00edsticas:<\/strong><\/p>\n<ul>\n<li>Cierre con velcro ajustable y cordones el\u00e1sticos (sin lazada)<\/li>\n<li>Refuerzo en puntera y tal\u00f3n para mayor durabilidad<\/li>\n<li>Suela antideslizante con buen agarre<\/li>\n<li>Plantilla acolchada y transpirable<\/li>\n<li>Logotipo &#8220;J&#8221; bordado lateral<\/li>\n<li>Ideal para uniforme escolar<\/li>\n<\/ul>\n<p><strong>\ud83d\udce6<\/strong><strong> Tallas disponibles:<\/strong> 28 al 38<\/p>\n<p>GUIA DE TALLAS<\/p>\n<table>\n<tbody>\n<tr>\n<td><strong>Talla<\/strong><\/td>\n<td>22<\/td>\n<td>23<\/td>\n<td>24<\/td>\n<td>25<\/td>\n<td>26<\/td>\n<td>27<\/td>\n<td>28<\/td>\n<td>29<\/td>\n<td>30<\/td>\n<\/tr>\n<tr>\n<td><strong>Largo cm<\/strong><\/td>\n<td>13,5<\/td>\n<td>14<\/td>\n<td>14,5<\/td>\n<td>15,5<\/td>\n<td>16<\/td>\n<td>16,5<\/td>\n<td>17<\/td>\n<td>18<\/td>\n<td>18,5<\/td>\n<\/tr>\n<\/tbody>\n<\/table>\n<p>&nbsp;<\/p>\n<table>\n<tbody>\n<tr>\n<td><strong>Talla<\/strong><\/td>\n<td>31<\/td>\n<td>32<\/td>\n<td>33<\/td>\n<td>34<\/td>\n<td>35<\/td>\n<td>36<\/td>\n<td>37<\/td>\n<td>38<\/td>\n<td>39<\/td>\n<\/tr>\n<tr>\n<td><strong>Largo cm<\/strong><\/td>\n<td>19<\/td>\n<td>19,5<\/td>\n<td>20,5<\/td>\n<td>21,5<\/td>\n<td>22<\/td>\n<td>23<\/td>\n<td>23,5<\/td>\n<td>24,5<\/td>\n<td>25,5<\/td>\n<\/tr>\n<\/tbody>\n<\/table>\n<p>&nbsp;<\/p>\n<table>\n<tbody>\n<tr>\n<td><strong>Talla<\/strong><\/td>\n<td>40<\/td>\n<\/tr>\n<tr>\n<td><strong>Largo cm<\/strong><\/td>\n<td>26<\/td>\n<\/tr>\n<\/tbody>\n<\/table>\n<p><img fetchpriority=\"high\" decoding=\"async\" class=\"alignnone size-medium wp-image-4954\" src=\"https:\/\/katosines.com\/wp-content\/uploads\/2025\/07\/HARVARD-BLANCO-300x300.jpg\" alt=\"\" width=\"300\" height=\"300\" title=\"\" srcset=\"https:\/\/katosines.com\/wp-content\/uploads\/2025\/07\/HARVARD-BLANCO-300x300.jpg 300w, https:\/\/katosines.com\/wp-content\/uploads\/2025\/07\/HARVARD-BLANCO-1024x1024.jpg 1024w, https:\/\/katosines.com\/wp-content\/uploads\/2025\/07\/HARVARD-BLANCO-150x150.jpg 150w, https:\/\/katosines.com\/wp-content\/uploads\/2025\/07\/HARVARD-BLANCO-768x768.jpg 768w, https:\/\/katosines.com\/wp-content\/uploads\/2025\/07\/HARVARD-BLANCO-12x12.jpg 12w, https:\/\/katosines.com\/wp-content\/uploads\/2025\/07\/HARVARD-BLANCO-600x600.jpg 600w, https:\/\/katosines.com\/wp-content\/uploads\/2025\/07\/HARVARD-BLANCO-100x100.jpg 100w, https:\/\/katosines.com\/wp-content\/uploads\/2025\/07\/HARVARD-BLANCO.jpg 1500w\" sizes=\"(max-width: 300px) 100vw, 300px\" \/> <img decoding=\"async\" class=\"alignnone size-medium wp-image-4955\" src=\"https:\/\/katosines.com\/wp-content\/uploads\/2025\/07\/HARVARD-MARINO-300x300.jpg\" alt=\"\" width=\"300\" height=\"300\" title=\"\" srcset=\"https:\/\/katosines.com\/wp-content\/uploads\/2025\/07\/HARVARD-MARINO-300x300.jpg 300w, https:\/\/katosines.com\/wp-content\/uploads\/2025\/07\/HARVARD-MARINO-1024x1024.jpg 1024w, https:\/\/katosines.com\/wp-content\/uploads\/2025\/07\/HARVARD-MARINO-150x150.jpg 150w, https:\/\/katosines.com\/wp-content\/uploads\/2025\/07\/HARVARD-MARINO-768x768.jpg 768w, https:\/\/katosines.com\/wp-content\/uploads\/2025\/07\/HARVARD-MARINO-12x12.jpg 12w, https:\/\/katosines.com\/wp-content\/uploads\/2025\/07\/HARVARD-MARINO-600x600.jpg 600w, https:\/\/katosines.com\/wp-content\/uploads\/2025\/07\/HARVARD-MARINO-100x100.jpg 100w, https:\/\/katosines.com\/wp-content\/uploads\/2025\/07\/HARVARD-MARINO.jpg 1500w\" sizes=\"(max-width: 300px) 100vw, 300px\" \/><\/p>","protected":false},"excerpt":{"rendered":"<p>\ud83d\udc66\ud83d\udc67 Infantil unisex | Cierre: Velcro + cordones el\u00e1sticos Zapatilla escolar cl\u00e1sica de la marca Joma, perfecta para el uso diario en colegios. Confeccionada en piel sint\u00e9tica y materiales transpirables, garantiza comodidad, resistencia y sujeci\u00f3n \u00f3ptima. \u2714\ufe0f Caracter\u00edsticas: Cierre con velcro ajustable y cordones el\u00e1sticos (sin lazada) Refuerzo en puntera y tal\u00f3n para mayor durabilidad Suela antideslizante con buen agarre Plantilla acolchada y transpirable Logotipo &#8220;J&#8221; bordado lateral Ideal para uniforme escolar \ud83d\udce6 Tallas disponibles: 28 al 38 GUIA DE TALLAS Talla 22 23 24 25 26 27 28 29 30 Largo cm 13,5 14 14,5 15,5 16 16,5 17 18 18,5 &nbsp; Talla 31 32 33 34 35 36 37 38 39 Largo cm 19 19,5 20,5 21,5 22 23 23,5 24,5 25,5 &nbsp; Talla 40 Largo cm 26<\/p>","protected":false},"featured_media":4957,"comment_status":"open","ping_status":"closed","template":"","meta":[],"product_brand":[74],"product_cat":[91,103,94,98,121,114,88,15],"product_tag":[],"class_list":{"0":"post-4953","1":"product","2":"type-product","3":"status-publish","4":"has-post-thumbnail","6":"product_brand-joma","7":"product_cat-deportivos","8":"product_cat-colegial-nina","9":"product_cat-colegial-uncategorized","10":"product_cat-deportivos-nina","11":"product_cat-joma","12":"product_cat-marcas","13":"product_cat-nina","14":"product_cat-uncategorized","16":"first","17":"instock","18":"shipping-taxable","19":"purchasable","20":"product-type-variable"},"_links":{"self":[{"href":"https:\/\/katosines.com\/es\/wp-json\/wp\/v2\/product\/4953","targetHints":{"allow":["GET"]}}],"collection":[{"href":"https:\/\/katosines.com\/es\/wp-json\/wp\/v2\/product"}],"about":[{"href":"https:\/\/katosines.com\/es\/wp-json\/wp\/v2\/types\/product"}],"replies":[{"embeddable":true,"href":"https:\/\/katosines.com\/es\/wp-json\/wp\/v2\/comments?post=4953"}],"wp:featuredmedia":[{"embeddable":true,"href":"https:\/\/katosines.com\/es\/wp-json\/wp\/v2\/media\/4957"}],"wp:attachment":[{"href":"https:\/\/katosines.com\/es\/wp-json\/wp\/v2\/media?parent=4953"}],"wp:term":[{"taxonomy":"product_brand","embeddable":true,"href":"https:\/\/katosines.com\/es\/wp-json\/wp\/v2\/product_brand?post=4953"},{"taxonomy":"product_cat","embeddable":true,"href":"https:\/\/katosines.com\/es\/wp-json\/wp\/v2\/product_cat?post=4953"},{"taxonomy":"product_tag","embeddable":true,"href":"https:\/\/katosines.com\/es\/wp-json\/wp\/v2\/product_tag?post=4953"}],"curies":[{"name":"wp","href":"https:\/\/api.w.org\/{rel}","templated":true}]}}