{"id":4973,"date":"2025-07-14T15:02:21","date_gmt":"2025-07-14T15:02:21","guid":{"rendered":"https:\/\/katosines.com\/?post_type=product&#038;p=4973"},"modified":"2026-01-16T15:35:15","modified_gmt":"2026-01-16T15:35:15","slug":"zapatilla-escolar-deportivo-modelo-joma-school","status":"publish","type":"product","link":"https:\/\/katosines.com\/es\/producto\/zapatilla-escolar-deportivo-modelo-joma-school\/","title":{"rendered":"Zapatilla Escolar Deportivo Tallas 27 a 40 Modelo School Joma"},"content":{"rendered":"<p>Zapatilla robusta y c\u00f3moda dise\u00f1ada especialmente para el d\u00eda a d\u00eda escolar. Su estructura reforzada y suela de alto agarre la hacen ideal para actividades tanto en interiores como en patios o gimnasios.<\/p>\n<p data-start=\"449\" data-end=\"472\"><strong data-start=\"449\" data-end=\"472\">\u2714\ufe0f Caracter\u00edsticas:<\/strong><\/p>\n<ul>\n<li data-start=\"475\" data-end=\"533\">Cierre con <strong data-start=\"486\" data-end=\"502\">doble velcro<\/strong> para un ajuste seguro y r\u00e1pido<\/li>\n<li data-start=\"536\" data-end=\"591\">Dise\u00f1o t\u00e9cnico con l\u00edneas deportivas y logotipo lateral<\/li>\n<li data-start=\"594\" data-end=\"645\">Refuerzos en puntera y tal\u00f3n para mayor durabilidad<\/li>\n<li data-start=\"648\" data-end=\"681\">Interior acolchado y transpirable<\/li>\n<li data-start=\"684\" data-end=\"731\">Suela de goma resistente con dibujo de tracci\u00f3n<\/li>\n<\/ul>\n<p data-start=\"733\" data-end=\"818\"><strong data-start=\"733\" data-end=\"759\">\ud83d\udce6 Tallas disponibles:<\/strong> 26 al 40<\/p>\n<p>GUIA DE TALLAS<\/p>\n<table>\n<tbody>\n<tr>\n<td><strong>Talla<\/strong><\/td>\n<td>22<\/td>\n<td>23<\/td>\n<td>24<\/td>\n<td>25<\/td>\n<td>26<\/td>\n<td>27<\/td>\n<td>28<\/td>\n<td>29<\/td>\n<td>30<\/td>\n<\/tr>\n<tr>\n<td><strong>Largo cm<\/strong><\/td>\n<td>13,5<\/td>\n<td>14<\/td>\n<td>14,5<\/td>\n<td>15,5<\/td>\n<td>16<\/td>\n<td>16,5<\/td>\n<td>17<\/td>\n<td>18<\/td>\n<td>18,5<\/td>\n<\/tr>\n<\/tbody>\n<\/table>\n<p>&nbsp;<\/p>\n<table>\n<tbody>\n<tr>\n<td><strong>Talla<\/strong><\/td>\n<td>31<\/td>\n<td>32<\/td>\n<td>33<\/td>\n<td>34<\/td>\n<td>35<\/td>\n<td>36<\/td>\n<td>37<\/td>\n<td>38<\/td>\n<td>39<\/td>\n<\/tr>\n<tr>\n<td><strong>Largo cm<\/strong><\/td>\n<td>19<\/td>\n<td>19,5<\/td>\n<td>20,5<\/td>\n<td>21,5<\/td>\n<td>22<\/td>\n<td>23<\/td>\n<td>23,5<\/td>\n<td>24,5<\/td>\n<td>25,5<\/td>\n<\/tr>\n<\/tbody>\n<\/table>\n<p>&nbsp;<\/p>\n<table>\n<tbody>\n<tr>\n<td><strong>Talla<\/strong><\/td>\n<td>40<\/td>\n<\/tr>\n<tr>\n<td><strong>Largo cm<\/strong><\/td>\n<td>26<\/td>\n<\/tr>\n<\/tbody>\n<\/table>\n<p><img fetchpriority=\"high\" decoding=\"async\" class=\"alignnone size-medium wp-image-4981\" src=\"https:\/\/katosines.com\/wp-content\/uploads\/2025\/07\/SCHOOL-BLANCO-300x300.jpg\" alt=\"\" width=\"300\" height=\"300\" title=\"\" srcset=\"https:\/\/katosines.com\/wp-content\/uploads\/2025\/07\/SCHOOL-BLANCO-300x300.jpg 300w, https:\/\/katosines.com\/wp-content\/uploads\/2025\/07\/SCHOOL-BLANCO-1024x1024.jpg 1024w, https:\/\/katosines.com\/wp-content\/uploads\/2025\/07\/SCHOOL-BLANCO-150x150.jpg 150w, https:\/\/katosines.com\/wp-content\/uploads\/2025\/07\/SCHOOL-BLANCO-768x768.jpg 768w, https:\/\/katosines.com\/wp-content\/uploads\/2025\/07\/SCHOOL-BLANCO-12x12.jpg 12w, https:\/\/katosines.com\/wp-content\/uploads\/2025\/07\/SCHOOL-BLANCO-600x600.jpg 600w, https:\/\/katosines.com\/wp-content\/uploads\/2025\/07\/SCHOOL-BLANCO-100x100.jpg 100w, https:\/\/katosines.com\/wp-content\/uploads\/2025\/07\/SCHOOL-BLANCO.jpg 1500w\" sizes=\"(max-width: 300px) 100vw, 300px\" \/> <img decoding=\"async\" class=\"alignnone size-medium wp-image-4980\" src=\"https:\/\/katosines.com\/wp-content\/uploads\/2025\/07\/SCHOOL-BLANCO-ROSA-300x300.jpg\" alt=\"\" width=\"300\" height=\"300\" title=\"\" srcset=\"https:\/\/katosines.com\/wp-content\/uploads\/2025\/07\/SCHOOL-BLANCO-ROSA-300x300.jpg 300w, https:\/\/katosines.com\/wp-content\/uploads\/2025\/07\/SCHOOL-BLANCO-ROSA-1024x1024.jpg 1024w, https:\/\/katosines.com\/wp-content\/uploads\/2025\/07\/SCHOOL-BLANCO-ROSA-150x150.jpg 150w, https:\/\/katosines.com\/wp-content\/uploads\/2025\/07\/SCHOOL-BLANCO-ROSA-768x768.jpg 768w, https:\/\/katosines.com\/wp-content\/uploads\/2025\/07\/SCHOOL-BLANCO-ROSA-12x12.jpg 12w, https:\/\/katosines.com\/wp-content\/uploads\/2025\/07\/SCHOOL-BLANCO-ROSA-600x600.jpg 600w, https:\/\/katosines.com\/wp-content\/uploads\/2025\/07\/SCHOOL-BLANCO-ROSA-100x100.jpg 100w, https:\/\/katosines.com\/wp-content\/uploads\/2025\/07\/SCHOOL-BLANCO-ROSA.jpg 1500w\" sizes=\"(max-width: 300px) 100vw, 300px\" \/> <img decoding=\"async\" class=\"alignnone size-medium wp-image-4978\" src=\"https:\/\/katosines.com\/wp-content\/uploads\/2025\/07\/SCHOOL-BLANCO-MARINO-300x300.jpg\" alt=\"\" width=\"300\" height=\"300\" title=\"\" srcset=\"https:\/\/katosines.com\/wp-content\/uploads\/2025\/07\/SCHOOL-BLANCO-MARINO-300x300.jpg 300w, https:\/\/katosines.com\/wp-content\/uploads\/2025\/07\/SCHOOL-BLANCO-MARINO-1024x1024.jpg 1024w, https:\/\/katosines.com\/wp-content\/uploads\/2025\/07\/SCHOOL-BLANCO-MARINO-150x150.jpg 150w, https:\/\/katosines.com\/wp-content\/uploads\/2025\/07\/SCHOOL-BLANCO-MARINO-768x768.jpg 768w, https:\/\/katosines.com\/wp-content\/uploads\/2025\/07\/SCHOOL-BLANCO-MARINO-12x12.jpg 12w, https:\/\/katosines.com\/wp-content\/uploads\/2025\/07\/SCHOOL-BLANCO-MARINO-600x600.jpg 600w, https:\/\/katosines.com\/wp-content\/uploads\/2025\/07\/SCHOOL-BLANCO-MARINO-100x100.jpg 100w, https:\/\/katosines.com\/wp-content\/uploads\/2025\/07\/SCHOOL-BLANCO-MARINO.jpg 1500w\" sizes=\"(max-width: 300px) 100vw, 300px\" \/><\/p>","protected":false},"excerpt":{"rendered":"<p>Zapatilla robusta y c\u00f3moda dise\u00f1ada especialmente para el d\u00eda a d\u00eda escolar. Su estructura reforzada y suela de alto agarre la hacen ideal para actividades tanto en interiores como en patios o gimnasios. \u2714\ufe0f Caracter\u00edsticas: Cierre con doble velcro para un ajuste seguro y r\u00e1pido Dise\u00f1o t\u00e9cnico con l\u00edneas deportivas y logotipo lateral Refuerzos en puntera y tal\u00f3n para mayor durabilidad Interior acolchado y transpirable Suela de goma resistente con dibujo de tracci\u00f3n \ud83d\udce6 Tallas disponibles: 26 al 40 GUIA DE TALLAS Talla 22 23 24 25 26 27 28 29 30 Largo cm 13,5 14 14,5 15,5 16 16,5 17 18 18,5 &nbsp; Talla 31 32 33 34 35 36 37 38 39 Largo cm 19 19,5 20,5 21,5 22 23 23,5 24,5 25,5 &nbsp; Talla 40 Largo cm 26<\/p>","protected":false},"featured_media":4983,"comment_status":"open","ping_status":"closed","template":"","meta":[],"product_brand":[74],"product_cat":[98,103,94,91,121,114,88,15],"product_tag":[],"class_list":{"0":"post-4973","1":"product","2":"type-product","3":"status-publish","4":"has-post-thumbnail","6":"product_brand-joma","7":"product_cat-deportivos-nina","8":"product_cat-colegial-nina","9":"product_cat-colegial-uncategorized","10":"product_cat-deportivos","11":"product_cat-joma","12":"product_cat-marcas","13":"product_cat-nina","14":"product_cat-uncategorized","16":"first","17":"instock","18":"shipping-taxable","19":"purchasable","20":"product-type-variable"},"_links":{"self":[{"href":"https:\/\/katosines.com\/es\/wp-json\/wp\/v2\/product\/4973","targetHints":{"allow":["GET"]}}],"collection":[{"href":"https:\/\/katosines.com\/es\/wp-json\/wp\/v2\/product"}],"about":[{"href":"https:\/\/katosines.com\/es\/wp-json\/wp\/v2\/types\/product"}],"replies":[{"embeddable":true,"href":"https:\/\/katosines.com\/es\/wp-json\/wp\/v2\/comments?post=4973"}],"wp:featuredmedia":[{"embeddable":true,"href":"https:\/\/katosines.com\/es\/wp-json\/wp\/v2\/media\/4983"}],"wp:attachment":[{"href":"https:\/\/katosines.com\/es\/wp-json\/wp\/v2\/media?parent=4973"}],"wp:term":[{"taxonomy":"product_brand","embeddable":true,"href":"https:\/\/katosines.com\/es\/wp-json\/wp\/v2\/product_brand?post=4973"},{"taxonomy":"product_cat","embeddable":true,"href":"https:\/\/katosines.com\/es\/wp-json\/wp\/v2\/product_cat?post=4973"},{"taxonomy":"product_tag","embeddable":true,"href":"https:\/\/katosines.com\/es\/wp-json\/wp\/v2\/product_tag?post=4973"}],"curies":[{"name":"wp","href":"https:\/\/api.w.org\/{rel}","templated":true}]}}