{"id":5052,"date":"2025-07-23T03:55:02","date_gmt":"2025-07-23T03:55:02","guid":{"rendered":"https:\/\/katosines.com\/?post_type=product&#038;p=5052"},"modified":"2025-10-16T14:22:47","modified_gmt":"2025-10-16T14:22:47","slug":"zapatillas-escolares-blancas-para-nino-y-nina-modelo-200000-de-pablosky","status":"publish","type":"product","link":"https:\/\/katosines.com\/es\/producto\/zapatillas-escolares-blancas-para-nino-y-nina-modelo-200000-de-pablosky\/","title":{"rendered":"Zapatillas escolares blancas para ni\u00f1o y ni\u00f1a Tallas 24 a 35 Modelo 200000 Pablosky"},"content":{"rendered":"<p>Las <strong data-start=\"191\" data-end=\"244\">zapatillas escolares blancas de la marca Pablosky<\/strong> son la elecci\u00f3n ideal para el d\u00eda a d\u00eda en el colegio. Con dise\u00f1o unisex, est\u00e1n fabricadas en piel natural de alta resistencia, doble cierre de velcro para mayor sujeci\u00f3n y puntera reforzada que aguanta el trote diario de los m\u00e1s peque\u00f1os.<\/p>\n<p data-start=\"486\" data-end=\"608\">Este calzado combina <strong data-start=\"507\" data-end=\"542\">comodidad, durabilidad y estilo<\/strong>, siendo perfectas para uniforme escolar o actividades deportivas.<\/p>\n<p data-start=\"610\" data-end=\"836\">\u2705 Marca Pablosky \u2013 calidad garantizada<br data-start=\"648\" data-end=\"651\" \/>\u2705 Puntera reforzada antirrozaduras<br data-start=\"685\" data-end=\"688\" \/>\u2705 Plantilla ergon\u00f3mica transpirable<br data-start=\"723\" data-end=\"726\" \/>\u2705 Suela antideslizante<br data-start=\"748\" data-end=\"751\" \/>\u2705 Cierre con velcro f\u00e1cil para uso infantil<br data-start=\"794\" data-end=\"797\" \/>\u2705 Recomendadas por pod\u00f3logos infantiles<\/p>\n<p data-start=\"610\" data-end=\"836\">GUIA DE TALLAS<\/p>\n<p>&nbsp;<\/p>\n<table>\n<tbody>\n<tr>\n<td><strong>Talla<\/strong><\/td>\n<td>24<\/td>\n<td>25<\/td>\n<td>26<\/td>\n<td>27<\/td>\n<td>28<\/td>\n<td>29<\/td>\n<td>30<\/td>\n<td>31<\/td>\n<\/tr>\n<tr>\n<td><strong>Largo cm<\/strong><\/td>\n<td>15,3<\/td>\n<td>16<\/td>\n<td>16,6<\/td>\n<td>17,3<\/td>\n<td>18<\/td>\n<td>18,6<\/td>\n<td>19,3<\/td>\n<td>20<\/td>\n<\/tr>\n<tr>\n<td><strong>Ancho cm<\/strong><\/td>\n<td>6,3<\/td>\n<td>6,5<\/td>\n<td>6,5<\/td>\n<td>6,6<\/td>\n<td>7<\/td>\n<td>7,2<\/td>\n<td>7,2<\/td>\n<td>7,5<\/td>\n<\/tr>\n<\/tbody>\n<\/table>\n<p>&nbsp;<\/p>\n<table>\n<tbody>\n<tr>\n<td><strong>Talla<\/strong><\/td>\n<td>32<\/td>\n<td>33<\/td>\n<td>34<\/td>\n<td>35<\/td>\n<\/tr>\n<tr>\n<td><strong>Largo cm<\/strong><\/td>\n<td>20,6<\/td>\n<td>21,3<\/td>\n<td>22<\/td>\n<td>22,6<\/td>\n<\/tr>\n<tr>\n<td><strong>Ancho cm<\/strong><\/td>\n<td>7,5<\/td>\n<td>7,7<\/td>\n<td>8<\/td>\n<td>8<\/td>\n<\/tr>\n<\/tbody>\n<\/table>\n<p>&nbsp;<\/p>\n<p><img fetchpriority=\"high\" decoding=\"async\" class=\"alignnone size-medium wp-image-5056\" src=\"https:\/\/katosines.com\/wp-content\/uploads\/2025\/07\/200000-BLANCO-1-300x200.jpg\" alt=\"\" width=\"300\" height=\"200\" title=\"\" srcset=\"https:\/\/katosines.com\/wp-content\/uploads\/2025\/07\/200000-BLANCO-1-300x200.jpg 300w, https:\/\/katosines.com\/wp-content\/uploads\/2025\/07\/200000-BLANCO-1-768x512.jpg 768w, https:\/\/katosines.com\/wp-content\/uploads\/2025\/07\/200000-BLANCO-1-18x12.jpg 18w, https:\/\/katosines.com\/wp-content\/uploads\/2025\/07\/200000-BLANCO-1-600x400.jpg 600w, https:\/\/katosines.com\/wp-content\/uploads\/2025\/07\/200000-BLANCO-1.jpg 800w\" sizes=\"(max-width: 300px) 100vw, 300px\" \/> <img decoding=\"async\" class=\"alignnone size-medium wp-image-5054\" src=\"https:\/\/katosines.com\/wp-content\/uploads\/2025\/07\/200000-BLANCO-DOBLAR-300x223.jpg\" alt=\"\" width=\"300\" height=\"223\" title=\"\" srcset=\"https:\/\/katosines.com\/wp-content\/uploads\/2025\/07\/200000-BLANCO-DOBLAR-300x223.jpg 300w, https:\/\/katosines.com\/wp-content\/uploads\/2025\/07\/200000-BLANCO-DOBLAR-16x12.jpg 16w, https:\/\/katosines.com\/wp-content\/uploads\/2025\/07\/200000-BLANCO-DOBLAR.jpg 559w\" sizes=\"(max-width: 300px) 100vw, 300px\" \/><\/p>","protected":false},"excerpt":{"rendered":"<p>Las zapatillas escolares blancas de la marca Pablosky son la elecci\u00f3n ideal para el d\u00eda a d\u00eda en el colegio. Con dise\u00f1o unisex, est\u00e1n fabricadas en piel natural de alta resistencia, doble cierre de velcro para mayor sujeci\u00f3n y puntera reforzada que aguanta el trote diario de los m\u00e1s peque\u00f1os. Este calzado combina comodidad, durabilidad y estilo, siendo perfectas para uniforme escolar o actividades deportivas. \u2705 Marca Pablosky \u2013 calidad garantizada\u2705 Puntera reforzada antirrozaduras\u2705 Plantilla ergon\u00f3mica transpirable\u2705 Suela antideslizante\u2705 Cierre con velcro f\u00e1cil para uso infantil\u2705 Recomendadas por pod\u00f3logos infantiles GUIA DE TALLAS &nbsp; Talla 24 25 26 27 28 29 30 31 Largo cm 15,3 16 16,6 17,3 18 18,6 19,3 20 Ancho cm 6,3 6,5 6,5 6,6 7 7,2 7,2 7,5 &nbsp; Talla 32 33 34 35 Largo cm 20,6 21,3 22 22,6 Ancho cm 7,5 7,7 8 8 &nbsp;<\/p>","protected":false},"featured_media":5056,"comment_status":"open","ping_status":"closed","template":"","meta":[],"product_brand":[79],"product_cat":[91,98,88,123,15],"product_tag":[],"class_list":{"0":"post-5052","1":"product","2":"type-product","3":"status-publish","4":"has-post-thumbnail","6":"product_brand-pablosky","7":"product_cat-deportivos","8":"product_cat-deportivos-nina","9":"product_cat-nina","10":"product_cat-pablosky","11":"product_cat-uncategorized","13":"first","14":"instock","15":"shipping-taxable","16":"purchasable","17":"product-type-variable"},"_links":{"self":[{"href":"https:\/\/katosines.com\/es\/wp-json\/wp\/v2\/product\/5052","targetHints":{"allow":["GET"]}}],"collection":[{"href":"https:\/\/katosines.com\/es\/wp-json\/wp\/v2\/product"}],"about":[{"href":"https:\/\/katosines.com\/es\/wp-json\/wp\/v2\/types\/product"}],"replies":[{"embeddable":true,"href":"https:\/\/katosines.com\/es\/wp-json\/wp\/v2\/comments?post=5052"}],"wp:featuredmedia":[{"embeddable":true,"href":"https:\/\/katosines.com\/es\/wp-json\/wp\/v2\/media\/5056"}],"wp:attachment":[{"href":"https:\/\/katosines.com\/es\/wp-json\/wp\/v2\/media?parent=5052"}],"wp:term":[{"taxonomy":"product_brand","embeddable":true,"href":"https:\/\/katosines.com\/es\/wp-json\/wp\/v2\/product_brand?post=5052"},{"taxonomy":"product_cat","embeddable":true,"href":"https:\/\/katosines.com\/es\/wp-json\/wp\/v2\/product_cat?post=5052"},{"taxonomy":"product_tag","embeddable":true,"href":"https:\/\/katosines.com\/es\/wp-json\/wp\/v2\/product_tag?post=5052"}],"curies":[{"name":"wp","href":"https:\/\/api.w.org\/{rel}","templated":true}]}}