{"id":5291,"date":"2025-08-20T21:52:13","date_gmt":"2025-08-20T21:52:13","guid":{"rendered":"https:\/\/katosines.com\/?post_type=product&#038;p=5291"},"modified":"2025-10-16T06:06:52","modified_gmt":"2025-10-16T06:06:52","slug":"zapatillas-de-polipiel-para-mujer-tallas-36-a-41-modelo-xf2-katosines","status":"publish","type":"product","link":"https:\/\/katosines.com\/es\/producto\/zapatillas-de-polipiel-para-mujer-tallas-36-a-41-modelo-xf2-katosines\/","title":{"rendered":"Zapatillas de polipiel para mujer Tallas 36 a 41 Modelo XF2 Katosines"},"content":{"rendered":"<p>Zapatillas para mujer fabricadas en polipiel, con dise\u00f1o cl\u00e1sico y c\u00f3modo. Suela de goma antideslizante, puntera reforzada y cierre con cordones. Perfectas para looks casuales y uso diario gracias a su estilo vers\u00e1til y f\u00e1cil de combinar.<\/p>\n<p><img fetchpriority=\"high\" decoding=\"async\" class=\"alignnone size-medium wp-image-9561\" src=\"https:\/\/katosines.com\/wp-content\/uploads\/2025\/10\/XF2-BLANCO-removebg-preview-300x169.png\" alt=\"\" width=\"300\" height=\"169\" title=\"\" srcset=\"https:\/\/katosines.com\/wp-content\/uploads\/2025\/10\/XF2-BLANCO-removebg-preview-300x169.png 300w, https:\/\/katosines.com\/wp-content\/uploads\/2025\/10\/XF2-BLANCO-removebg-preview-18x10.png 18w, https:\/\/katosines.com\/wp-content\/uploads\/2025\/10\/XF2-BLANCO-removebg-preview-600x338.png 600w, https:\/\/katosines.com\/wp-content\/uploads\/2025\/10\/XF2-BLANCO-removebg-preview.png 666w\" sizes=\"(max-width: 300px) 100vw, 300px\" \/> <img decoding=\"async\" class=\"alignnone size-medium wp-image-9562\" src=\"https:\/\/katosines.com\/wp-content\/uploads\/2025\/10\/XF2-NEGRO-removebg-preview-300x169.png\" alt=\"\" width=\"300\" height=\"169\" title=\"\" srcset=\"https:\/\/katosines.com\/wp-content\/uploads\/2025\/10\/XF2-NEGRO-removebg-preview-300x169.png 300w, https:\/\/katosines.com\/wp-content\/uploads\/2025\/10\/XF2-NEGRO-removebg-preview-18x10.png 18w, https:\/\/katosines.com\/wp-content\/uploads\/2025\/10\/XF2-NEGRO-removebg-preview-600x338.png 600w, https:\/\/katosines.com\/wp-content\/uploads\/2025\/10\/XF2-NEGRO-removebg-preview.png 666w\" sizes=\"(max-width: 300px) 100vw, 300px\" \/> <img decoding=\"async\" class=\"alignnone size-medium wp-image-9560\" src=\"https:\/\/katosines.com\/wp-content\/uploads\/2025\/10\/XF2_SUELA-removebg-preview-300x168.png\" alt=\"\" width=\"300\" height=\"168\" title=\"\" srcset=\"https:\/\/katosines.com\/wp-content\/uploads\/2025\/10\/XF2_SUELA-removebg-preview-300x168.png 300w, https:\/\/katosines.com\/wp-content\/uploads\/2025\/10\/XF2_SUELA-removebg-preview-18x10.png 18w, https:\/\/katosines.com\/wp-content\/uploads\/2025\/10\/XF2_SUELA-removebg-preview-600x337.png 600w, https:\/\/katosines.com\/wp-content\/uploads\/2025\/10\/XF2_SUELA-removebg-preview.png 666w\" sizes=\"(max-width: 300px) 100vw, 300px\" \/> <img loading=\"lazy\" decoding=\"async\" class=\"alignnone size-medium wp-image-9559\" src=\"https:\/\/katosines.com\/wp-content\/uploads\/2025\/10\/XF2_DEL-removebg-preview-168x300.png\" alt=\"\" width=\"168\" height=\"300\" title=\"\" srcset=\"https:\/\/katosines.com\/wp-content\/uploads\/2025\/10\/XF2_DEL-removebg-preview-168x300.png 168w, https:\/\/katosines.com\/wp-content\/uploads\/2025\/10\/XF2_DEL-removebg-preview-7x12.png 7w, https:\/\/katosines.com\/wp-content\/uploads\/2025\/10\/XF2_DEL-removebg-preview.png 374w\" sizes=\"(max-width: 168px) 100vw, 168px\" \/><\/p>\n<p>&nbsp;<\/p>","protected":false},"excerpt":{"rendered":"<p>Zapatillas para mujer fabricadas en polipiel, con dise\u00f1o cl\u00e1sico y c\u00f3modo. Suela de goma antideslizante, puntera reforzada y cierre con cordones. Perfectas para looks casuales y uso diario gracias a su estilo vers\u00e1til y f\u00e1cil de combinar. &nbsp;<\/p>","protected":false},"featured_media":5295,"comment_status":"open","ping_status":"closed","template":"","meta":[],"product_brand":[280],"product_cat":[105,45],"product_tag":[],"class_list":{"0":"post-5291","1":"product","2":"type-product","3":"status-publish","4":"has-post-thumbnail","6":"product_brand-katosines","7":"product_cat-deportivos-mujer","8":"product_cat-mujer","10":"first","11":"instock","12":"shipping-taxable","13":"purchasable","14":"product-type-variable"},"_links":{"self":[{"href":"https:\/\/katosines.com\/es\/wp-json\/wp\/v2\/product\/5291","targetHints":{"allow":["GET"]}}],"collection":[{"href":"https:\/\/katosines.com\/es\/wp-json\/wp\/v2\/product"}],"about":[{"href":"https:\/\/katosines.com\/es\/wp-json\/wp\/v2\/types\/product"}],"replies":[{"embeddable":true,"href":"https:\/\/katosines.com\/es\/wp-json\/wp\/v2\/comments?post=5291"}],"wp:featuredmedia":[{"embeddable":true,"href":"https:\/\/katosines.com\/es\/wp-json\/wp\/v2\/media\/5295"}],"wp:attachment":[{"href":"https:\/\/katosines.com\/es\/wp-json\/wp\/v2\/media?parent=5291"}],"wp:term":[{"taxonomy":"product_brand","embeddable":true,"href":"https:\/\/katosines.com\/es\/wp-json\/wp\/v2\/product_brand?post=5291"},{"taxonomy":"product_cat","embeddable":true,"href":"https:\/\/katosines.com\/es\/wp-json\/wp\/v2\/product_cat?post=5291"},{"taxonomy":"product_tag","embeddable":true,"href":"https:\/\/katosines.com\/es\/wp-json\/wp\/v2\/product_tag?post=5291"}],"curies":[{"name":"wp","href":"https:\/\/api.w.org\/{rel}","templated":true}]}}