{"id":5362,"date":"2025-08-21T06:58:59","date_gmt":"2025-08-21T06:58:59","guid":{"rendered":"https:\/\/katosines.com\/?post_type=product&#038;p=5362"},"modified":"2025-11-06T07:08:36","modified_gmt":"2025-11-06T07:08:36","slug":"bota-montana-para-hombre-y-mujer-tallas-35-a-46-modelo-2000-kaki-canos","status":"publish","type":"product","link":"https:\/\/katosines.com\/es\/producto\/bota-montana-para-hombre-y-mujer-tallas-35-a-46-modelo-2000-kaki-canos\/","title":{"rendered":"Bota monta\u00f1a para hombre y mujer Tallas 35 a 46 Modelo 2000 kaki Can\u00f3s"},"content":{"rendered":"<p>Bota de monta\u00f1a para hombre en color kaki, perfecta para senderismo, excursiones o uso diario en entornos rurales. Fabricada en materiales resistentes, con suela de agarre fuerte y acolchado en el tobillo para mayor comodidad. Su dise\u00f1o combina serraje y textil t\u00e9cnico, aportando transpirabilidad y protecci\u00f3n. Ideal para los amantes de la aventura y la naturaleza.<\/p>\n<p><img fetchpriority=\"high\" decoding=\"async\" class=\"alignnone size-medium wp-image-9609\" src=\"https:\/\/katosines.com\/wp-content\/uploads\/2025\/08\/2000-KAKI-removebg-preview-300x225.png\" alt=\"\" width=\"300\" height=\"225\" title=\"\" srcset=\"https:\/\/katosines.com\/wp-content\/uploads\/2025\/08\/2000-KAKI-removebg-preview-300x225.png 300w, https:\/\/katosines.com\/wp-content\/uploads\/2025\/08\/2000-KAKI-removebg-preview-16x12.png 16w, https:\/\/katosines.com\/wp-content\/uploads\/2025\/08\/2000-KAKI-removebg-preview.png 577w\" sizes=\"(max-width: 300px) 100vw, 300px\" \/> <img decoding=\"async\" class=\"alignnone size-medium wp-image-9608\" src=\"https:\/\/katosines.com\/wp-content\/uploads\/2025\/08\/2000_SUELA-removebg-preview-300x225.png\" alt=\"\" width=\"300\" height=\"225\" title=\"\" srcset=\"https:\/\/katosines.com\/wp-content\/uploads\/2025\/08\/2000_SUELA-removebg-preview-300x225.png 300w, https:\/\/katosines.com\/wp-content\/uploads\/2025\/08\/2000_SUELA-removebg-preview-16x12.png 16w, https:\/\/katosines.com\/wp-content\/uploads\/2025\/08\/2000_SUELA-removebg-preview.png 577w\" sizes=\"(max-width: 300px) 100vw, 300px\" \/> <img decoding=\"async\" class=\"alignnone size-medium wp-image-9607\" src=\"https:\/\/katosines.com\/wp-content\/uploads\/2025\/08\/2000_DELA-removebg-preview-300x225.png\" alt=\"\" width=\"300\" height=\"225\" title=\"\" srcset=\"https:\/\/katosines.com\/wp-content\/uploads\/2025\/08\/2000_DELA-removebg-preview-300x225.png 300w, https:\/\/katosines.com\/wp-content\/uploads\/2025\/08\/2000_DELA-removebg-preview-16x12.png 16w, https:\/\/katosines.com\/wp-content\/uploads\/2025\/08\/2000_DELA-removebg-preview.png 577w\" sizes=\"(max-width: 300px) 100vw, 300px\" \/><\/p>","protected":false},"excerpt":{"rendered":"<p>Bota de monta\u00f1a para hombre en color kaki, perfecta para senderismo, excursiones o uso diario en entornos rurales. Fabricada en materiales resistentes, con suela de agarre fuerte y acolchado en el tobillo para mayor comodidad. Su dise\u00f1o combina serraje y textil t\u00e9cnico, aportando transpirabilidad y protecci\u00f3n. Ideal para los amantes de la aventura y la naturaleza.<\/p>","protected":false},"featured_media":5365,"comment_status":"open","ping_status":"closed","template":"","meta":[],"product_brand":[243],"product_cat":[157,128,114,44],"product_tag":[],"class_list":{"0":"post-5362","1":"product","2":"type-product","3":"status-publish","4":"has-post-thumbnail","6":"product_brand-canos","7":"product_cat-botas-hombre","8":"product_cat-canos","9":"product_cat-marcas","10":"product_cat-hombre","12":"first","13":"instock","14":"shipping-taxable","15":"purchasable","16":"product-type-variable"},"_links":{"self":[{"href":"https:\/\/katosines.com\/es\/wp-json\/wp\/v2\/product\/5362","targetHints":{"allow":["GET"]}}],"collection":[{"href":"https:\/\/katosines.com\/es\/wp-json\/wp\/v2\/product"}],"about":[{"href":"https:\/\/katosines.com\/es\/wp-json\/wp\/v2\/types\/product"}],"replies":[{"embeddable":true,"href":"https:\/\/katosines.com\/es\/wp-json\/wp\/v2\/comments?post=5362"}],"wp:featuredmedia":[{"embeddable":true,"href":"https:\/\/katosines.com\/es\/wp-json\/wp\/v2\/media\/5365"}],"wp:attachment":[{"href":"https:\/\/katosines.com\/es\/wp-json\/wp\/v2\/media?parent=5362"}],"wp:term":[{"taxonomy":"product_brand","embeddable":true,"href":"https:\/\/katosines.com\/es\/wp-json\/wp\/v2\/product_brand?post=5362"},{"taxonomy":"product_cat","embeddable":true,"href":"https:\/\/katosines.com\/es\/wp-json\/wp\/v2\/product_cat?post=5362"},{"taxonomy":"product_tag","embeddable":true,"href":"https:\/\/katosines.com\/es\/wp-json\/wp\/v2\/product_tag?post=5362"}],"curies":[{"name":"wp","href":"https:\/\/api.w.org\/{rel}","templated":true}]}}