{"id":5381,"date":"2025-08-22T07:57:28","date_gmt":"2025-08-22T07:57:28","guid":{"rendered":"https:\/\/katosines.com\/?post_type=product&#038;p=5381"},"modified":"2025-11-03T10:47:44","modified_gmt":"2025-11-03T10:47:44","slug":"zapatillas-de-casa-cerradas-para-mujer-con-estampado-leopardo-hecho-en-espana-tallas-36-a-41-modelo-7788-jam","status":"publish","type":"product","link":"https:\/\/katosines.com\/es\/producto\/zapatillas-de-casa-cerradas-para-mujer-con-estampado-leopardo-hecho-en-espana-tallas-36-a-41-modelo-7788-jam\/","title":{"rendered":"Zapatillas de casa cerradas para mujer con estampado leopardo Hecho en Espa\u00f1a Tallas 36 a 41 Modelo 7788 Jam"},"content":{"rendered":"<p>Zapatillas de casa cerradas para mujer con dise\u00f1o animal print estilo leopardo. Fabricadas en tejido suave y c\u00e1lido, con suela antideslizante que garantiza seguridad y plantilla acolchada para mayor comodidad. Ideales para uso diario en el hogar.<\/p>","protected":false},"excerpt":{"rendered":"<p>Zapatillas de casa cerradas para mujer con dise\u00f1o animal print estilo leopardo. Fabricadas en tejido suave y c\u00e1lido, con suela antideslizante que garantiza seguridad y plantilla acolchada para mayor comodidad. Ideales para uso diario en el hogar.<\/p>","protected":false},"featured_media":5382,"comment_status":"open","ping_status":"closed","template":"","meta":[],"product_brand":[257],"product_cat":[131,130,114,45],"product_tag":[],"class_list":{"0":"post-5381","1":"product","2":"type-product","3":"status-publish","4":"has-post-thumbnail","6":"product_brand-jam","7":"product_cat-zapatillas-de-casa","8":"product_cat-jam","9":"product_cat-marcas","10":"product_cat-mujer","12":"first","13":"instock","14":"shipping-taxable","15":"purchasable","16":"product-type-variable"},"_links":{"self":[{"href":"https:\/\/katosines.com\/es\/wp-json\/wp\/v2\/product\/5381","targetHints":{"allow":["GET"]}}],"collection":[{"href":"https:\/\/katosines.com\/es\/wp-json\/wp\/v2\/product"}],"about":[{"href":"https:\/\/katosines.com\/es\/wp-json\/wp\/v2\/types\/product"}],"replies":[{"embeddable":true,"href":"https:\/\/katosines.com\/es\/wp-json\/wp\/v2\/comments?post=5381"}],"wp:featuredmedia":[{"embeddable":true,"href":"https:\/\/katosines.com\/es\/wp-json\/wp\/v2\/media\/5382"}],"wp:attachment":[{"href":"https:\/\/katosines.com\/es\/wp-json\/wp\/v2\/media?parent=5381"}],"wp:term":[{"taxonomy":"product_brand","embeddable":true,"href":"https:\/\/katosines.com\/es\/wp-json\/wp\/v2\/product_brand?post=5381"},{"taxonomy":"product_cat","embeddable":true,"href":"https:\/\/katosines.com\/es\/wp-json\/wp\/v2\/product_cat?post=5381"},{"taxonomy":"product_tag","embeddable":true,"href":"https:\/\/katosines.com\/es\/wp-json\/wp\/v2\/product_tag?post=5381"}],"curies":[{"name":"wp","href":"https:\/\/api.w.org\/{rel}","templated":true}]}}