{"id":5386,"date":"2025-08-22T08:37:07","date_gmt":"2025-08-22T08:37:07","guid":{"rendered":"https:\/\/katosines.com\/?post_type=product&#038;p=5386"},"modified":"2025-10-19T07:56:14","modified_gmt":"2025-10-19T07:56:14","slug":"sandalias-blancas-planas-para-mujer-con-doble-cierre-de-velcro-hecho-en-espana-modelo-e645-tallas-36-a-41-alto-estilo","status":"publish","type":"product","link":"https:\/\/katosines.com\/es\/producto\/sandalias-blancas-planas-para-mujer-con-doble-cierre-de-velcro-hecho-en-espana-modelo-e645-tallas-36-a-41-alto-estilo\/","title":{"rendered":"Sandalias blancas planas para mujer con doble cierre de velcro Hecho en Espa\u00f1a Modelo E645 Tallas 36 a 41 Alto Estilo"},"content":{"rendered":"<p><span data-spm-anchor-id=\"euspain.pdp.description.i0.8f373b8bSjEylR\">Estas sandalias planas para mujer en color blanco est\u00e1n dise\u00f1adas para ofrecer <\/span>m\u00e1ximo confort y ajuste personalizado. Disponen de doble cierre de velcro, uno en la pala y otro en el tobillo, lo que permite adaptarlas f\u00e1cilmente al pie. Su suela ligera, acolchada y antideslizante aporta estabilidad y comodidad, siendo perfectas para caminar largas horas, viajes o uso diario en verano.<\/p>\n<p>Un modelo vers\u00e1til y pr\u00e1ctico que combina comodidad y estilo casual.<\/p>","protected":false},"excerpt":{"rendered":"<p>Estas sandalias planas para mujer en color blanco est\u00e1n dise\u00f1adas para ofrecer m\u00e1ximo confort y ajuste personalizado. Disponen de doble cierre de velcro, uno en la pala y otro en el tobillo, lo que permite adaptarlas f\u00e1cilmente al pie. Su suela ligera, acolchada y antideslizante aporta estabilidad y comodidad, siendo perfectas para caminar largas horas, viajes o uso diario en verano. Un modelo vers\u00e1til y pr\u00e1ctico que combina comodidad y estilo casual.<\/p>","protected":false},"featured_media":5389,"comment_status":"open","ping_status":"closed","template":"","meta":[],"product_brand":[318],"product_cat":[107,319,114,45],"product_tag":[],"class_list":{"0":"post-5386","1":"product","2":"type-product","3":"status-publish","4":"has-post-thumbnail","6":"product_brand-alto-estilo","7":"product_cat-sandalias-mujer","8":"product_cat-alto-estilo","9":"product_cat-marcas","10":"product_cat-mujer","12":"first","13":"instock","14":"shipping-taxable","15":"purchasable","16":"product-type-variable"},"_links":{"self":[{"href":"https:\/\/katosines.com\/es\/wp-json\/wp\/v2\/product\/5386","targetHints":{"allow":["GET"]}}],"collection":[{"href":"https:\/\/katosines.com\/es\/wp-json\/wp\/v2\/product"}],"about":[{"href":"https:\/\/katosines.com\/es\/wp-json\/wp\/v2\/types\/product"}],"replies":[{"embeddable":true,"href":"https:\/\/katosines.com\/es\/wp-json\/wp\/v2\/comments?post=5386"}],"wp:featuredmedia":[{"embeddable":true,"href":"https:\/\/katosines.com\/es\/wp-json\/wp\/v2\/media\/5389"}],"wp:attachment":[{"href":"https:\/\/katosines.com\/es\/wp-json\/wp\/v2\/media?parent=5386"}],"wp:term":[{"taxonomy":"product_brand","embeddable":true,"href":"https:\/\/katosines.com\/es\/wp-json\/wp\/v2\/product_brand?post=5386"},{"taxonomy":"product_cat","embeddable":true,"href":"https:\/\/katosines.com\/es\/wp-json\/wp\/v2\/product_cat?post=5386"},{"taxonomy":"product_tag","embeddable":true,"href":"https:\/\/katosines.com\/es\/wp-json\/wp\/v2\/product_tag?post=5386"}],"curies":[{"name":"wp","href":"https:\/\/api.w.org\/{rel}","templated":true}]}}