{"id":5392,"date":"2025-08-22T08:48:53","date_gmt":"2025-08-22T08:48:53","guid":{"rendered":"https:\/\/katosines.com\/?post_type=product&#038;p=5392"},"modified":"2025-11-23T09:05:16","modified_gmt":"2025-11-23T09:05:16","slug":"zapatillas-de-polipiel-para-nino-o-nina-diseno-clasico-con-puntera-modelo-xf33-tallas-24-a-29","status":"publish","type":"product","link":"https:\/\/katosines.com\/es\/producto\/zapatillas-de-polipiel-para-nino-o-nina-diseno-clasico-con-puntera-modelo-xf33-tallas-24-a-29\/","title":{"rendered":"Zapatillas de polipiel para ni\u00f1o o ni\u00f1a dise\u00f1o cl\u00e1sico con puntera Modelo XF33 Tallas 24 a 29"},"content":{"rendered":"<p>Zapatillas infantiles tipo lona de polipiel con puntera de goma blanca. Dise\u00f1o atemporal estilo casual, ideales para uso diario. C\u00f3modas, ligeras y f\u00e1ciles de combinar. Perfectas para colegio, parque o looks urbanos.<\/p>","protected":false},"excerpt":{"rendered":"<p>Zapatillas infantiles tipo lona de polipiel con puntera de goma blanca. Dise\u00f1o atemporal estilo casual, ideales para uso diario. C\u00f3modas, ligeras y f\u00e1ciles de combinar. Perfectas para colegio, parque o looks urbanos.<\/p>","protected":false},"featured_media":5396,"comment_status":"open","ping_status":"closed","template":"","meta":[],"product_brand":[280],"product_cat":[114,415,416,321,88,15],"product_tag":[],"class_list":{"0":"post-5392","1":"product","2":"type-product","3":"status-publish","4":"has-post-thumbnail","6":"product_brand-katosines","7":"product_cat-marcas","8":"product_cat-bambaslona-nina","9":"product_cat-bambaslonanino","10":"product_cat-katosines","11":"product_cat-nina","12":"product_cat-uncategorized","14":"first","15":"instock","16":"shipping-taxable","17":"purchasable","18":"product-type-variable"},"_links":{"self":[{"href":"https:\/\/katosines.com\/es\/wp-json\/wp\/v2\/product\/5392","targetHints":{"allow":["GET"]}}],"collection":[{"href":"https:\/\/katosines.com\/es\/wp-json\/wp\/v2\/product"}],"about":[{"href":"https:\/\/katosines.com\/es\/wp-json\/wp\/v2\/types\/product"}],"replies":[{"embeddable":true,"href":"https:\/\/katosines.com\/es\/wp-json\/wp\/v2\/comments?post=5392"}],"wp:featuredmedia":[{"embeddable":true,"href":"https:\/\/katosines.com\/es\/wp-json\/wp\/v2\/media\/5396"}],"wp:attachment":[{"href":"https:\/\/katosines.com\/es\/wp-json\/wp\/v2\/media?parent=5392"}],"wp:term":[{"taxonomy":"product_brand","embeddable":true,"href":"https:\/\/katosines.com\/es\/wp-json\/wp\/v2\/product_brand?post=5392"},{"taxonomy":"product_cat","embeddable":true,"href":"https:\/\/katosines.com\/es\/wp-json\/wp\/v2\/product_cat?post=5392"},{"taxonomy":"product_tag","embeddable":true,"href":"https:\/\/katosines.com\/es\/wp-json\/wp\/v2\/product_tag?post=5392"}],"curies":[{"name":"wp","href":"https:\/\/api.w.org\/{rel}","templated":true}]}}