{"id":5412,"date":"2025-08-22T12:07:57","date_gmt":"2025-08-22T12:07:57","guid":{"rendered":"https:\/\/katosines.com\/?post_type=product&#038;p=5412"},"modified":"2026-03-05T07:06:59","modified_gmt":"2026-03-05T07:06:59","slug":"mocasines-colegiales-de-piel-para-nina-modelo-466-tallas-35-a-40-angelitos","status":"publish","type":"product","link":"https:\/\/katosines.com\/es\/producto\/mocasines-colegiales-de-piel-para-nina-modelo-466-tallas-35-a-40-angelitos\/","title":{"rendered":"Mocasines colegiales de piel para ni\u00f1a Modelo 466 Tallas 35 a 40 Angelitos"},"content":{"rendered":"<p>Mocasines colegiales para ni\u00f1a confeccionados en piel de alta calidad. Dise\u00f1o cl\u00e1sico, elegante y c\u00f3modo, ideal para el uniforme escolar. Interior forrado en piel suave para mayor comodidad durante todo el d\u00eda. Suela de goma antideslizante que proporciona estabilidad y seguridad en cada paso. Fabricaci\u00f3n nacional de la marca Angelitos, garant\u00eda de resistencia y estilo para el uso diario.<\/p>\n<p>GUIA DE TALLAS<\/p>\n<p><img fetchpriority=\"high\" decoding=\"async\" class=\"\" src=\"https:\/\/img2.miravia.es\/g\/fb\/kf\/E1627b77abed1492c868ed20b763d936bz.png_2200x2200q75.avif\" alt=\"Mocasines colegiales de piel para ni\u00f1a Modelo 466 Tallas 35 a 40 Angelitos - details 0\" width=\"637\" height=\"901\" title=\"\"><\/p>","protected":false},"excerpt":{"rendered":"<p>Mocasines colegiales para ni\u00f1a confeccionados en piel de alta calidad. Dise\u00f1o cl\u00e1sico, elegante y c\u00f3modo, ideal para el uniforme escolar. Interior forrado en piel suave para mayor comodidad durante todo el d\u00eda. Suela de goma antideslizante que proporciona estabilidad y seguridad en cada paso. Fabricaci\u00f3n nacional de la marca Angelitos, garant\u00eda de resistencia y estilo para el uso diario. GUIA DE TALLAS<\/p>","protected":false},"featured_media":5415,"comment_status":"open","ping_status":"closed","template":"","meta":[],"product_brand":[68],"product_cat":[103,117,114,88],"product_tag":[],"class_list":{"0":"post-5412","1":"product","2":"type-product","3":"status-publish","4":"has-post-thumbnail","6":"product_brand-angelitos","7":"product_cat-colegial-nina","8":"product_cat-angelitos","9":"product_cat-marcas","10":"product_cat-nina","12":"first","13":"instock","14":"sale","15":"shipping-taxable","16":"purchasable","17":"product-type-variable"},"_links":{"self":[{"href":"https:\/\/katosines.com\/es\/wp-json\/wp\/v2\/product\/5412","targetHints":{"allow":["GET"]}}],"collection":[{"href":"https:\/\/katosines.com\/es\/wp-json\/wp\/v2\/product"}],"about":[{"href":"https:\/\/katosines.com\/es\/wp-json\/wp\/v2\/types\/product"}],"replies":[{"embeddable":true,"href":"https:\/\/katosines.com\/es\/wp-json\/wp\/v2\/comments?post=5412"}],"wp:featuredmedia":[{"embeddable":true,"href":"https:\/\/katosines.com\/es\/wp-json\/wp\/v2\/media\/5415"}],"wp:attachment":[{"href":"https:\/\/katosines.com\/es\/wp-json\/wp\/v2\/media?parent=5412"}],"wp:term":[{"taxonomy":"product_brand","embeddable":true,"href":"https:\/\/katosines.com\/es\/wp-json\/wp\/v2\/product_brand?post=5412"},{"taxonomy":"product_cat","embeddable":true,"href":"https:\/\/katosines.com\/es\/wp-json\/wp\/v2\/product_cat?post=5412"},{"taxonomy":"product_tag","embeddable":true,"href":"https:\/\/katosines.com\/es\/wp-json\/wp\/v2\/product_tag?post=5412"}],"curies":[{"name":"wp","href":"https:\/\/api.w.org\/{rel}","templated":true}]}}