{"id":5527,"date":"2025-08-27T20:50:40","date_gmt":"2025-08-27T20:50:40","guid":{"rendered":"https:\/\/katosines.com\/?post_type=product&#038;p=5527"},"modified":"2025-10-17T07:57:19","modified_gmt":"2025-10-17T07:57:19","slug":"botin-safari-de-serraje-marron-para-hombre-tallas-35-a-46-modelo-101-segarra","status":"publish","type":"product","link":"https:\/\/katosines.com\/es\/producto\/botin-safari-de-serraje-marron-para-hombre-tallas-35-a-46-modelo-101-segarra\/","title":{"rendered":"Bot\u00edn safari de serraje marr\u00f3n para hombre Tallas 35 a 46 Modelo 101 Segarra"},"content":{"rendered":"<p>Bot\u00edn safari cl\u00e1sico para hombre en serraje marr\u00f3n natural, ideal para un look casual con un toque r\u00fastico. Confeccionado en materiales de calidad, con suela gruesa dentada para mayor tracci\u00f3n y durabilidad. Sistema de cordones reforzado y forro interior c\u00f3modo que proporciona un ajuste perfecto. Un calzado vers\u00e1til para el d\u00eda a d\u00eda, resistente y con estilo.<\/p>","protected":false},"excerpt":{"rendered":"<p>Bot\u00edn safari cl\u00e1sico para hombre en serraje marr\u00f3n natural, ideal para un look casual con un toque r\u00fastico. Confeccionado en materiales de calidad, con suela gruesa dentada para mayor tracci\u00f3n y durabilidad. Sistema de cordones reforzado y forro interior c\u00f3modo que proporciona un ajuste perfecto. Un calzado vers\u00e1til para el d\u00eda a d\u00eda, resistente y con estilo.<\/p>","protected":false},"featured_media":5530,"comment_status":"open","ping_status":"closed","template":"","meta":[],"product_brand":[268],"product_cat":[111,114,127,44],"product_tag":[],"class_list":{"0":"post-5527","1":"product","2":"type-product","3":"status-publish","4":"has-post-thumbnail","6":"product_brand-segarra","7":"product_cat-deportivos-hombre","8":"product_cat-marcas","9":"product_cat-segarra","10":"product_cat-hombre","12":"first","13":"instock","14":"shipping-taxable","15":"purchasable","16":"product-type-variable"},"_links":{"self":[{"href":"https:\/\/katosines.com\/es\/wp-json\/wp\/v2\/product\/5527","targetHints":{"allow":["GET"]}}],"collection":[{"href":"https:\/\/katosines.com\/es\/wp-json\/wp\/v2\/product"}],"about":[{"href":"https:\/\/katosines.com\/es\/wp-json\/wp\/v2\/types\/product"}],"replies":[{"embeddable":true,"href":"https:\/\/katosines.com\/es\/wp-json\/wp\/v2\/comments?post=5527"}],"wp:featuredmedia":[{"embeddable":true,"href":"https:\/\/katosines.com\/es\/wp-json\/wp\/v2\/media\/5530"}],"wp:attachment":[{"href":"https:\/\/katosines.com\/es\/wp-json\/wp\/v2\/media?parent=5527"}],"wp:term":[{"taxonomy":"product_brand","embeddable":true,"href":"https:\/\/katosines.com\/es\/wp-json\/wp\/v2\/product_brand?post=5527"},{"taxonomy":"product_cat","embeddable":true,"href":"https:\/\/katosines.com\/es\/wp-json\/wp\/v2\/product_cat?post=5527"},{"taxonomy":"product_tag","embeddable":true,"href":"https:\/\/katosines.com\/es\/wp-json\/wp\/v2\/product_tag?post=5527"}],"curies":[{"name":"wp","href":"https:\/\/api.w.org\/{rel}","templated":true}]}}