{"id":5535,"date":"2025-08-27T20:57:14","date_gmt":"2025-08-27T20:57:14","guid":{"rendered":"https:\/\/katosines.com\/?post_type=product&#038;p=5535"},"modified":"2025-10-17T07:44:26","modified_gmt":"2025-10-17T07:44:26","slug":"zapatos-colegiales-de-piel-con-velcro-para-nino-modelo-904-tallas-21-a-40-angelitos","status":"publish","type":"product","link":"https:\/\/katosines.com\/es\/producto\/zapatos-colegiales-de-piel-con-velcro-para-nino-modelo-904-tallas-21-a-40-angelitos\/","title":{"rendered":"Zapatos colegiales de piel con velcro para ni\u00f1o Modelo 904 Tallas 21 a 40 Angelitos"},"content":{"rendered":"<p>Zapatos colegiales para ni\u00f1o fabricados en piel de alta calidad. Modelo c\u00f3modo y resistente, ideal para uso diario escolar. Cuenta con doble cierre de velcro para un ajuste f\u00e1cil y seguro. Forro interior suave para mayor confort y suela antideslizante de goma que proporciona estabilidad en cada paso. Fabricado en Espa\u00f1a por Angelitos, marca reconocida por su durabilidad y dise\u00f1o pensado para los m\u00e1s peque\u00f1os.<\/p>\n<p>GUIA DE TALLAS<\/p>\n<p><img fetchpriority=\"high\" decoding=\"async\" class=\"\" src=\"https:\/\/img2.miravia.es\/g\/fb\/kf\/E1627b77abed1492c868ed20b763d936bz.png_2200x2200q75.avif\" alt=\"Zapatos colegiales de piel con velcro para ni\u00f1o Modelo 904 Tallas 21 a 40 Angelitos - details 0\" width=\"638\" height=\"902\" title=\"\"><\/p>","protected":false},"excerpt":{"rendered":"<p>Zapatos colegiales para ni\u00f1o fabricados en piel de alta calidad. Modelo c\u00f3modo y resistente, ideal para uso diario escolar. Cuenta con doble cierre de velcro para un ajuste f\u00e1cil y seguro. Forro interior suave para mayor confort y suela antideslizante de goma que proporciona estabilidad en cada paso. Fabricado en Espa\u00f1a por Angelitos, marca reconocida por su durabilidad y dise\u00f1o pensado para los m\u00e1s peque\u00f1os. GUIA DE TALLAS<\/p>","protected":false},"featured_media":5538,"comment_status":"open","ping_status":"closed","template":"","meta":[],"product_brand":[68],"product_cat":[94,117,114,15],"product_tag":[],"class_list":{"0":"post-5535","1":"product","2":"type-product","3":"status-publish","4":"has-post-thumbnail","6":"product_brand-angelitos","7":"product_cat-colegial-uncategorized","8":"product_cat-angelitos","9":"product_cat-marcas","10":"product_cat-uncategorized","12":"first","13":"instock","14":"shipping-taxable","15":"purchasable","16":"product-type-variable"},"_links":{"self":[{"href":"https:\/\/katosines.com\/es\/wp-json\/wp\/v2\/product\/5535","targetHints":{"allow":["GET"]}}],"collection":[{"href":"https:\/\/katosines.com\/es\/wp-json\/wp\/v2\/product"}],"about":[{"href":"https:\/\/katosines.com\/es\/wp-json\/wp\/v2\/types\/product"}],"replies":[{"embeddable":true,"href":"https:\/\/katosines.com\/es\/wp-json\/wp\/v2\/comments?post=5535"}],"wp:featuredmedia":[{"embeddable":true,"href":"https:\/\/katosines.com\/es\/wp-json\/wp\/v2\/media\/5538"}],"wp:attachment":[{"href":"https:\/\/katosines.com\/es\/wp-json\/wp\/v2\/media?parent=5535"}],"wp:term":[{"taxonomy":"product_brand","embeddable":true,"href":"https:\/\/katosines.com\/es\/wp-json\/wp\/v2\/product_brand?post=5535"},{"taxonomy":"product_cat","embeddable":true,"href":"https:\/\/katosines.com\/es\/wp-json\/wp\/v2\/product_cat?post=5535"},{"taxonomy":"product_tag","embeddable":true,"href":"https:\/\/katosines.com\/es\/wp-json\/wp\/v2\/product_tag?post=5535"}],"curies":[{"name":"wp","href":"https:\/\/api.w.org\/{rel}","templated":true}]}}