{"id":5545,"date":"2025-08-27T21:07:20","date_gmt":"2025-08-27T21:07:20","guid":{"rendered":"https:\/\/katosines.com\/?post_type=product&#038;p=5545"},"modified":"2025-10-17T07:20:26","modified_gmt":"2025-10-17T07:20:26","slug":"sandalias-de-cuna-negras-para-mujer-con-cierre-de-velcro-y-pala-grabada-hecho-en-espana-modelo-e649-tallas-36-a-41-alto-estilo","status":"publish","type":"product","link":"https:\/\/katosines.com\/es\/producto\/sandalias-de-cuna-negras-para-mujer-con-cierre-de-velcro-y-pala-grabada-hecho-en-espana-modelo-e649-tallas-36-a-41-alto-estilo\/","title":{"rendered":"Sandalias de cu\u00f1a negras para mujer con cierre de velcro y pala grabada Hecho en Espa\u00f1a Modelo E649 Tallas 36 a 41 Alto Estilo"},"content":{"rendered":"<p><span data-spm-anchor-id=\"euspain.pdp.description.i2.554f3c3eyDO1UG\">Cuentan con una <\/span>pala delantera grabada con patr\u00f3n geom\u00e9trico que aporta un toque elegante y actual. El cierre de velcro en el tobillo permite un ajuste f\u00e1cil y seguro, garantizando confort en cada paso.<\/p>\n<p data-spm-anchor-id=\"euspain.pdp.description.i1.554f3c3eyDO1UG\">La suela ligera con cu\u00f1a media ofrece estabilidad y comodidad, convirti\u00e9ndolas en un calzado ideal para uso diario o para completar tus looks casuales de verano.<\/p>","protected":false},"excerpt":{"rendered":"<p>Cuentan con una pala delantera grabada con patr\u00f3n geom\u00e9trico que aporta un toque elegante y actual. El cierre de velcro en el tobillo permite un ajuste f\u00e1cil y seguro, garantizando confort en cada paso. La suela ligera con cu\u00f1a media ofrece estabilidad y comodidad, convirti\u00e9ndolas en un calzado ideal para uso diario o para completar tus looks casuales de verano.<\/p>","protected":false},"featured_media":5550,"comment_status":"open","ping_status":"closed","template":"","meta":[],"product_brand":[318],"product_cat":[110,319,114,45],"product_tag":[],"class_list":{"0":"post-5545","1":"product","2":"type-product","3":"status-publish","4":"has-post-thumbnail","6":"product_brand-alto-estilo","7":"product_cat-cunas","8":"product_cat-alto-estilo","9":"product_cat-marcas","10":"product_cat-mujer","12":"first","13":"instock","14":"shipping-taxable","15":"purchasable","16":"product-type-variable"},"_links":{"self":[{"href":"https:\/\/katosines.com\/es\/wp-json\/wp\/v2\/product\/5545","targetHints":{"allow":["GET"]}}],"collection":[{"href":"https:\/\/katosines.com\/es\/wp-json\/wp\/v2\/product"}],"about":[{"href":"https:\/\/katosines.com\/es\/wp-json\/wp\/v2\/types\/product"}],"replies":[{"embeddable":true,"href":"https:\/\/katosines.com\/es\/wp-json\/wp\/v2\/comments?post=5545"}],"wp:featuredmedia":[{"embeddable":true,"href":"https:\/\/katosines.com\/es\/wp-json\/wp\/v2\/media\/5550"}],"wp:attachment":[{"href":"https:\/\/katosines.com\/es\/wp-json\/wp\/v2\/media?parent=5545"}],"wp:term":[{"taxonomy":"product_brand","embeddable":true,"href":"https:\/\/katosines.com\/es\/wp-json\/wp\/v2\/product_brand?post=5545"},{"taxonomy":"product_cat","embeddable":true,"href":"https:\/\/katosines.com\/es\/wp-json\/wp\/v2\/product_cat?post=5545"},{"taxonomy":"product_tag","embeddable":true,"href":"https:\/\/katosines.com\/es\/wp-json\/wp\/v2\/product_tag?post=5545"}],"curies":[{"name":"wp","href":"https:\/\/api.w.org\/{rel}","templated":true}]}}