{"id":5582,"date":"2025-08-28T05:54:48","date_gmt":"2025-08-28T05:54:48","guid":{"rendered":"https:\/\/katosines.com\/?post_type=product&#038;p=5582"},"modified":"2025-10-16T19:02:23","modified_gmt":"2025-10-16T19:02:23","slug":"zapatos-colegiales-para-nina-con-velcro-tallas-25-a-30-modelo-c1575-bubble","status":"publish","type":"product","link":"https:\/\/katosines.com\/es\/producto\/zapatos-colegiales-para-nina-con-velcro-tallas-25-a-30-modelo-c1575-bubble\/","title":{"rendered":"Zapatos colegiales para ni\u00f1a con velcro Tallas 25 a 30 Modelo C1575 Bubble"},"content":{"rendered":"<p><span data-spm-anchor-id=\"euspain.pdp.description.i2.42606993ERth2r\">Estos <\/span>zapatos colegiales tipo merceditas para ni\u00f1a, combinan dise\u00f1o cl\u00e1sico con la m\u00e1xima comodidad para el d\u00eda a d\u00eda escolar.<\/p>\n<p>Su cierre con velcro ajustable facilita el calce, aportando independencia a las ni\u00f1as y mejor sujeci\u00f3n durante las actividades escolares. La puntera reforzada les da mayor durabilidad, mientras que la suela antideslizante y ligera ofrece seguridad en cada paso.<\/p>\n<p><span data-spm-anchor-id=\"euspain.pdp.description.i1.42606993ERth2r\">Se adaptan perfectamente al uniforme escolar, convirti\u00e9ndose en un b\u00e1sico indispensable para el d\u00eda a d\u00eda.<\/span><\/p>\n<p>\u2714 Cierre con velcro para mayor comodidad<\/p>\n<p>\u2714 Suela antideslizante y ligera<\/p>\n<p>\u2714 Especialmente dise\u00f1ados para uso escolar<\/p>","protected":false},"excerpt":{"rendered":"<p>Estos zapatos colegiales tipo merceditas para ni\u00f1a, combinan dise\u00f1o cl\u00e1sico con la m\u00e1xima comodidad para el d\u00eda a d\u00eda escolar. Su cierre con velcro ajustable facilita el calce, aportando independencia a las ni\u00f1as y mejor sujeci\u00f3n durante las actividades escolares. La puntera reforzada les da mayor durabilidad, mientras que la suela antideslizante y ligera ofrece seguridad en cada paso. Se adaptan perfectamente al uniforme escolar, convirti\u00e9ndose en un b\u00e1sico indispensable para el d\u00eda a d\u00eda. \u2714 Cierre con velcro para mayor comodidad \u2714 Suela antideslizante y ligera \u2714 Especialmente dise\u00f1ados para uso escolar<\/p>","protected":false},"featured_media":5586,"comment_status":"open","ping_status":"closed","template":"","meta":[],"product_brand":[69],"product_cat":[103,118,114,88],"product_tag":[],"class_list":{"0":"post-5582","1":"product","2":"type-product","3":"status-publish","4":"has-post-thumbnail","6":"product_brand-bubble","7":"product_cat-colegial-nina","8":"product_cat-bubble","9":"product_cat-marcas","10":"product_cat-nina","12":"first","13":"instock","14":"shipping-taxable","15":"purchasable","16":"product-type-variable"},"_links":{"self":[{"href":"https:\/\/katosines.com\/es\/wp-json\/wp\/v2\/product\/5582","targetHints":{"allow":["GET"]}}],"collection":[{"href":"https:\/\/katosines.com\/es\/wp-json\/wp\/v2\/product"}],"about":[{"href":"https:\/\/katosines.com\/es\/wp-json\/wp\/v2\/types\/product"}],"replies":[{"embeddable":true,"href":"https:\/\/katosines.com\/es\/wp-json\/wp\/v2\/comments?post=5582"}],"wp:featuredmedia":[{"embeddable":true,"href":"https:\/\/katosines.com\/es\/wp-json\/wp\/v2\/media\/5586"}],"wp:attachment":[{"href":"https:\/\/katosines.com\/es\/wp-json\/wp\/v2\/media?parent=5582"}],"wp:term":[{"taxonomy":"product_brand","embeddable":true,"href":"https:\/\/katosines.com\/es\/wp-json\/wp\/v2\/product_brand?post=5582"},{"taxonomy":"product_cat","embeddable":true,"href":"https:\/\/katosines.com\/es\/wp-json\/wp\/v2\/product_cat?post=5582"},{"taxonomy":"product_tag","embeddable":true,"href":"https:\/\/katosines.com\/es\/wp-json\/wp\/v2\/product_tag?post=5582"}],"curies":[{"name":"wp","href":"https:\/\/api.w.org\/{rel}","templated":true}]}}